{"id":98,"date":"2016-12-18T13:35:02","date_gmt":"2016-12-18T13:35:02","guid":{"rendered":"http:\/\/dev.sjavarutvegur.is\/?page_id=98"},"modified":"2019-06-14T11:13:30","modified_gmt":"2019-06-14T11:13:30","slug":"pufa2","status":"publish","type":"page","link":"https:\/\/sjavarutvegur.is\/?page_id=98","title":{"rendered":"Fr\u00e9ttir"},"content":{"rendered":"<p>[et_pb_section fb_built=&#8221;1&#8243; custom_padding_last_edited=&#8221;on|desktop&#8221; admin_label=&#8221;Section&#8221; _builder_version=&#8221;3.22.3&#8243; background_color=&#8221;rgba(4,0,255,0.02)&#8221; custom_padding=&#8221;||0px|&#8221; custom_padding_tablet=&#8221;50px|0|50px|0&#8243; transparent_background=&#8221;off&#8221; padding_mobile=&#8221;off&#8221;][et_pb_row custom_padding=&#8221;1px|0px|0px|0px&#8221; padding_mobile=&#8221;off&#8221; column_padding_mobile=&#8221;on&#8221; admin_label=&#8221;Row&#8221; _builder_version=&#8221;3.22.3&#8243; background_size=&#8221;initial&#8221; background_position=&#8221;top_left&#8221; background_repeat=&#8221;repeat&#8221;][et_pb_column type=&#8221;4_4&#8243; _builder_version=&#8221;3.0.47&#8243;][et_pb_text admin_label=&#8221;Text&#8221; _builder_version=&#8221;3.0.87&#8243; background_size=&#8221;initial&#8221; background_position=&#8221;top_left&#8221; background_repeat=&#8221;repeat&#8221; custom_margin=&#8221;-40px||-150px|&#8221; use_border_color=&#8221;off&#8221; border_style=&#8221;solid&#8221;]<\/p>\n<h3><span style=\"color: #0000ff;\"><strong>Sj\u00e1var\u00fatvegsfr\u00e9ttir<\/strong><\/span><\/h3>\n<hr \/>\n<p>[\/et_pb_text][\/et_pb_column][\/et_pb_row][\/et_pb_section][et_pb_section fb_built=&#8221;1&#8243; use_custom_gutter=&#8221;on&#8221; gutter_width=&#8221;10&#8243; specialty=&#8221;on&#8221; custom_padding_last_edited=&#8221;on|desktop&#8221; admin_label=&#8221;Section&#8221; _builder_version=&#8221;3.22.3&#8243; background_color=&#8221;rgba(4,0,255,0.02)&#8221; inner_width=&#8221;98&#8243; inner_max_width=&#8221;98&#8243; custom_padding=&#8221;4px|0px|70px|0px&#8221; custom_padding_tablet=&#8221;50px|0|50px|0&#8243; custom_padding_phone=&#8221;4px|0px|0px|0px&#8221; transparent_background=&#8221;off&#8221; padding_mobile=&#8221;off&#8221; use_custom_width=&#8221;on&#8221; width_unit=&#8221;off&#8221; custom_width_percent=&#8221;98&#8243;][et_pb_column type=&#8221;3_4&#8243; specialty_columns=&#8221;3&#8243; _builder_version=&#8221;3.0.47&#8243; parallax__hover=&#8221;off&#8221; parallax_method__hover=&#8221;on&#8221;][et_pb_row_inner custom_padding=&#8221;22px|0px|27px|0px&#8221; custom_padding_phone=&#8221;0px|0px|0px|0px&#8221; padding_mobile=&#8221;on&#8221; use_custom_gutter=&#8221;on&#8221; column_padding_mobile=&#8221;off&#8221; admin_label=&#8221;Row&#8221; _builder_version=&#8221;3.0.47&#8243;][et_pb_column_inner type=&#8221;4_4&#8243; saved_specialty_column_type=&#8221;3_4&#8243; _builder_version=&#8221;3.0.47&#8243; column_padding_mobile__hover=&#8221;off&#8221; parallax__hover=&#8221;off&#8221; parallax_method__hover=&#8221;on&#8221;][et_pb_text admin_label=&#8221;Text&#8221; _builder_version=&#8221;3.0.87&#8243; background_size=&#8221;initial&#8221; background_position=&#8221;top_left&#8221; background_repeat=&#8221;repeat&#8221; custom_margin=&#8221;|||&#8221; use_border_color=&#8221;off&#8221; border_style=&#8221;solid&#8221;]<\/p>\n<h4><span style=\"color: #0000ff;\"><strong>Fr\u00e9ttatenglar<\/strong><\/span><\/h4>\n<hr \/>\n<p>[\/et_pb_text][\/et_pb_column_inner][\/et_pb_row_inner][et_pb_row_inner custom_padding=&#8221;0px|0px|26px|0px&#8221; padding_mobile=&#8221;on&#8221; column_padding_mobile=&#8221;on&#8221; admin_label=&#8221;Row&#8221; _builder_version=&#8221;3.0.47&#8243;][et_pb_column_inner type=&#8221;1_3&#8243; saved_specialty_column_type=&#8221;3_4&#8243; _builder_version=&#8221;3.0.47&#8243; column_padding_mobile__hover=&#8221;on&#8221; parallax__hover=&#8221;off&#8221; parallax_method__hover=&#8221;on&#8221;][et_pb_testimonial quote_icon_color=&#8221;#1000fc&#8221; admin_label=&#8221;Testimonial&#8221; _builder_version=&#8221;3.2&#8243; body_font_size=&#8221;16&#8243; background_color=&#8221;#ffffff&#8221; background_size=&#8221;initial&#8221; background_position=&#8221;top_left&#8221; background_repeat=&#8221;repeat&#8221; border_width_all=&#8221;1px&#8221; border_color_all=&#8221;#0c00f9&#8243; border_style_all=&#8221;solid&#8221; custom_margin=&#8221;|||&#8221; use_border_color=&#8221;on&#8221; border_color=&#8221;#0c00f9&#8243; border_style=&#8221;solid&#8221;]<\/p>\n<h4 style=\"text-align: center;\"><span style=\"color: #000000;\"><strong>Erlendar sj\u00e1var\u00fatvegsfr\u00e9ttir<\/strong><\/span><\/h4>\n<ul>\n<li><span style=\"color: #2ea3f2;\"><a style=\"color: #2ea3f2;\" href=\"http:\/\/ilaks.no\/\">ilaks.no<\/a><\/span><\/li>\n<li><span style=\"color: #2ea3f2;\"><a style=\"color: #2ea3f2;\" href=\"http:\/\/kyst.no\/\">kyst.no<\/a><\/span><\/li>\n<li><span style=\"color: #2ea3f2;\"><span style=\"color: #0000ff;\"><a style=\"color: #2ea3f2;\" href=\"http:\/\/www.fishfarmingexpert.com\/\" target=\"_blank\" rel=\"noopener noreferrer\">Fishfarmingexpert<\/a><\/span><\/span><\/li>\n<li><span style=\"color: #2ea3f2;\"><span style=\"color: #0000ff;\"><a style=\"color: #2ea3f2;\" href=\"http:\/\/www.fis.com\/\" target=\"_blank\" rel=\"noopener noreferrer\">Fis.com<\/a><\/span><\/span><\/li>\n<li><span style=\"color: #2ea3f2;\"><span style=\"color: #0000ff;\"><a style=\"color: #2ea3f2;\" href=\"http:\/\/www.seafoodsource.com\/\" target=\"_blank\" rel=\"noopener noreferrer\">Seafoodsource<\/a><\/span><\/span><\/li>\n<li><span style=\"color: #2ea3f2;\"><a style=\"color: #2ea3f2; font-family: arial, sans-serif;\" href=\"http:\/\/www.undercurrentnews.com\/\">Undercurrentnews<\/a><\/span><\/li>\n<li><span style=\"color: #2ea3f2;\"><a style=\"color: #2ea3f2;\" href=\"www.intrafish.com\/\">intrafish.com<\/a><\/span><\/li>\n<li><a href=\"http:\/\/fiskeribladetfiskaren.no\/\"><span style=\"color: #2ea3f2;\">Fiskeribladet Fiskaren<\/span><\/a><\/li>\n<\/ul>\n<p>[\/et_pb_testimonial][\/et_pb_column_inner][et_pb_column_inner type=&#8221;1_3&#8243; saved_specialty_column_type=&#8221;3_4&#8243; _builder_version=&#8221;3.0.47&#8243; column_padding_mobile__hover=&#8221;on&#8221; parallax__hover=&#8221;off&#8221; parallax_method__hover=&#8221;on&#8221;][et_pb_testimonial quote_icon_color=&#8221;#1000f9&#8243; admin_label=&#8221;Testimonial&#8221; _builder_version=&#8221;3.2&#8243; body_font_size=&#8221;16&#8243; background_color=&#8221;#ffffff&#8221; background_size=&#8221;initial&#8221; background_position=&#8221;top_left&#8221; background_repeat=&#8221;repeat&#8221; border_width_all=&#8221;1px&#8221; border_color_all=&#8221;#1000f9&#8243; border_style_all=&#8221;solid&#8221; use_border_color=&#8221;on&#8221; border_color=&#8221;#1000f9&#8243; border_style=&#8221;solid&#8221;]<\/p>\n<h3 style=\"text-align: center;\"><span style=\"color: #000000; font-size: medium;\"><strong>Sj\u00e1var\u00fatvegsfr\u00e9ttir<\/strong><\/span><\/h3>\n<ul>\n<li><a href=\"http:\/\/kvotinn.is\/\">Kvotinn.is<\/a><\/li>\n<li><a href=\"http:\/\/www.fiskifrettir.is\/\">Fiskifr\u00e9ttir<\/a><\/li>\n<li><a href=\"http:\/\/www.mbl.is\/200milur\/\">200m\u00edlur<\/a><\/li>\n<li><a href=\"http:\/\/www.aflafrettir.is\/\">Aflafr\u00e9ttir<\/a><\/li>\n<li><a href=\"http:\/\/www.sfs.is\/\">Samt\u00f6k fyrirt\u00e6kja \u00ed sj\u00e1var\u00fatvegi<\/a><\/li>\n<li><a href=\"http:\/\/www.smabatar.is\/\">Landssamband sm\u00e1b\u00e1taeigenda<\/a><\/li>\n<li><a href=\"http:\/\/icefishnews.com\/\">ICE FISH News<\/a><\/li>\n<\/ul>\n<p>[\/et_pb_testimonial][\/et_pb_column_inner][et_pb_column_inner type=&#8221;1_3&#8243; saved_specialty_column_type=&#8221;3_4&#8243; _builder_version=&#8221;3.0.47&#8243; column_padding_mobile__hover=&#8221;on&#8221; parallax__hover=&#8221;off&#8221; parallax_method__hover=&#8221;on&#8221;][et_pb_testimonial quote_icon_color=&#8221;#1000f9&#8243; admin_label=&#8221;Testimonial&#8221; _builder_version=&#8221;3.2&#8243; body_font_size=&#8221;16&#8243; background_color=&#8221;#ffffff&#8221; background_size=&#8221;initial&#8221; background_position=&#8221;top_left&#8221; background_repeat=&#8221;repeat&#8221; border_width_all=&#8221;1px&#8221; border_color_all=&#8221;#1000f9&#8243; border_style_all=&#8221;solid&#8221; use_border_color=&#8221;on&#8221; border_color=&#8221;#1000f9&#8243; border_style=&#8221;solid&#8221;]<\/p>\n<h3 style=\"text-align: center;\"><span style=\"color: #000000; font-size: medium;\"><strong>Fr\u00e9ttaveitur<\/strong><\/span><\/h3>\n<ul>\n<li><a href=\"http:\/\/www.vb.is\/\">Vi\u00f0skiptabla\u00f0i\u00f0<\/a><\/li>\n<li><a href=\"http:\/\/www.mbl.is\">Mbl.is<\/a><\/li>\n<li><a href=\"http:\/\/bb.is\/\">bb.is<\/a><\/li>\n<li><a href=\"http:\/\/www.ruv.is\">R\u00edkis\u00fatvarp<\/a><\/li>\n<li><a href=\"http:\/\/www.visir.is\/forsida\">Visir<\/a><\/li>\n<li><a href=\"http:\/\/www.dv.is\/\">DV<\/a><\/li>\n<\/ul>\n<p>[\/et_pb_testimonial][\/et_pb_column_inner][\/et_pb_row_inner][et_pb_row_inner custom_padding=&#8221;37px|0px|30px|0px&#8221; custom_padding_phone=&#8221;0px|0px|0px|0px&#8221; padding_mobile=&#8221;off&#8221; column_padding_mobile=&#8221;off&#8221; admin_label=&#8221;Row&#8221; _builder_version=&#8221;3.0.47&#8243;][et_pb_column_inner type=&#8221;4_4&#8243; saved_specialty_column_type=&#8221;3_4&#8243; _builder_version=&#8221;3.0.47&#8243; column_padding_mobile__hover=&#8221;off&#8221; parallax__hover=&#8221;off&#8221; parallax_method__hover=&#8221;on&#8221;][et_pb_text admin_label=&#8221;Text&#8221; _builder_version=&#8221;3.0.87&#8243; background_size=&#8221;initial&#8221; background_position=&#8221;top_left&#8221; background_repeat=&#8221;repeat&#8221; custom_margin=&#8221;NaNpx|||&#8221; use_border_color=&#8221;off&#8221; border_style=&#8221;solid&#8221;]<\/p>\n<h4><span style=\"color: #0000ff;\"><strong>Fr\u00e9ttir \u00e1 sjavarutvegur.is<\/strong><\/span><\/h4>\n<hr \/>\n<p>[\/et_pb_text][et_pb_blog fullwidth=&#8221;off&#8221; posts_number=&#8221;4&#8243; show_author=&#8221;off&#8221; show_categories=&#8221;off&#8221; admin_label=&#8221;Blog&#8221; _builder_version=&#8221;3.0.94&#8243; header_text_color=&#8221;#0010fc&#8221; body_text_color=&#8221;#000000&#8243; body_font_size=&#8221;16&#8243; use_border_color=&#8221;off&#8221; border_color=&#8221;#ffffff&#8221; border_width=&#8221;1px&#8221; border_style=&#8221;solid&#8221; use_dropshadow=&#8221;off&#8221;] [\/et_pb_blog][\/et_pb_column_inner][\/et_pb_row_inner][\/et_pb_column][et_pb_column type=&#8221;1_4&#8243; _builder_version=&#8221;3.0.47&#8243; parallax__hover=&#8221;off&#8221; parallax_method__hover=&#8221;on&#8221;][et_pb_text admin_label=&#8221;Text&#8221; _builder_version=&#8221;3.0.87&#8243; background_size=&#8221;initial&#8221; background_position=&#8221;top_left&#8221; background_repeat=&#8221;repeat&#8221; custom_margin=&#8221;-12px|||&#8221; custom_padding=&#8221;|||&#8221; use_border_color=&#8221;off&#8221; border_style=&#8221;solid&#8221;]<\/p>\n<h4><span style=\"color: #0000ff;\"><strong>Sj\u00e1var\u00fatvegsfr\u00e9ttaveitur<\/strong><\/span><\/h4>\n<hr \/>\n<p>\u00a0<\/p>\n<p>[\/et_pb_text][et_pb_sidebar area=&#8221;et_pb_widget_area_7&#8243; show_border=&#8221;off&#8221; admin_label=&#8221;Sidebar&#8221; _builder_version=&#8221;3.0.74&#8243; header_font=&#8221;|on|||&#8221; header_text_color=&#8221;#0400fc&#8221; header_font_size=&#8221;21px&#8221; body_font=&#8221;||||&#8221; remove_border=&#8221;on&#8221;] [\/et_pb_sidebar][\/et_pb_column][\/et_pb_section]<\/p>\n","protected":false},"excerpt":{"rendered":"<p>Sj\u00e1var\u00fatvegsfr\u00e9ttir Fr\u00e9ttatenglar Erlendar sj\u00e1var\u00fatvegsfr\u00e9ttir ilaks.no kyst.no Fishfarmingexpert Fis.com Seafoodsource Undercurrentnews intrafish.com Fiskeribladet Fiskaren Sj\u00e1var\u00fatvegsfr\u00e9ttir Kvotinn.is Fiskifr\u00e9ttir 200m\u00edlur Aflafr\u00e9ttir Samt\u00f6k fyrirt\u00e6kja \u00ed sj\u00e1var\u00fatvegi Landssamband sm\u00e1b\u00e1taeigenda ICE FISH News Fr\u00e9ttaveitur Vi\u00f0skiptabla\u00f0i\u00f0 Mbl.is bb.is R\u00edkis\u00fatvarp Visir DV Fr\u00e9ttir \u00e1 sjavarutvegur.is Sj\u00e1var\u00fatvegsfr\u00e9ttaveitur \u00a0<\/p>\n","protected":false},"author":2,"featured_media":0,"parent":0,"menu_order":2,"comment_status":"closed","ping_status":"closed","template":"","meta":{"_et_pb_use_builder":"on","_et_pb_old_content":"","_et_gb_content_width":"","footnotes":""},"class_list":["post-98","page","type-page","status-publish","hentry"],"_links":{"self":[{"href":"https:\/\/sjavarutvegur.is\/index.php?rest_route=\/wp\/v2\/pages\/98","targetHints":{"allow":["GET"]}}],"collection":[{"href":"https:\/\/sjavarutvegur.is\/index.php?rest_route=\/wp\/v2\/pages"}],"about":[{"href":"https:\/\/sjavarutvegur.is\/index.php?rest_route=\/wp\/v2\/types\/page"}],"author":[{"embeddable":true,"href":"https:\/\/sjavarutvegur.is\/index.php?rest_route=\/wp\/v2\/users\/2"}],"replies":[{"embeddable":true,"href":"https:\/\/sjavarutvegur.is\/index.php?rest_route=%2Fwp%2Fv2%2Fcomments&post=98"}],"version-history":[{"count":115,"href":"https:\/\/sjavarutvegur.is\/index.php?rest_route=\/wp\/v2\/pages\/98\/revisions"}],"predecessor-version":[{"id":2050,"href":"https:\/\/sjavarutvegur.is\/index.php?rest_route=\/wp\/v2\/pages\/98\/revisions\/2050"}],"wp:attachment":[{"href":"https:\/\/sjavarutvegur.is\/index.php?rest_route=%2Fwp%2Fv2%2Fmedia&parent=98"}],"curies":[{"name":"wp","href":"https:\/\/api.w.org\/{rel}","templated":true}]}}