{"id":719,"date":"2016-12-28T11:50:58","date_gmt":"2016-12-28T11:50:58","guid":{"rendered":"https:\/\/sjavarutvegur.is\/?page_id=719"},"modified":"2018-01-26T09:51:11","modified_gmt":"2018-01-26T09:51:11","slug":"markadssetning","status":"publish","type":"page","link":"https:\/\/sjavarutvegur.is\/?page_id=719","title":{"rendered":"Marka\u00f0ssetning"},"content":{"rendered":"<p>[et_pb_section fb_built=&#8221;1&#8243; background_color=&#8221;rgba(4,0,255,0.02)&#8221; specialty=&#8221;on&#8221; admin_label=&#8221;Section&#8221; custom_padding_last_edited=&#8221;on|desktop&#8221; _builder_version=&#8221;3.0.47&#8243; custom_padding_tablet=&#8221;50px|0|50px|0&#8243; transparent_background=&#8221;off&#8221; padding_mobile=&#8221;off&#8221;][et_pb_column type=&#8221;3_4&#8243; specialty_columns=&#8221;3&#8243; _builder_version=&#8221;3.0.47&#8243; parallax=&#8221;off&#8221; parallax_method=&#8221;on&#8221;][et_pb_row_inner custom_padding=&#8221;|||&#8221; padding_mobile=&#8221;off&#8221; make_equal=&#8221;on&#8221; column_padding_mobile=&#8221;off&#8221; padding_right_1=&#8221; &#8221; padding_bottom_1=&#8221; &#8221; padding_left_1=&#8221; &#8221; admin_label=&#8221;Row&#8221; _builder_version=&#8221;3.0.47&#8243; custom_margin=&#8221;-60px||-30px|&#8221;][et_pb_column_inner type=&#8221;4_4&#8243; saved_specialty_column_type=&#8221;3_4&#8243; _builder_version=&#8221;3.0.47&#8243; box_shadow_position=&#8221;outer&#8221; column_padding_mobile=&#8221;off&#8221; padding_bottom=&#8221; &#8221; padding_left=&#8221; &#8221; padding_right=&#8221; &#8221; parallax=&#8221;off&#8221; parallax_method=&#8221;on&#8221;][et_pb_text admin_label=&#8221;Marka\u00f0ssetning&#8221; _builder_version=&#8221;3.0.47&#8243; background_size=&#8221;initial&#8221; background_position=&#8221;top_left&#8221; background_repeat=&#8221;repeat&#8221; use_border_color=&#8221;off&#8221; border_style=&#8221;solid&#8221;]<\/p>\n<h3><span style=\"color: #0000ff;\"><strong>Marka\u00f0ssetning<\/strong><\/span><\/h3>\n<hr \/>\n<p>[\/et_pb_text][\/et_pb_column_inner][\/et_pb_row_inner][et_pb_row_inner padding_mobile=&#8221;off&#8221; column_padding_mobile=&#8221;off&#8221; admin_label=&#8221;Row&#8221; _builder_version=&#8221;3.0.47&#8243;][et_pb_column_inner type=&#8221;1_2&#8243; saved_specialty_column_type=&#8221;3_4&#8243; _builder_version=&#8221;3.0.47&#8243; box_shadow_position=&#8221;outer&#8221; column_padding_mobile=&#8221;off&#8221; parallax=&#8221;off&#8221; parallax_method=&#8221;on&#8221;][et_pb_image src=&#8221;https:\/\/sjavarutvegur.is\/wp-content\/uploads\/2016\/12\/irf-logo-png.png&#8221; url=&#8221;http:\/\/www.responsiblefisheries.is\/islenska&#8221; show_bottom_space=&#8221;off&#8221; admin_label=&#8221;Responsiblefisheries.is&#8221; _builder_version=&#8221;3.0.47&#8243; custom_margin=&#8221;|20px||20px&#8221; animation_style=&#8221;slide&#8221; animation_direction=&#8221;left&#8221; animation_duration=&#8221;500ms&#8221; animation_intensity_slide=&#8221;10%&#8221; use_border_color=&#8221;off&#8221; border_color=&#8221;#ffffff&#8221; border_width=&#8221;1px&#8221; border_style=&#8221;solid&#8221; sticky=&#8221;on&#8221; saved_tabs=&#8221;all&#8221;] [\/et_pb_image][et_pb_text admin_label=&#8221;IRF &#8211; texti&#8221; _builder_version=&#8221;3.0.47&#8243; background_size=&#8221;initial&#8221; background_position=&#8221;top_left&#8221; background_repeat=&#8221;repeat&#8221; use_border_color=&#8221;off&#8221; border_style=&#8221;solid&#8221; saved_tabs=&#8221;all&#8221;]<\/p>\n<h4><\/h4>\n<div class=\"pgwrap twocol varslan\">\n<div class=\"pgwrap2\">\n<div class=\"pgwrap3\">\n<div class=\"pgmain\">\n<div class=\"wrap\">\n<div class=\"article box\">\n<div class=\"boxbody\">\n<p><a href=\"http:\/\/www.responsiblefisheries.is\/islenska\/upprunamerki\/\">Upprunamerki fyrir \u00edslenskt sj\u00e1varfang.<\/a> Tilgangur merkisins er a\u00f0 tryggja kaupendum og neytendum uppl\u00fdsingar um a\u00f0 \u00edslenskar sj\u00e1varafur\u00f0ir eigi uppruna sinn \u00ed \u00e1byrgum fiskvei\u00f0um \u00cdslendinga. Merki\u00f0 m\u00e1 nota \u00e1 \u00edslenskar sj\u00e1varafur\u00f0ir sem unnar eru \u00far afla \u00ed \u00edslenskri l\u00f6gs\u00f6gu, \u00far stofnum sem ekki teljast deilistofnar, hvort sem er innan aflamarkskerfis e\u00f0a utan aflamarks. \u00dea\u00f0 m\u00e1 nota \u00e1 afla \u00edslenskra fiskiskipa \u00far deilistofnum sem eru a\u00f0 hluta til innan \u00edslenskrar l\u00f6gs\u00f6gu og l\u00fata vi\u00f0urkenndri heildarstj\u00f3rnun. Merki\u00f0 fylgir \u00feannig afur\u00f0unum \u00e1 marka\u00f0 um allan heim og bera kaupendur sj\u00e1varafur\u00f0a \u00e1byrg\u00f0 \u00e1 \u00fev\u00ed a\u00f0 eftir reglum s\u00e9 fari\u00f0 me\u00f0 traustu rekjanleikakerfi.<\/p>\n<hr \/>\n<\/div>\n<\/div>\n<\/div>\n<\/div>\n<\/div>\n<\/div>\n<\/div>\n<p>[\/et_pb_text][\/et_pb_column_inner][et_pb_column_inner type=&#8221;1_2&#8243; saved_specialty_column_type=&#8221;3_4&#8243; _builder_version=&#8221;3.0.47&#8243; box_shadow_position=&#8221;outer&#8221; column_padding_mobile=&#8221;off&#8221; parallax=&#8221;off&#8221; parallax_method=&#8221;on&#8221;][et_pb_image src=&#8221;https:\/\/sjavarutvegur.is\/wp-content\/uploads\/2016\/12\/islandsstofa-png.png&#8221; url=&#8221;http:\/\/www.islandsstofa.is\/&#8221; show_bottom_space=&#8221;off&#8221; admin_label=&#8221;Islandsstofa&#8221; _builder_version=&#8221;3.0.47&#8243; custom_margin=&#8221;|70px||70px&#8221; custom_margin_last_edited=&#8221;on|desktop&#8221; animation_style=&#8221;slide&#8221; animation_direction=&#8221;left&#8221; animation_duration=&#8221;500ms&#8221; animation_intensity_slide=&#8221;10%&#8221; use_border_color=&#8221;off&#8221; border_color=&#8221;#ffffff&#8221; border_width=&#8221;1px&#8221; border_style=&#8221;solid&#8221; sticky=&#8221;on&#8221;] [\/et_pb_image][et_pb_text admin_label=&#8221;\u00cdslandsstofa&#8221; _builder_version=&#8221;3.0.47&#8243; background_size=&#8221;initial&#8221; background_position=&#8221;top_left&#8221; background_repeat=&#8221;repeat&#8221; use_border_color=&#8221;off&#8221; border_style=&#8221;solid&#8221;]<\/p>\n<h4><\/h4>\n<p><a href=\"http:\/\/www.islandsstofa.is\/\">\u00cdslandsstofa<\/a> s\u00e9r um kynningarstarf \u00e1 m\u00f6rku\u00f0um fyrir \u00edslenskar sj\u00e1varafur\u00f0ir undir merkjum <a href=\"http:\/\/www.responsiblefisheries.is\/islenska\">Iceland Responsible Fisheries<\/a>. Fagr\u00e1\u00f0 sj\u00e1var\u00fatvegs hj\u00e1 \u00cdslandsstofu starfar sem bakhjarl verkefnisins \u00ed m\u00f3tun \u00e1herslna \u00ed marka\u00f0sstarfi. \u00cd \u00fev\u00ed eru t\u00edu a\u00f0ilar \u00far \u00fatger\u00f0, vinnslu og marka\u00f0sfyrirt\u00e6kjum \u00ed sj\u00e1var\u00fatvegi, auk fulltr\u00faa \u00far sj\u00e1var\u00fatvegs- og landb\u00fana\u00f0arr\u00e1\u00f0uneytinu. Markmi\u00f0i\u00f0 er a\u00f0 skapa ver\u00f0m\u00e6ta \u00edmynd me\u00f0 \u00fev\u00ed a\u00f0 tengja saman \u00edslenskan uppruna afur\u00f0anna og \u00e1byrgar fiskvei\u00f0ar.<\/p>\n<hr \/>\n<p>[\/et_pb_text][\/et_pb_column_inner][\/et_pb_row_inner][\/et_pb_column][et_pb_column type=&#8221;1_4&#8243; _builder_version=&#8221;3.0.47&#8243; parallax=&#8221;off&#8221; parallax_method=&#8221;on&#8221;][et_pb_testimonial background_color=&#8221;#ffffff&#8221; background_layout=&#8221;light&#8221; quote_icon_color=&#8221;#0004f9&#8243; admin_label=&#8221;vefir&#8221; _builder_version=&#8221;3.0.98&#8243; background_size=&#8221;initial&#8221; background_position=&#8221;top_left&#8221; background_repeat=&#8221;repeat&#8221; border_width_all=&#8221;1px&#8221; border_color_all=&#8221;#0014f7&#8243; border_style_all=&#8221;solid&#8221; use_border_color=&#8221;on&#8221; border_color=&#8221;#0014f7&#8243; border_style=&#8221;solid&#8221;]<\/p>\n<h4><strong>Vefir<\/strong><\/h4>\n<ul>\n<li><a href=\"http:\/\/www.islandsstofa.is\/\">\u00cdslandsstofa<\/a><\/li>\n<li><a href=\"http:\/\/www.responsiblefisheries.is\/islenska\/upprunamerki\/\">Iceland responsible fisheries<\/a><\/li>\n<\/ul>\n<p>[\/et_pb_testimonial][\/et_pb_column][\/et_pb_section]<\/p>\n","protected":false},"excerpt":{"rendered":"<p>Marka\u00f0ssetning Upprunamerki fyrir \u00edslenskt sj\u00e1varfang. Tilgangur merkisins er a\u00f0 tryggja kaupendum og neytendum uppl\u00fdsingar um a\u00f0 \u00edslenskar sj\u00e1varafur\u00f0ir eigi uppruna sinn \u00ed \u00e1byrgum fiskvei\u00f0um \u00cdslendinga. Merki\u00f0 m\u00e1 nota \u00e1 \u00edslenskar sj\u00e1varafur\u00f0ir sem unnar eru \u00far afla \u00ed \u00edslenskri l\u00f6gs\u00f6gu, \u00far stofnum sem ekki teljast deilistofnar, hvort sem er innan aflamarkskerfis e\u00f0a utan aflamarks. \u00dea\u00f0 m\u00e1 [&hellip;]<\/p>\n","protected":false},"author":2,"featured_media":0,"parent":315,"menu_order":0,"comment_status":"closed","ping_status":"closed","template":"","meta":{"_et_pb_use_builder":"on","_et_pb_old_content":"","_et_gb_content_width":"","footnotes":""},"class_list":["post-719","page","type-page","status-publish","hentry"],"_links":{"self":[{"href":"https:\/\/sjavarutvegur.is\/index.php?rest_route=\/wp\/v2\/pages\/719","targetHints":{"allow":["GET"]}}],"collection":[{"href":"https:\/\/sjavarutvegur.is\/index.php?rest_route=\/wp\/v2\/pages"}],"about":[{"href":"https:\/\/sjavarutvegur.is\/index.php?rest_route=\/wp\/v2\/types\/page"}],"author":[{"embeddable":true,"href":"https:\/\/sjavarutvegur.is\/index.php?rest_route=\/wp\/v2\/users\/2"}],"replies":[{"embeddable":true,"href":"https:\/\/sjavarutvegur.is\/index.php?rest_route=%2Fwp%2Fv2%2Fcomments&post=719"}],"version-history":[{"count":12,"href":"https:\/\/sjavarutvegur.is\/index.php?rest_route=\/wp\/v2\/pages\/719\/revisions"}],"predecessor-version":[{"id":1871,"href":"https:\/\/sjavarutvegur.is\/index.php?rest_route=\/wp\/v2\/pages\/719\/revisions\/1871"}],"up":[{"embeddable":true,"href":"https:\/\/sjavarutvegur.is\/index.php?rest_route=\/wp\/v2\/pages\/315"}],"wp:attachment":[{"href":"https:\/\/sjavarutvegur.is\/index.php?rest_route=%2Fwp%2Fv2%2Fmedia&parent=719"}],"curies":[{"name":"wp","href":"https:\/\/api.w.org\/{rel}","templated":true}]}}