{"id":706,"date":"2016-12-28T11:32:57","date_gmt":"2016-12-28T11:32:57","guid":{"rendered":"https:\/\/sjavarutvegur.is\/?page_id=706"},"modified":"2021-01-03T13:22:02","modified_gmt":"2021-01-03T13:22:02","slug":"utflutningur","status":"publish","type":"page","link":"https:\/\/sjavarutvegur.is\/?page_id=706","title":{"rendered":"\u00datflutningur"},"content":{"rendered":"<p>[et_pb_section fb_built=&#8221;1&#8243; specialty=&#8221;on&#8221; custom_padding_last_edited=&#8221;on|desktop&#8221; admin_label=&#8221;Section&#8221; _builder_version=&#8221;3.22&#8243; background_color=&#8221;rgba(4,0,255,0.02)&#8221; custom_padding_tablet=&#8221;50px|0|50px|0&#8243; custom_padding_phone=&#8221;&#8221; transparent_background=&#8221;off&#8221; padding_mobile=&#8221;off&#8221;][et_pb_column type=&#8221;3_4&#8243; specialty_columns=&#8221;3&#8243; _builder_version=&#8221;3.25&#8243; custom_padding=&#8221;|||&#8221; custom_padding__hover=&#8221;|||&#8221;][et_pb_row_inner padding_mobile=&#8221;off&#8221; make_equal=&#8221;on&#8221; column_padding_mobile=&#8221;off&#8221; admin_label=&#8221;Row&#8221; _builder_version=&#8221;3.25&#8243; custom_margin=&#8221;-60px||-30px|&#8221; custom_padding=&#8221;|||&#8221;][et_pb_column_inner saved_specialty_column_type=&#8221;3_4&#8243; _builder_version=&#8221;3.25&#8243; custom_padding=&#8221;| | | &#8221; custom_padding__hover=&#8221;|||&#8221;][et_pb_text admin_label=&#8221;utflutningur&#8221; _builder_version=&#8221;3.27.4&#8243; background_size=&#8221;initial&#8221; background_position=&#8221;top_left&#8221; background_repeat=&#8221;repeat&#8221; use_border_color=&#8221;off&#8221; border_style=&#8221;solid&#8221;]<\/p>\n<h3><span style=\"color: #0000ff;\"><strong>\u00datflutningur<\/strong><\/span><\/h3>\n<hr \/>\n<p>[\/et_pb_text][\/et_pb_column_inner][\/et_pb_row_inner][et_pb_row_inner column_structure=&#8221;1_3,1_3,1_3&#8243; padding_mobile=&#8221;off&#8221; column_padding_mobile=&#8221;off&#8221; admin_label=&#8221;Row&#8221; _builder_version=&#8221;3.25&#8243;][et_pb_column_inner type=&#8221;1_3&#8243; saved_specialty_column_type=&#8221;3_4&#8243; _builder_version=&#8221;3.25&#8243; custom_padding=&#8221;|||&#8221; custom_padding__hover=&#8221;|||&#8221;][et_pb_image src=&#8221;https:\/\/sjavarutvegur.is\/wp-content\/uploads\/2016\/12\/hagstofa-pmg.png&#8221; url=&#8221;https:\/\/www.hagstofa.is\/talnaefni\/atvinnuvegir\/sjavarutvegur\/&#8221; show_bottom_space=&#8221;off&#8221; align_tablet=&#8221;center&#8221; align_phone=&#8221;&#8221; align_last_edited=&#8221;on|desktop&#8221; admin_label=&#8221;Hagstofa&#8221; _builder_version=&#8221;3.23&#8243; animation_style=&#8221;slide&#8221; animation_direction=&#8221;left&#8221; animation_duration=&#8221;500ms&#8221; animation_intensity_slide=&#8221;10%&#8221; use_border_color=&#8221;off&#8221; border_color=&#8221;#ffffff&#8221; border_width=&#8221;1px&#8221; border_style=&#8221;solid&#8221; sticky=&#8221;on&#8221; saved_tabs=&#8221;all&#8221;] [\/et_pb_image][et_pb_text admin_label=&#8221;Hagstofa &#8211; texti&#8221; _builder_version=&#8221;4.7.7&#8243; background_size=&#8221;initial&#8221; background_position=&#8221;top_left&#8221; background_repeat=&#8221;repeat&#8221; use_border_color=&#8221;off&#8221; border_style=&#8221;solid&#8221; saved_tabs=&#8221;all&#8221; hover_enabled=&#8221;0&#8243; sticky_enabled=&#8221;0&#8243;]<\/p>\n<p><a href=\"https:\/\/www.hagstofa.is\/talnaefni\/atvinnuvegir\/sjavarutvegur\/\">Hagstofa \u00cdslands<\/a> birtir t\u00f6lfr\u00e6\u00f0i \u00a0yfir \u00fatflutning sj\u00e1varafur\u00f0a sem byggja \u00e1 tollsk\u00fdrslum.<\/p>\n<div class=\"pgwrap twocol varslan\">\n<div class=\"pgwrap2\">\n<div class=\"pgwrap3\">\n<div class=\"pgmain\">\n<div class=\"wrap\">\n<div class=\"article box\">\n<div class=\"boxbody\">\n<hr \/>\n<\/div>\n<\/div>\n<\/div>\n<\/div>\n<\/div>\n<\/div>\n<\/div>\n<p>[\/et_pb_text][\/et_pb_column_inner][et_pb_column_inner type=&#8221;1_3&#8243; saved_specialty_column_type=&#8221;3_4&#8243; _builder_version=&#8221;3.25&#8243; custom_padding=&#8221;|||&#8221; custom_padding__hover=&#8221;|||&#8221;][et_pb_image src=&#8221;https:\/\/sjavarutvegur.is\/wp-content\/uploads\/2016\/12\/logo-SFS.png&#8221; url=&#8221;http:\/\/www.sfs.is\/vitinn\/inn-og-utflutningur&#8221; align_tablet=&#8221;center&#8221; align_phone=&#8221;&#8221; align_last_edited=&#8221;on|desktop&#8221; admin_label=&#8221;Sfs &#8211; logo&#8221; _builder_version=&#8221;3.23&#8243; animation_style=&#8221;slide&#8221; animation_direction=&#8221;left&#8221; animation_duration=&#8221;500ms&#8221; animation_intensity_slide=&#8221;10%&#8221; hover_enabled=&#8221;0&#8243; use_border_color=&#8221;off&#8221; border_color=&#8221;#ffffff&#8221; border_width=&#8221;1px&#8221; border_style=&#8221;solid&#8221; sticky=&#8221;off&#8221; sticky_enabled=&#8221;0&#8243;][\/et_pb_image][et_pb_text admin_label=&#8221;SFS &#8211; texti&#8221; _builder_version=&#8221;4.7.7&#8243; background_size=&#8221;initial&#8221; background_position=&#8221;top_left&#8221; background_repeat=&#8221;repeat&#8221; use_border_color=&#8221;off&#8221; border_style=&#8221;solid&#8221; saved_tabs=&#8221;all&#8221; hover_enabled=&#8221;0&#8243; sticky_enabled=&#8221;0&#8243;]<\/p>\n<p><a href=\"https:\/\/radarinn.is\/\">Radarinn &#8211; M\u00c6LABOR\u00d0 SJ\u00c1VAR\u00daTVEGSINS<\/a><br \/> T\u00f6lur og uppl\u00fdsingar um \u00edslenskan sj\u00e1var\u00fatveg og fiskeldi<\/p>\n<div class=\"pgwrap twocol varslan\">\n<div class=\"pgwrap2\">\n<div class=\"pgwrap3\">\n<div class=\"pgmain\">\n<div class=\"wrap\">\n<div class=\"article box\">\n<div class=\"boxbody\">\n<hr \/>\n<\/div>\n<\/div>\n<\/div>\n<\/div>\n<\/div>\n<\/div>\n<\/div>\n<p>[\/et_pb_text][\/et_pb_column_inner][et_pb_column_inner type=&#8221;1_3&#8243; saved_specialty_column_type=&#8221;3_4&#8243; _builder_version=&#8221;3.25&#8243; custom_padding=&#8221;|||&#8221; custom_padding__hover=&#8221;|||&#8221;][\/et_pb_column_inner][\/et_pb_row_inner][\/et_pb_column][et_pb_column type=&#8221;1_4&#8243; _builder_version=&#8221;3.25&#8243; custom_padding=&#8221;|||&#8221; custom_padding__hover=&#8221;|||&#8221;][et_pb_testimonial quote_icon_color=&#8221;#0025f9&#8243; admin_label=&#8221;utflutningur&#8221; _builder_version=&#8221;3.29.3&#8243; background_color=&#8221;#ffffff&#8221; background_size=&#8221;initial&#8221; background_position=&#8221;top_left&#8221; background_repeat=&#8221;repeat&#8221; border_width_all=&#8221;0px&#8221; border_color_all=&#8221;#002cf4&#8243; border_style_all=&#8221;solid&#8221; use_border_color=&#8221;on&#8221; border_color=&#8221;#002cf4&#8243; border_style=&#8221;solid&#8221;]<\/p>\n<h4><span style=\"color: #006ac1;\"><strong>\u00datflutningur<\/strong><\/span><\/h4>\n<ul>\n<li><a href=\"https:\/\/www.hagstofa.is\/talnaefni\/atvinnuvegir\/sjavarutvegur\/\">Hagstofa \u00cdslands<\/a><\/li>\n<li><a href=\"http:\/\/www.sfs.is\" style=\"font-size: 14px;\">Samt\u00f6k fyrit\u00e6kja \u00ed sj\u00e1var\u00fatvegi<\/a><\/li>\n<li><a href=\"https:\/\/radarinn.is\/\">Radarinn<\/a><\/li>\n<\/ul>\n<p>[\/et_pb_testimonial][\/et_pb_column][\/et_pb_section]<\/p>\n","protected":false},"excerpt":{"rendered":"<p>\u00datflutningur Hagstofa \u00cdslands birtir t\u00f6lfr\u00e6\u00f0i \u00a0yfir \u00fatflutning sj\u00e1varafur\u00f0a sem byggja \u00e1 tollsk\u00fdrslum. Radarinn &#8211; M\u00c6LABOR\u00d0 SJ\u00c1VAR\u00daTVEGSINS T\u00f6lur og uppl\u00fdsingar um \u00edslenskan sj\u00e1var\u00fatveg og fiskeldi \u00datflutningur Hagstofa \u00cdslands Samt\u00f6k fyrit\u00e6kja \u00ed sj\u00e1var\u00fatvegi Radarinn<\/p>\n","protected":false},"author":2,"featured_media":0,"parent":315,"menu_order":0,"comment_status":"closed","ping_status":"closed","template":"","meta":{"_et_pb_use_builder":"on","_et_pb_old_content":"","_et_gb_content_width":"","footnotes":""},"class_list":["post-706","page","type-page","status-publish","hentry"],"_links":{"self":[{"href":"https:\/\/sjavarutvegur.is\/index.php?rest_route=\/wp\/v2\/pages\/706","targetHints":{"allow":["GET"]}}],"collection":[{"href":"https:\/\/sjavarutvegur.is\/index.php?rest_route=\/wp\/v2\/pages"}],"about":[{"href":"https:\/\/sjavarutvegur.is\/index.php?rest_route=\/wp\/v2\/types\/page"}],"author":[{"embeddable":true,"href":"https:\/\/sjavarutvegur.is\/index.php?rest_route=\/wp\/v2\/users\/2"}],"replies":[{"embeddable":true,"href":"https:\/\/sjavarutvegur.is\/index.php?rest_route=%2Fwp%2Fv2%2Fcomments&post=706"}],"version-history":[{"count":13,"href":"https:\/\/sjavarutvegur.is\/index.php?rest_route=\/wp\/v2\/pages\/706\/revisions"}],"predecessor-version":[{"id":2451,"href":"https:\/\/sjavarutvegur.is\/index.php?rest_route=\/wp\/v2\/pages\/706\/revisions\/2451"}],"up":[{"embeddable":true,"href":"https:\/\/sjavarutvegur.is\/index.php?rest_route=\/wp\/v2\/pages\/315"}],"wp:attachment":[{"href":"https:\/\/sjavarutvegur.is\/index.php?rest_route=%2Fwp%2Fv2%2Fmedia&parent=706"}],"curies":[{"name":"wp","href":"https:\/\/api.w.org\/{rel}","templated":true}]}}