{"id":638,"date":"2016-12-27T15:34:46","date_gmt":"2016-12-27T15:34:46","guid":{"rendered":"http:\/\/dev.sjavarutvegur.is\/?page_id=638"},"modified":"2019-08-06T10:31:50","modified_gmt":"2019-08-06T10:31:50","slug":"1990-1999","status":"publish","type":"page","link":"https:\/\/sjavarutvegur.is\/?page_id=638","title":{"rendered":"1990-1999"},"content":{"rendered":"<p>[et_pb_section fb_built=&#8221;1&#8243; custom_padding_last_edited=&#8221;on|desktop&#8221; admin_label=&#8221;section&#8221; _builder_version=&#8221;3.22.3&#8243; background_color=&#8221;rgba(4,0,255,0.02)&#8221; custom_padding=&#8221;12px|0px|0px|0px&#8221; custom_padding_tablet=&#8221;50px|0|50px|0&#8243; transparent_background=&#8221;off&#8221; padding_mobile=&#8221;off&#8221; make_fullwidth=&#8221;off&#8221; use_custom_width=&#8221;off&#8221; width_unit=&#8221;off&#8221; custom_width_px=&#8221;1080px&#8221; custom_width_percent=&#8221;80%&#8221;][et_pb_row custom_padding=&#8221;16px|0px|30px|0px&#8221; padding_mobile=&#8221;off&#8221; column_padding_mobile=&#8221;on&#8221; admin_label=&#8221;row&#8221; _builder_version=&#8221;3.25&#8243; background_size=&#8221;initial&#8221; background_position=&#8221;top_left&#8221; background_repeat=&#8221;repeat&#8221; make_fullwidth=&#8221;off&#8221; use_custom_width=&#8221;off&#8221; width_unit=&#8221;off&#8221; custom_width_px=&#8221;1080px&#8221; custom_width_percent=&#8221;80%&#8221;][et_pb_column type=&#8221;4_4&#8243; _builder_version=&#8221;3.25&#8243; custom_padding=&#8221;|||&#8221; custom_padding__hover=&#8221;|||&#8221;][et_pb_text admin_label=&#8221;Text&#8221; _builder_version=&#8221;3.0.87&#8243; background_size=&#8221;initial&#8221; background_position=&#8221;top_left&#8221; background_repeat=&#8221;repeat&#8221; use_border_color=&#8221;off&#8221; border_style=&#8221;solid&#8221;]<\/p>\n<h4><span style=\"font-size: x-large; color: #0400fc;\"><strong>Helstu ritverk Valdimar Inga Gunnarssonar <\/strong><\/span><\/h4>\n<h4><span style=\"font-size: medium; color: #0400fc;\"><strong>T\u00edmabil 1990-1999<\/strong><\/span><\/h4>\n<p><span style=\"font-size: x-large; color: #0400fc;\"><strong><\/strong><\/span><\/p>\n<p>1.\u00a0\u00a0\u00a0\u00a0\u00a0\u00a0\u00a0 Valdimar Ingi Gunnarsson 1990. Vatns- og s\u00farefnisnotkun \u00ed laxeldi. bls. 277-80. <em><u>\u00cd:<\/u><\/em> Vatni\u00f0 og landi\u00f0. Orkustofnun.<\/p>\n<p>2.\u00a0\u00a0\u00a0\u00a0<a href=\"pdf\/Handbok\/framl.pdf\">\u00a0\u00a0 <\/a>V. I.G. og \u00d3lafur Gu\u00f0mundsson, 1990. <a href=\"wp-content\/uploads\/2016\/12\/VIG1990-Rekstur-eldisstodva.pdf\">Rekstur eldisst\u00f6\u00f0va &#8211; framleg\u00f0ar\u00fatreikningar og forsendur \u00feeirra. <\/a><em><u>Eldisfr\u00e9ttir<\/u><\/em> 6(1):16-23.<\/p>\n<p>3.\u00a0\u00a0\u00a0\u00a0\u00a0\u00a0\u00a0 V.I.G. Einar Svavarsson, P\u00e9tur Brynj\u00f3lfsson og P\u00e9tur Sverrisson 1990. Fer\u00f0 til a\u00f0 kynnast bleikjueldi \u00ed Sv\u00ed\u00fej\u00f3\u00f0. <em><u>Eldisf\u00e9ttir<\/u><\/em> 6(5):20-23.<\/p>\n<p>4.\u00a0\u00a0\u00a0\u00a0\u00a0\u00a0\u00a0 V.I.G. 1990. Lei\u00f0ir til a\u00f0 draga \u00far tj\u00f3ni vegna kyn\u00feroska laxa.\u00a0\u00a0 <em><u>Eldisfr\u00e9ttir<\/u><\/em> 6(6):21-26.<\/p>\n<p>5.\u00a0\u00a0\u00a0\u00a0\u00a0\u00a0\u00a0 V.I.G. 1990. Hafbeit \u00e1 \u00cdslandi. N\u00e1mskei\u00f0 \u00ed hafbeit 14.-16. mars 1990 \u00e1 vegum H\u00f3lask\u00f3la og Vei\u00f0im\u00e1lastofnunar.<\/p>\n<p>6.\u00a0\u00a0\u00a0\u00a0\u00a0\u00a0\u00a0 V.I.G. 1990. Kyn\u00feroski \u00ed kv\u00edaeldi og atferli laxa \u00ed sj\u00f3kv\u00edum og f\u00f3\u00f0run. N\u00e1mskei\u00f0 \u00ed sj\u00f3kv\u00edaeldi, 23.-25. apr\u00edl 1990 \u00e1 vegum H\u00f3lask\u00f3la og Landsambands fiskeldis- og hafbeitarst\u00f6\u00f0va.<\/p>\n<p>7.\u00a0\u00a0\u00a0\u00a0\u00a0\u00a0\u00a0 V.I.G. 1990. Sei\u00f0aeldi. N\u00e1mskei\u00f0 \u00ed sei\u00f0aeldi \u00e1 vegum H\u00f3lask\u00f3la og Landsambands \u00edslenskra fiskeldisfr\u00e6\u00f0inga, 31.8 \u2013 2.9 1990.<\/p>\n<p>8.\u00a0\u00a0\u00a0\u00a0\u00a0\u00a0\u00a0 V.I.G. 1991. \u00cdslenskt fiskeldi &#8211; Hva\u00f0 n\u00fa ? <em><u>Sj\u00e1varfr\u00e9ttir<\/u><\/em> 19(1): 52-62.<\/p>\n<p>9.\u00a0\u00a0\u00a0\u00a0\u00a0\u00a0\u00a0 V.I.G. 1991. Hafbeit \u00e1 \u00feorski. <em><u>Sj\u00e1varfr\u00e9ttir<\/u><\/em> 19(4): 32-37.<\/p>\n<p>10.\u00a0\u00a0\u00a0\u00a0 V.I.G. 1991. <a href=\"wp-content\/uploads\/2016\/12\/VIG1991-sei\u00f0aeldi.pdf\">Sei\u00f0aeldi. <\/a>Kennsluhandrit. H\u00f3lask\u00f3li. 107 bls. (<strong>ATH 37 MB)<\/strong><\/p>\n<p>11.\u00a0\u00a0\u00a0\u00a0 V.I.G. 1991. Sj\u00f3kv\u00edaeldi. Kennsluhandrit. H\u00f3lask\u00f3li. 112 bls.<\/p>\n<ul>\n<li><a href=\"wp-content\/uploads\/2016\/12\/VIG1991-sj\u00f3kv\u00edaeldi1-3.pdf\">Kafli 1-3 (<\/a>8 MB)<\/li>\n<li><a href=\"wp-content\/uploads\/2016\/12\/VIG1991-sj\u00f3kv\u00edaeldi4-5.pdf\">Kafli 4-5 (<\/a>14 MB)<\/li>\n<li><a href=\"wp-content\/uploads\/2016\/12\/VIG1991-sj\u00f3kv\u00edaeldi6-10.pdf\">Kafli 6-10 <\/a>(12 MB)<\/li>\n<li><a href=\"wp-content\/uploads\/2016\/12\/VIG1991-sj\u00f3kv\u00edaeldi11-rest.pdf\">Kafli 11-13 <\/a>(7 MB)<\/li>\n<\/ul>\n<p>12.\u00a0\u00a0\u00a0\u00a0 V.I.G. 1991. Hafbeit \u00e1 \u00cdslandi. Kennsluhandrit. H\u00f3lask\u00f3li. 119 bls.<\/p>\n<p>13.\u00a0\u00a0\u00a0\u00a0 V.I.G. 1991. Bleikja \u00e1 \u00cdslandi. R\u00e1\u00f0stefna \u00e1 \u00e1 H\u00f3lum \u00ed Hjaltadal 16.-18 ma\u00ed 1991. H\u00f3lask\u00f3li. 113 bls.<\/p>\n<ul>\n<li><a href=\"wp-content\/uploads\/2016\/12\/VIG1991-bleikja-Islandi-kafli-1-3.pdf\">Kafli 1-3<\/a><strong> (9 MB)<\/strong><\/li>\n<li><a href=\"wp-content\/uploads\/2016\/12\/VIG1991-bleikja-\u00e1-\u00edslandi-kafli4.pdf\">Kafli 4<\/a> <strong>(10 MB)<\/strong><\/li>\n<li><a href=\"wp-content\/uploads\/2016\/12\/VIG1991-bleikja-\u00e1-\u00edslandi-kafli5.pdf\">Kafli 5<\/a><strong> (13 MB)<\/strong><\/li>\n<li><a href=\"wp-content\/uploads\/2016\/12\/VIG1991-bleikja-\u00e1-\u00edslandi-kafli6-rest.pdf\">Kafli 6-9 <\/a><strong>(8 MB)<\/strong><\/li>\n<\/ul>\n<p>14.\u00a0\u00a0\u00a0\u00a0 V.I.G. 1991. <a href=\"wp-content\/uploads\/2016\/12\/VIG1991-Vatns-og-s\u00farefnisnotkun-\u00ed-laxeldi029.pdf\">Vatns- og s\u00farefnisnotkun<\/a> \u00ed laxeldi. Kennsluhandrit. H\u00f3lask\u00f3li. 23 bls.<\/p>\n<p>15.\u00a0\u00a0\u00a0\u00a0 V.I.G. 1991. <a href=\"wp-content\/uploads\/2016\/12\/VIG1991-Loftun-og-s\u00farefnisb\u00e6ting.pdf\">Loftun og s\u00farefnisb\u00e6ting.<\/a> Kennsluhandrit. H\u00f3lask\u00f3li. 26 bls.<\/p>\n<p>16.\u00a0\u00a0\u00a0\u00a0 V.I.G. 1991. <a href=\"wp-content\/uploads\/2016\/12\/VIG1991-strandeldi.pdf\">Eldi \u00e1 laxi \u00ed strandeldisst\u00f6\u00f0vum.<\/a> Kennsluhandrit. H\u00f3lask\u00f3li. 38 bls.<\/p>\n<p>17.\u00a0\u00a0\u00a0\u00a0 V.I.G. 1992. \u00deorskur \u00ed matfiskeldi. <em><u>Sj\u00e1varfr\u00e9ttir<\/u><\/em> 20(1):20-28.<\/p>\n<p>18.\u00a0\u00a0\u00a0\u00a0 V.I.G. 1995. <a href=\"wp-content\/uploads\/2016\/12\/VIG1995-handb\u00f3k-fyrir-\u00edsfiskskip034.pdf\">Handb\u00f3k fyrir \u00edsfiskskip<\/a>. S\u00f6lumi\u00f0st\u00f6\u00f0 hra\u00f0frystih\u00fasanna. 48 bls. (20 MB)<\/p>\n<p>19.\u00a0\u00a0\u00a0\u00a0 V.I.G. 1996. Er h\u00e6gt a\u00f0 st\u00f3rauka aflaver\u00f0m\u00e6ti\u00f0 ? &#8211; me\u00f0 betri me\u00f0h\u00f6ndlun hr\u00e1efnis. <em><u>Fiskifr\u00e9ttir <\/u><\/em>27 apr\u00edl og 3 ma\u00ed.<\/p>\n<p>20.\u00a0\u00a0\u00a0\u00a0 V.I.G. 1997. Betri me\u00f0h\u00f6ndlun hr\u00e1efnis \u2013 \u00fe\u00e1ttur h\u00f6nnu\u00f0a. <em><u>Ugginn<\/u><\/em> Bla\u00f0 nemenda Fiskvinnslusk\u00f3lans. 17(1):15-16.<\/p>\n<p>21.\u00a0\u00a0\u00a0\u00a0 V.I.G. 1997. Hreinl\u00e6ti \u00ed fiskvinnslust\u00f6\u00f0vum. Fiskvinnslusk\u00f3linn. 140 bls.<\/p>\n<p>22.\u00a0\u00a0\u00a0\u00a0 V.I.G. 1998. Fiskur sem hr\u00e1efni. Fiskvinnslusk\u00f3linn. 59 bls.<\/p>\n<p>23.\u00a0\u00a0\u00a0\u00a0 V.I.G. 1998. Saltfiskverkun. Fiskvinnslusk\u00f3linn. 95 bls.<\/p>\n<p>24.\u00a0\u00a0\u00a0\u00a0 V. I.G. og Anette J. J\u00f6rgensen, 1998. <a href=\"wp-content\/uploads\/2016\/12\/VIG1998-hafbeit.pdf\">\u00deorskranns\u00f3knir vi\u00f0 \u00cdsland me\u00f0 tilliti til hafbeitar<\/a>. Hafranns\u00f3knarstofnun fj\u00f6lrit nr. 64. 55 bls.<\/p>\n<p>[\/et_pb_text][\/et_pb_column][\/et_pb_row][\/et_pb_section]<\/p>\n","protected":false},"excerpt":{"rendered":"<p>Helstu ritverk Valdimar Inga Gunnarssonar T\u00edmabil 1990-1999 1.\u00a0\u00a0\u00a0\u00a0\u00a0\u00a0\u00a0 Valdimar Ingi Gunnarsson 1990. Vatns- og s\u00farefnisnotkun \u00ed laxeldi. bls. 277-80. \u00cd: Vatni\u00f0 og landi\u00f0. Orkustofnun. 2.\u00a0\u00a0\u00a0\u00a0\u00a0\u00a0 V. I.G. og \u00d3lafur Gu\u00f0mundsson, 1990. Rekstur eldisst\u00f6\u00f0va &#8211; framleg\u00f0ar\u00fatreikningar og forsendur \u00feeirra. Eldisfr\u00e9ttir 6(1):16-23. 3.\u00a0\u00a0\u00a0\u00a0\u00a0\u00a0\u00a0 V.I.G. Einar Svavarsson, P\u00e9tur Brynj\u00f3lfsson og P\u00e9tur Sverrisson 1990. Fer\u00f0 til a\u00f0 kynnast bleikjueldi [&hellip;]<\/p>\n","protected":false},"author":2,"featured_media":0,"parent":1017,"menu_order":0,"comment_status":"closed","ping_status":"closed","template":"","meta":{"_et_pb_use_builder":"on","_et_pb_old_content":"<h4><strong>Helstu ritverk Valdimar Inga Gunnarssonar 1990-1999<\/strong><\/h4>\r\n1.\u00a0\u00a0\u00a0\u00a0\u00a0\u00a0\u00a0 Valdimar Ingi Gunnarsson 1990. Vatns- og s\u00farefnisnotkun \u00ed laxeldi. bls. 277-80. <em><u>\u00cd:<\/u><\/em> Vatni\u00f0 og landi\u00f0. Orkustofnun.\r\n\r\n2.\u00a0\u00a0\u00a0\u00a0<a href=\"https:\/\/sjavarutvegur.is\/pdf\/Handbok\/framl.pdf\">\u00a0\u00a0 <\/a>V. I.G. og \u00d3lafur Gu\u00f0mundsson, 1990. <a href=\"https:\/\/sjavarutvegur.is\/wp-content\/uploads\/2016\/12\/VIG1990-Rekstur-eldisstodva.pdf\">Rekstur eldisst\u00f6\u00f0va - framleg\u00f0ar\u00fatreikningar og forsendur \u00feeirra. <\/a><em><u>Eldisfr\u00e9ttir<\/u><\/em> 6(1):16-23.\r\n\r\n3.\u00a0\u00a0\u00a0\u00a0\u00a0\u00a0\u00a0 V.I.G. Einar Svavarsson, P\u00e9tur Brynj\u00f3lfsson og P\u00e9tur Sverrisson 1990. Fer\u00f0 til a\u00f0 kynnast bleikjueldi \u00ed Sv\u00ed\u00fej\u00f3\u00f0. <em><u>Eldisf\u00e9ttir<\/u><\/em> 6(5):20-23.\r\n\r\n4.\u00a0\u00a0\u00a0\u00a0\u00a0\u00a0\u00a0 V.I.G. 1990. Lei\u00f0ir til a\u00f0 draga \u00far tj\u00f3ni vegna kyn\u00feroska laxa.\u00a0\u00a0 <em><u>Eldisfr\u00e9ttir<\/u><\/em> 6(6):21-26.\r\n\r\n5.\u00a0\u00a0\u00a0\u00a0\u00a0\u00a0\u00a0 V.I.G. 1990. Hafbeit \u00e1 \u00cdslandi. N\u00e1mskei\u00f0 \u00ed hafbeit 14.-16. mars 1990 \u00e1 vegum H\u00f3lask\u00f3la og Vei\u00f0im\u00e1lastofnunar.\r\n\r\n6.\u00a0\u00a0\u00a0\u00a0\u00a0\u00a0\u00a0 V.I.G. 1990. Kyn\u00feroski \u00ed kv\u00edaeldi og atferli laxa \u00ed sj\u00f3kv\u00edum og f\u00f3\u00f0run. N\u00e1mskei\u00f0 \u00ed sj\u00f3kv\u00edaeldi, 23.-25. apr\u00edl 1990 \u00e1 vegum H\u00f3lask\u00f3la og Landsambands fiskeldis- og hafbeitarst\u00f6\u00f0va.\r\n\r\n7.\u00a0\u00a0\u00a0\u00a0\u00a0\u00a0\u00a0 V.I.G. 1990. Sei\u00f0aeldi. N\u00e1mskei\u00f0 \u00ed sei\u00f0aeldi \u00e1 vegum H\u00f3lask\u00f3la og Landsambands \u00edslenskra fiskeldisfr\u00e6\u00f0inga, 31.8 \u2013 2.9 1990.\r\n\r\n8.\u00a0\u00a0\u00a0\u00a0\u00a0\u00a0\u00a0 V.I.G. 1991. \u00cdslenskt fiskeldi - Hva\u00f0 n\u00fa ? <em><u>Sj\u00e1varfr\u00e9ttir<\/u><\/em> 19(1): 52-62.\r\n\r\n9.\u00a0\u00a0\u00a0\u00a0\u00a0\u00a0\u00a0 V.I.G. 1991. Hafbeit \u00e1 \u00feorski. <em><u>Sj\u00e1varfr\u00e9ttir<\/u><\/em> 19(4): 32-37.\r\n\r\n10.\u00a0\u00a0\u00a0\u00a0 V.I.G. 1991. <a href=\"https:\/\/sjavarutvegur.is\/wp-content\/uploads\/2016\/12\/VIG1991-sei\u00f0aeldi.pdf\">Sei\u00f0aeldi. <\/a>Kennsluhandrit. H\u00f3lask\u00f3li. 107 bls. (<strong>ATH 37 MB)<\/strong>\r\n\r\n11.\u00a0\u00a0\u00a0\u00a0 V.I.G. 1991. Sj\u00f3kv\u00edaeldi. Kennsluhandrit. H\u00f3lask\u00f3li. 112 bls.\r\n<ul>\r\n \t<li><a href=\"https:\/\/sjavarutvegur.is\/wp-content\/uploads\/2016\/12\/VIG1991-sj\u00f3kv\u00edaeldi1-3.pdf\">Kafli 1-3 (<\/a>8 MB)<\/li>\r\n \t<li><a href=\"https:\/\/sjavarutvegur.is\/wp-content\/uploads\/2016\/12\/VIG1991-sj\u00f3kv\u00edaeldi4-5.pdf\">Kafli 4-5 (<\/a>14 MB)<\/li>\r\n \t<li><a href=\"https:\/\/sjavarutvegur.is\/wp-content\/uploads\/2016\/12\/VIG1991-sj\u00f3kv\u00edaeldi6-10.pdf\">Kafli 6-10 <\/a>(12 MB)<\/li>\r\n \t<li><a href=\"https:\/\/sjavarutvegur.is\/wp-content\/uploads\/2016\/12\/VIG1991-sj\u00f3kv\u00edaeldi11-rest.pdf\">Kafli 11-13 <\/a>(7 MB)<\/li>\r\n<\/ul>\r\n12.\u00a0\u00a0\u00a0\u00a0 V.I.G. 1991. Hafbeit \u00e1 \u00cdslandi. Kennsluhandrit. H\u00f3lask\u00f3li. 119 bls.\r\n\r\n13.\u00a0\u00a0\u00a0\u00a0 V.I.G. 1991. Bleikja \u00e1 \u00cdslandi. R\u00e1\u00f0stefna \u00e1 \u00e1 H\u00f3lum \u00ed Hjaltadal 16.-18 ma\u00ed 1991. H\u00f3lask\u00f3li. 113 bls.\r\n<ul>\r\n \t<li><a href=\"https:\/\/sjavarutvegur.is\/wp-content\/uploads\/2016\/12\/VIG1991-bleikja-Islandi-kafli-1-3.pdf\">Kafli 1-3<\/a><strong> (9 MB)<\/strong><\/li>\r\n \t<li><a href=\"https:\/\/sjavarutvegur.is\/wp-content\/uploads\/2016\/12\/VIG1991-bleikja-\u00e1-\u00edslandi-kafli4.pdf\">Kafli 4<\/a> <strong>(10 MB)<\/strong><\/li>\r\n \t<li><a href=\"https:\/\/sjavarutvegur.is\/wp-content\/uploads\/2016\/12\/VIG1991-bleikja-\u00e1-\u00edslandi-kafli5.pdf\">Kafli 5<\/a><strong> (13 MB)<\/strong><\/li>\r\n \t<li><a href=\"https:\/\/sjavarutvegur.is\/wp-content\/uploads\/2016\/12\/VIG1991-bleikja-\u00e1-\u00edslandi-kafli6-rest.pdf\">Kafli 6-9 <\/a><strong>(8 MB)<\/strong><\/li>\r\n<\/ul>\r\n14.\u00a0\u00a0\u00a0\u00a0 V.I.G. 1991. <a href=\"https:\/\/sjavarutvegur.is\/wp-content\/uploads\/2016\/12\/VIG1991-Vatns-og-s\u00farefnisnotkun-\u00ed-laxeldi029.pdf\">Vatns- og s\u00farefnisnotkun<\/a> \u00ed laxeldi. Kennsluhandrit. H\u00f3lask\u00f3li. 23 bls.\r\n\r\n15.\u00a0\u00a0\u00a0\u00a0 V.I.G. 1991. <a href=\"https:\/\/sjavarutvegur.is\/wp-content\/uploads\/2016\/12\/VIG1991-Loftun-og-s\u00farefnisb\u00e6ting.pdf\">Loftun og s\u00farefnisb\u00e6ting.<\/a> Kennsluhandrit. H\u00f3lask\u00f3li. 26 bls.\r\n\r\n16.\u00a0\u00a0\u00a0\u00a0 V.I.G. 1991. <a href=\"https:\/\/sjavarutvegur.is\/wp-content\/uploads\/2016\/12\/VIG1991-strandeldi.pdf\">Eldi \u00e1 laxi \u00ed strandeldisst\u00f6\u00f0vum.<\/a> Kennsluhandrit. H\u00f3lask\u00f3li. 38 bls.\r\n\r\n17.\u00a0\u00a0\u00a0\u00a0 V.I.G. 1992. \u00deorskur \u00ed matfiskeldi. <em><u>Sj\u00e1varfr\u00e9ttir<\/u><\/em> 20(1):20-28.\r\n\r\n18.\u00a0\u00a0\u00a0\u00a0 V.I.G. 1995. <a href=\"https:\/\/sjavarutvegur.is\/wp-content\/uploads\/2016\/12\/VIG1995-handb\u00f3k-fyrir-\u00edsfiskskip034.pdf\">Handb\u00f3k fyrir \u00edsfiskskip<\/a>. S\u00f6lumi\u00f0st\u00f6\u00f0 hra\u00f0frystih\u00fasanna. 48 bls. (20 MB)\r\n\r\n19.\u00a0\u00a0\u00a0\u00a0 V.I.G. 1996. Er h\u00e6gt a\u00f0 st\u00f3rauka aflaver\u00f0m\u00e6ti\u00f0 ? - me\u00f0 betri me\u00f0h\u00f6ndlun hr\u00e1efnis. <em><u>Fiskifr\u00e9ttir <\/u><\/em>27 apr\u00edl og 3 ma\u00ed.\r\n\r\n20.\u00a0\u00a0\u00a0\u00a0 V.I.G. 1997. Betri me\u00f0h\u00f6ndlun hr\u00e1efnis \u2013 \u00fe\u00e1ttur h\u00f6nnu\u00f0a. <em><u>Ugginn<\/u><\/em> Bla\u00f0 nemenda Fiskvinnslusk\u00f3lans. 17(1):15-16.\r\n\r\n21.\u00a0\u00a0\u00a0\u00a0 V.I.G. 1997. Hreinl\u00e6ti \u00ed fiskvinnslust\u00f6\u00f0vum. Fiskvinnslusk\u00f3linn. 140 bls.\r\n<ul>\r\n \t<li><a href=\"https:\/\/sjavarutvegur.is\/wp-content\/uploads\/2016\/12\/VIG1997-hreinl\u00e6ti1.pdf\">Kafli 1-5 \u00a0<strong>(13 MB)\u00a0 <\/strong>\u00a0<\/a><\/li>\r\n \t<li><a href=\"https:\/\/sjavarutvegur.is\/wp-content\/uploads\/2016\/12\/VIG1997-Hrein-kafli-6-16.pdf\">Kafli 6-16\u00a0 <strong>(26 MB)\u00a0\u00a0\u00a0<\/strong><\/a><\/li>\r\n \t<li><a href=\"https:\/\/sjavarutvegur.is\/wp-content\/uploads\/2016\/12\/VIG1997-Hrein-Kafli-17-og-vi\u00f0aukar.pdf\">Kafli 17 og vi\u00f0aukar <\/a><strong>(7 MB)<\/strong><\/li>\r\n<\/ul>\r\n22.\u00a0\u00a0\u00a0\u00a0 V.I.G. 1998. Fiskur sem hr\u00e1efni. Fiskvinnslusk\u00f3linn. 59 bls.\r\n\r\n23.\u00a0\u00a0\u00a0\u00a0 V.I.G. 1998. Saltfiskverkun. Fiskvinnslusk\u00f3linn. 95 bls.\r\n<ul>\r\n \t<li><a href=\"https:\/\/sjavarutvegur.is\/wp-content\/uploads\/2016\/12\/VIG1998-saltfiskverkun1-3.pdf\">Kafli 1-3<\/a>\u00a0(11 MB)<\/li>\r\n \t<li><a href=\"https:\/\/sjavarutvegur.is\/wp-content\/uploads\/2016\/12\/VIG1998-saltfiskverkun4-6.pdf\">Kafli 4-6<\/a>\u00a0(12 MB)<\/li>\r\n \t<li><a href=\"https:\/\/sjavarutvegur.is\/wp-content\/uploads\/2016\/12\/VIG1998-saltfiskverkun7-rest.pdf\">Kafli 7-15<\/a>\u00a0 (14 MB)<\/li>\r\n<\/ul>\r\n24.\u00a0\u00a0\u00a0\u00a0 V. I.G. og Anette J. J\u00f6rgensen, 1998. <a href=\"https:\/\/sjavarutvegur.is\/wp-content\/uploads\/2016\/12\/VIG1998-hafbeit.pdf\">\u00deorskranns\u00f3knir vi\u00f0 \u00cdsland me\u00f0 tilliti til hafbeitar<\/a>. Hafranns\u00f3knarstofnun fj\u00f6lrit nr. 64. 55 bls.","_et_gb_content_width":"","footnotes":""},"class_list":["post-638","page","type-page","status-publish","hentry"],"_links":{"self":[{"href":"https:\/\/sjavarutvegur.is\/index.php?rest_route=\/wp\/v2\/pages\/638","targetHints":{"allow":["GET"]}}],"collection":[{"href":"https:\/\/sjavarutvegur.is\/index.php?rest_route=\/wp\/v2\/pages"}],"about":[{"href":"https:\/\/sjavarutvegur.is\/index.php?rest_route=\/wp\/v2\/types\/page"}],"author":[{"embeddable":true,"href":"https:\/\/sjavarutvegur.is\/index.php?rest_route=\/wp\/v2\/users\/2"}],"replies":[{"embeddable":true,"href":"https:\/\/sjavarutvegur.is\/index.php?rest_route=%2Fwp%2Fv2%2Fcomments&post=638"}],"version-history":[{"count":20,"href":"https:\/\/sjavarutvegur.is\/index.php?rest_route=\/wp\/v2\/pages\/638\/revisions"}],"predecessor-version":[{"id":2108,"href":"https:\/\/sjavarutvegur.is\/index.php?rest_route=\/wp\/v2\/pages\/638\/revisions\/2108"}],"up":[{"embeddable":true,"href":"https:\/\/sjavarutvegur.is\/index.php?rest_route=\/wp\/v2\/pages\/1017"}],"wp:attachment":[{"href":"https:\/\/sjavarutvegur.is\/index.php?rest_route=%2Fwp%2Fv2%2Fmedia&parent=638"}],"curies":[{"name":"wp","href":"https:\/\/api.w.org\/{rel}","templated":true}]}}