{"id":552,"date":"2016-12-26T21:56:23","date_gmt":"2016-12-26T21:56:23","guid":{"rendered":"http:\/\/dev.sjavarutvegur.is\/?page_id=552"},"modified":"2021-01-02T14:24:11","modified_gmt":"2021-01-02T14:24:11","slug":"timarit","status":"publish","type":"page","link":"https:\/\/sjavarutvegur.is\/?page_id=552","title":{"rendered":"T\u00edmarit"},"content":{"rendered":"<p>[et_pb_section fb_built=&#8221;1&#8243; specialty=&#8221;on&#8221; custom_padding_last_edited=&#8221;on|desktop&#8221; admin_label=&#8221;Section&#8221; _builder_version=&#8221;3.22&#8243; background_color=&#8221;rgba(4,0,255,0.02)&#8221; custom_padding=&#8221;60px|0px|13px|0px&#8221; custom_padding_tablet=&#8221;50px|0|50px|0&#8243; custom_padding_phone=&#8221;&#8221; transparent_background=&#8221;off&#8221; padding_mobile=&#8221;off&#8221;][et_pb_column type=&#8221;3_4&#8243; specialty_columns=&#8221;3&#8243; _builder_version=&#8221;3.25&#8243; custom_padding=&#8221;|||&#8221; custom_padding__hover=&#8221;|||&#8221;][et_pb_row_inner padding_mobile=&#8221;off&#8221; make_equal=&#8221;on&#8221; column_padding_mobile=&#8221;off&#8221; admin_label=&#8221;Row&#8221; _builder_version=&#8221;3.25&#8243; custom_margin=&#8221;-60px||-30px|&#8221; custom_padding=&#8221;|||&#8221;][et_pb_column_inner saved_specialty_column_type=&#8221;3_4&#8243; _builder_version=&#8221;3.25&#8243; custom_padding=&#8221;| | | &#8221; custom_padding__hover=&#8221;|||&#8221;][et_pb_text admin_label=&#8221;T\u00edmarit&#8221; _builder_version=&#8221;3.27.4&#8243; background_size=&#8221;initial&#8221; background_position=&#8221;top_left&#8221; background_repeat=&#8221;repeat&#8221; use_border_color=&#8221;off&#8221; border_style=&#8221;solid&#8221;]<\/p>\n<h3><span style=\"color: #0000ff;\"><strong>Veft\u00edmarit<\/strong><\/span><\/h3>\n<hr \/>\n<p>[\/et_pb_text][\/et_pb_column_inner][\/et_pb_row_inner][et_pb_row_inner padding_mobile=&#8221;off&#8221; column_padding_mobile=&#8221;off&#8221; admin_label=&#8221;Row&#8221; _builder_version=&#8221;3.25&#8243; column_structure=&#8221;1_3,1_3,1_3&#8243;][et_pb_column_inner type=&#8221;1_3&#8243; saved_specialty_column_type=&#8221;3_4&#8243; _builder_version=&#8221;3.25&#8243; custom_padding=&#8221;|||&#8221; custom_padding__hover=&#8221;|||&#8221;][et_pb_image src=&#8221;https:\/\/sjavarutvegur.is\/wp-content\/uploads\/2016\/12\/logo-Fiskeldisfrettir.png&#8221; url=&#8221;https:\/\/lagareldi.is\/fiskeldisfrettir\/&#8221; align_tablet=&#8221;center&#8221; align_last_edited=&#8221;on|desktop&#8221; admin_label=&#8221;Fiskeldisfr\u00e9ttir&#8221; _builder_version=&#8221;4.7.7&#8243; animation_style=&#8221;slide&#8221; animation_direction=&#8221;left&#8221; animation_duration=&#8221;500ms&#8221; animation_intensity_slide=&#8221;10%&#8221; hover_enabled=&#8221;0&#8243; use_border_color=&#8221;off&#8221; border_color=&#8221;#ffffff&#8221; border_width=&#8221;1px&#8221; border_style=&#8221;solid&#8221; sticky=&#8221;off&#8221; sticky_enabled=&#8221;0&#8243;] [\/et_pb_image][et_pb_text admin_label=&#8221;Fiskeldisfr\u00e9ttirF &#8211; texti&#8221; _builder_version=&#8221;4.7.7&#8243; background_size=&#8221;initial&#8221; background_position=&#8221;top_left&#8221; background_repeat=&#8221;repeat&#8221; hover_enabled=&#8221;0&#8243; use_border_color=&#8221;off&#8221; border_style=&#8221;solid&#8221; sticky_enabled=&#8221;0&#8243;]<\/p>\n<p><a href=\"https:\/\/lagareldi.is\/fiskeldisfrettir\/\">Fiskeldisfr\u00e9ttir<\/a> koma \u00fat \u00e1 tveggja m\u00e1na\u00f0a fresti og eru gefnar \u00fat \u00e1 vegum Sj\u00e1var\u00fatvegs\u00fej\u00f3nustunnar. \u00cd Fiskeldisfr\u00e9ttum eru uppl\u00fdsingar og fr\u00e9ttir af \u00edslensku lagareldi, \u00fe.e.a.s. fiskeldi, fiskr\u00e6kt, hafbeit, skeld\u00fdrar\u00e6kt og \u00fe\u00f6rungar\u00e6kt.<\/p>\n<div class=\"pgwrap twocol varslan\">\n<div class=\"pgwrap2\">\n<div class=\"pgwrap3\">\n<div class=\"pgmain\">\n<div class=\"wrap\">\n<div class=\"article box\">\n<div class=\"boxbody\">\n<hr \/>\n<\/div>\n<\/div>\n<\/div>\n<\/div>\n<\/div>\n<\/div>\n<\/div>\n<p>[\/et_pb_text][\/et_pb_column_inner][et_pb_column_inner type=&#8221;1_3&#8243; saved_specialty_column_type=&#8221;3_4&#8243; _builder_version=&#8221;3.25&#8243; custom_padding=&#8221;|||&#8221; custom_padding__hover=&#8221;|||&#8221;][et_pb_image src=&#8221;https:\/\/sjavarutvegur.is\/wp-content\/uploads\/2016\/12\/Sjavarafl.png&#8221; url=&#8221;https:\/\/issuu.com\/sjavarafl&#8221; show_bottom_space=&#8221;off&#8221; align_tablet=&#8221;center&#8221; align_last_edited=&#8221;on|desktop&#8221; admin_label=&#8221;Sj\u00e1varafl&#8221; _builder_version=&#8221;3.23&#8243; custom_margin=&#8221;|25px||25px&#8221; custom_margin_tablet=&#8221;&#8221; custom_margin_phone=&#8221;&#8221; custom_margin_last_edited=&#8221;on|desktop&#8221; animation_style=&#8221;slide&#8221; animation_direction=&#8221;left&#8221; animation_duration=&#8221;500ms&#8221; animation_intensity_slide=&#8221;10%&#8221; use_border_color=&#8221;off&#8221; border_color=&#8221;#ffffff&#8221; border_width=&#8221;1px&#8221; border_style=&#8221;solid&#8221; sticky=&#8221;on&#8221;] [\/et_pb_image][et_pb_text admin_label=&#8221;Sj\u00e1varafl&#8221; _builder_version=&#8221;3.27.4&#8243; background_size=&#8221;initial&#8221; background_position=&#8221;top_left&#8221; background_repeat=&#8221;repeat&#8221; use_border_color=&#8221;off&#8221; border_style=&#8221;solid&#8221;]<\/p>\n<p><a href=\"https:\/\/issuu.com\/sjavarafl\">Sj\u00e1varafla <\/a>er veft\u00edmarit sem kemur \u00fat \u00e1 um m\u00e1na\u00f0ar fresti. Fjalla\u00f0 er um \u00fdmis m\u00e1lefni er tengjast sj\u00e1var\u00fatvegi.<\/p>\n<hr \/>\n<p>[\/et_pb_text][et_pb_image src=&#8221;https:\/\/sjavarutvegur.is\/wp-content\/uploads\/2017\/01\/s\u00f3knarf\u00e6ri.png&#8221; url=&#8221;https:\/\/issuu.com\/search?q=s%C3%B3knarf%C3%A6ri&#8221; show_bottom_space=&#8221;off&#8221; align_tablet=&#8221;center&#8221; align_last_edited=&#8221;on|desktop&#8221; admin_label=&#8221;Sj\u00e1varafl&#8221; _builder_version=&#8221;3.23&#8243; custom_margin=&#8221;||10px|&#8221; custom_margin_tablet=&#8221;&#8221; custom_margin_phone=&#8221;&#8221; custom_margin_last_edited=&#8221;on|desktop&#8221; animation_style=&#8221;slide&#8221; animation_direction=&#8221;left&#8221; animation_duration=&#8221;500ms&#8221; animation_intensity_slide=&#8221;10%&#8221; use_border_color=&#8221;off&#8221; border_color=&#8221;#ffffff&#8221; border_width=&#8221;1px&#8221; border_style=&#8221;solid&#8221; sticky=&#8221;on&#8221;] [\/et_pb_image][et_pb_text admin_label=&#8221;Sj\u00e1varafl&#8221; _builder_version=&#8221;3.27.4&#8243; background_size=&#8221;initial&#8221; background_position=&#8221;top_left&#8221; background_repeat=&#8221;repeat&#8221; use_border_color=&#8221;off&#8221; border_style=&#8221;solid&#8221;]<\/p>\n<p><a href=\"https:\/\/issuu.com\/search?q=s%C3%B3knarf%C3%A6ri\">S\u00f3knarf\u00e6ri<\/a> kemur \u00fat nokkru sinnum \u00e1 \u00e1ri og fjallar um sj\u00e1var\u00fatvegsm\u00e1l.<\/p>\n<hr \/>\n<p>[\/et_pb_text][\/et_pb_column_inner][et_pb_column_inner type=&#8221;1_3&#8243; saved_specialty_column_type=&#8221;3_4&#8243; _builder_version=&#8221;3.25&#8243; custom_padding=&#8221;|||&#8221; custom_padding__hover=&#8221;|||&#8221;][et_pb_image src=&#8221;https:\/\/sjavarutvegur.is\/wp-content\/uploads\/2016\/12\/brimfaxi.png&#8221; url=&#8221;http:\/\/www.smabatar.is\/brimfaxi.shtml&#8221; show_bottom_space=&#8221;off&#8221; align_tablet=&#8221;center&#8221; align_last_edited=&#8221;on|desktop&#8221; admin_label=&#8221;Brimfaxi&#8221; _builder_version=&#8221;3.23&#8243; custom_margin=&#8221;20px||10px|&#8221; animation_style=&#8221;slide&#8221; animation_direction=&#8221;left&#8221; animation_duration=&#8221;500ms&#8221; animation_intensity_slide=&#8221;10%&#8221; use_border_color=&#8221;off&#8221; border_color=&#8221;#ffffff&#8221; border_width=&#8221;1px&#8221; border_style=&#8221;solid&#8221; sticky=&#8221;on&#8221;] [\/et_pb_image][et_pb_text admin_label=&#8221;Text&#8221; _builder_version=&#8221;3.27.4&#8243; background_size=&#8221;initial&#8221; background_position=&#8221;top_left&#8221; background_repeat=&#8221;repeat&#8221; use_border_color=&#8221;off&#8221; border_style=&#8221;solid&#8221;]<\/p>\n<p><a href=\"http:\/\/www.smabatar.is\/brimfaxi.shtml\">Brimfaxi<\/a> er t\u00edmarit sem fjallar um sj\u00e1var\u00fatvegsm\u00e1l og er gefi\u00f0 \u00fat af Landssambandi sm\u00e1b\u00e1taeigenda.<\/p>\n<hr \/>\n<p>[\/et_pb_text][et_pb_image src=&#8221;https:\/\/sjavarutvegur.is\/wp-content\/uploads\/2017\/01\/baendabladid.jpg&#8221; url=&#8221;http:\/\/www.bbl.is\/baendabladid\/&#8221; show_bottom_space=&#8221;off&#8221; align_tablet=&#8221;center&#8221; align_last_edited=&#8221;on|desktop&#8221; admin_label=&#8221;Brimfaxi&#8221; _builder_version=&#8221;3.23&#8243; custom_margin=&#8221;20px||10px|&#8221; animation_style=&#8221;slide&#8221; animation_direction=&#8221;left&#8221; animation_duration=&#8221;500ms&#8221; animation_intensity_slide=&#8221;10%&#8221; use_border_color=&#8221;off&#8221; border_color=&#8221;#ffffff&#8221; border_width=&#8221;1px&#8221; border_style=&#8221;solid&#8221; sticky=&#8221;on&#8221;] [\/et_pb_image][et_pb_text admin_label=&#8221;Text&#8221; _builder_version=&#8221;3.27.4&#8243; background_size=&#8221;initial&#8221; background_position=&#8221;top_left&#8221; background_repeat=&#8221;repeat&#8221; use_border_color=&#8221;off&#8221; border_style=&#8221;solid&#8221;]<\/p>\n<p><a href=\"http:\/\/www.bbl.is\/baendabladid\/\">B\u00e6ndabla\u00f0i\u00f0<\/a> er t\u00edmarit fyrir landb\u00fana\u00f0 en \u00fear er stundum a\u00f0 finna \u00e1hugavert efni um lagareldi.<\/p>\n<hr \/>\n<p>[\/et_pb_text][\/et_pb_column_inner][\/et_pb_row_inner][\/et_pb_column][et_pb_column type=&#8221;1_4&#8243; _builder_version=&#8221;3.25&#8243; custom_padding=&#8221;|||&#8221; custom_padding__hover=&#8221;|||&#8221;][et_pb_testimonial quote_icon_color=&#8221;#002efc&#8221; admin_label=&#8221;Vefrit&#8221; _builder_version=&#8221;4.7.7&#8243; background_color=&#8221;#ffffff&#8221; background_size=&#8221;initial&#8221; background_position=&#8221;top_left&#8221; background_repeat=&#8221;repeat&#8221; hover_enabled=&#8221;0&#8243; border_width_all=&#8221;1px&#8221; border_color_all=&#8221;#002df7&#8243; border_style_all=&#8221;solid&#8221; use_border_color=&#8221;on&#8221; border_color=&#8221;#002df7&#8243; border_style=&#8221;solid&#8221; sticky_enabled=&#8221;0&#8243;]<\/p>\n<h4><strong>Vefrit<\/strong><\/h4>\n<ul>\n<li><a href=\"http:\/\/www.smabatar.is\/brimfaxi.shtml\">Brimfaxi<\/a><\/li>\n<li><a href=\"https:\/\/lagareldi.is\/fiskeldisfrettir\/\">Fiskeldisfr\u00e9ttir<\/a><\/li>\n<li><a href=\"https:\/\/issuu.com\/sjavarafl\">Sj\u00e1varafl<\/a><\/li>\n<li><a href=\"https:\/\/sjavarutvegur.is\/?page_id=948\">Sj\u00e1var\u00fatvegurinn<\/a><\/li>\n<li><a href=\"https:\/\/issuu.com\/search?q=s%C3%B3knarf%C3%A6ri\">S\u00f3knarf\u00e6ri<\/a><\/li>\n<\/ul>\n<p>[\/et_pb_testimonial][\/et_pb_column][\/et_pb_section]<\/p>\n","protected":false},"excerpt":{"rendered":"<p>Veft\u00edmarit Fiskeldisfr\u00e9ttir koma \u00fat \u00e1 tveggja m\u00e1na\u00f0a fresti og eru gefnar \u00fat \u00e1 vegum Sj\u00e1var\u00fatvegs\u00fej\u00f3nustunnar. \u00cd Fiskeldisfr\u00e9ttum eru uppl\u00fdsingar og fr\u00e9ttir af \u00edslensku lagareldi, \u00fe.e.a.s. fiskeldi, fiskr\u00e6kt, hafbeit, skeld\u00fdrar\u00e6kt og \u00fe\u00f6rungar\u00e6kt. Sj\u00e1varafla er veft\u00edmarit sem kemur \u00fat \u00e1 um m\u00e1na\u00f0ar fresti. Fjalla\u00f0 er um \u00fdmis m\u00e1lefni er tengjast sj\u00e1var\u00fatvegi. S\u00f3knarf\u00e6ri kemur \u00fat nokkru sinnum \u00e1 [&hellip;]<\/p>\n","protected":false},"author":2,"featured_media":0,"parent":321,"menu_order":0,"comment_status":"closed","ping_status":"closed","template":"","meta":{"_et_pb_use_builder":"on","_et_pb_old_content":"","_et_gb_content_width":"","footnotes":""},"class_list":["post-552","page","type-page","status-publish","hentry"],"_links":{"self":[{"href":"https:\/\/sjavarutvegur.is\/index.php?rest_route=\/wp\/v2\/pages\/552","targetHints":{"allow":["GET"]}}],"collection":[{"href":"https:\/\/sjavarutvegur.is\/index.php?rest_route=\/wp\/v2\/pages"}],"about":[{"href":"https:\/\/sjavarutvegur.is\/index.php?rest_route=\/wp\/v2\/types\/page"}],"author":[{"embeddable":true,"href":"https:\/\/sjavarutvegur.is\/index.php?rest_route=\/wp\/v2\/users\/2"}],"replies":[{"embeddable":true,"href":"https:\/\/sjavarutvegur.is\/index.php?rest_route=%2Fwp%2Fv2%2Fcomments&post=552"}],"version-history":[{"count":20,"href":"https:\/\/sjavarutvegur.is\/index.php?rest_route=\/wp\/v2\/pages\/552\/revisions"}],"predecessor-version":[{"id":2404,"href":"https:\/\/sjavarutvegur.is\/index.php?rest_route=\/wp\/v2\/pages\/552\/revisions\/2404"}],"up":[{"embeddable":true,"href":"https:\/\/sjavarutvegur.is\/index.php?rest_route=\/wp\/v2\/pages\/321"}],"wp:attachment":[{"href":"https:\/\/sjavarutvegur.is\/index.php?rest_route=%2Fwp%2Fv2%2Fmedia&parent=552"}],"curies":[{"name":"wp","href":"https:\/\/api.w.org\/{rel}","templated":true}]}}