{"id":459,"date":"2016-12-25T11:16:14","date_gmt":"2016-12-25T11:16:14","guid":{"rendered":"http:\/\/dev.sjavarutvegur.is\/?page_id=459"},"modified":"2021-01-03T13:14:25","modified_gmt":"2021-01-03T13:14:25","slug":"umhverfismal","status":"publish","type":"page","link":"https:\/\/sjavarutvegur.is\/?page_id=459","title":{"rendered":"Umhverfism\u00e1l"},"content":{"rendered":"<p>[et_pb_section fb_built=&#8221;1&#8243; specialty=&#8221;on&#8221; custom_padding_last_edited=&#8221;on|desktop&#8221; admin_label=&#8221;Section&#8221; _builder_version=&#8221;3.22&#8243; background_color=&#8221;rgba(4,0,255,0.02)&#8221; custom_padding=&#8221;60px|0px|36px|0px&#8221; custom_padding_tablet=&#8221;50px|0|50px|0&#8243; custom_padding_phone=&#8221;&#8221; transparent_background=&#8221;off&#8221; padding_mobile=&#8221;off&#8221;][et_pb_column type=&#8221;3_4&#8243; specialty_columns=&#8221;3&#8243; _builder_version=&#8221;3.25&#8243; custom_padding=&#8221;|||&#8221; custom_padding__hover=&#8221;|||&#8221;][et_pb_row_inner padding_mobile=&#8221;off&#8221; make_equal=&#8221;on&#8221; column_padding_mobile=&#8221;off&#8221; admin_label=&#8221;Row&#8221; _builder_version=&#8221;3.25&#8243; custom_margin=&#8221;-60px||-30px|&#8221; custom_padding=&#8221;|||&#8221;][et_pb_column_inner saved_specialty_column_type=&#8221;3_4&#8243; _builder_version=&#8221;3.25&#8243; custom_padding=&#8221;| | | &#8221; custom_padding__hover=&#8221;|||&#8221;][et_pb_text admin_label=&#8221;Umhverfism\u00e1l&#8221; _builder_version=&#8221;3.27.4&#8243; background_size=&#8221;initial&#8221; background_position=&#8221;top_left&#8221; background_repeat=&#8221;repeat&#8221; use_border_color=&#8221;off&#8221; border_style=&#8221;solid&#8221;]<\/p>\n<h3><span style=\"color: #0000ff;\"><strong>Umhverfism\u00e1l<\/strong><\/span><\/h3>\n<hr \/>\n<p>[\/et_pb_text][\/et_pb_column_inner][\/et_pb_row_inner][et_pb_row_inner padding_mobile=&#8221;off&#8221; column_padding_mobile=&#8221;off&#8221; admin_label=&#8221;Row&#8221; _builder_version=&#8221;3.25&#8243; column_structure=&#8221;1_2,1_2&#8243;][et_pb_column_inner type=&#8221;1_2&#8243; saved_specialty_column_type=&#8221;3_4&#8243; _builder_version=&#8221;3.25&#8243; custom_padding=&#8221;|||&#8221; custom_padding__hover=&#8221;|||&#8221;][et_pb_image src=&#8221;https:\/\/sjavarutvegur.is\/wp-content\/uploads\/2021\/01\/UST_Logo_Web-RGB_Color_Name.png&#8221; _builder_version=&#8221;4.7.7&#8243; _module_preset=&#8221;default&#8221; hover_enabled=&#8221;0&#8243; sticky_enabled=&#8221;0&#8243; title_text=&#8221;UST_Logo_Web-RGB_Color_Name&#8221; url=&#8221;https:\/\/ust.is\/haf-og-vatn\/&#8221; width=&#8221;76%&#8221;][\/et_pb_image][et_pb_text _builder_version=&#8221;4.7.7&#8243; _module_preset=&#8221;default&#8221; hover_enabled=&#8221;0&#8243; sticky_enabled=&#8221;0&#8243;]<\/p>\n<p><span>Hlutverk <a href=\"https:\/\/ust.is\/haf-og-vatn\/\">Umhverfisstofnunar<\/a> er a\u00f0 stu\u00f0la a\u00f0 velfer\u00f0 almennings me\u00f0 \u00fev\u00ed a\u00f0 beita s\u00e9r fyrir heiln\u00e6mu umhverfi, \u00f6ruggum neysluv\u00f6rum og verndun og sj\u00e1lfb\u00e6rri n\u00fdtingu n\u00e1tt\u00faruau\u00f0linda.\u00a0 \u00dear eru m.a. uppl\u00fdsingar um <a href=\"https:\/\/ust.is\/haf-og-vatn\/bradamengun\/\">br\u00e1\u00f0amengun<\/a>, <a href=\"https:\/\/ust.is\/haf-og-vatn\/mengun-fra-skipum\/\">mengun fr\u00e1 skipum<\/a>, <a href=\"https:\/\/ust.is\/haf-og-vatn\/varp-i-hafid-og-lagnir-i-sjo\/\">varp \u00ed hafi\u00f0 og lagnir \u00ed sj\u00f3<\/a> o.fl.<\/span><\/p>\n<p>[\/et_pb_text][et_pb_image src=&#8221;https:\/\/sjavarutvegur.is\/wp-content\/uploads\/2021\/01\/blai-herinn-logo-1-242&#215;300.jpg&#8221; url=&#8221;http:\/\/blaiherinn.is\/&#8221; show_bottom_space=&#8221;off&#8221; align_tablet=&#8221;center&#8221; align_last_edited=&#8221;on|desktop&#8221; admin_label=&#8221;Bl\u00e1i herinn&#8221; _builder_version=&#8221;4.7.7&#8243; animation_style=&#8221;slide&#8221; animation_direction=&#8221;left&#8221; animation_duration=&#8221;500ms&#8221; animation_intensity_slide=&#8221;10%&#8221; hover_enabled=&#8221;0&#8243; use_border_color=&#8221;off&#8221; border_color=&#8221;#ffffff&#8221; border_width=&#8221;1px&#8221; border_style=&#8221;solid&#8221; sticky=&#8221;on&#8221; title_text=&#8221;blai-herinn-logo&#8221; sticky_enabled=&#8221;0&#8243; width=&#8221;33%&#8221;] [\/et_pb_image][et_pb_text admin_label=&#8221;Bl\u00e1i &#8211; texti&#8221; _builder_version=&#8221;3.27.4&#8243; background_size=&#8221;initial&#8221; background_position=&#8221;top_left&#8221; background_repeat=&#8221;repeat&#8221; use_border_color=&#8221;off&#8221; border_style=&#8221;solid&#8221;]<\/p>\n<h4><\/h4>\n<div class=\"pgwrap twocol varslan\">\n<div class=\"pgwrap2\">\n<div class=\"pgwrap3\">\n<div class=\"pgmain\">\n<div class=\"wrap\">\n<div class=\"article box\">\n<div class=\"boxbody\">\n<p><a href=\"http:\/\/blaiherinn.is\/\">Bl\u00e1i herinn<\/a> me\u00f0 T\u00f3mas J. Kn\u00fatsson \u00ed broddi fylkingar hefur veri\u00f0 lei\u00f0andi \u00ed hreinsunar\u00e1t\u00f6kum vi\u00f0 str\u00f6nd landsins.<\/p>\n<div id=\"page_wrapper\"><\/div>\n<hr \/>\n<\/div>\n<\/div>\n<\/div>\n<\/div>\n<\/div>\n<\/div>\n<\/div>\n<p>[\/et_pb_text][\/et_pb_column_inner][et_pb_column_inner type=&#8221;1_2&#8243; saved_specialty_column_type=&#8221;3_4&#8243; _builder_version=&#8221;3.25&#8243; custom_padding=&#8221;|||&#8221; custom_padding__hover=&#8221;|||&#8221;][et_pb_image src=&#8221;https:\/\/sjavarutvegur.is\/wp-content\/uploads\/2016\/12\/hafid.png&#8221; url=&#8221;http:\/\/hafid.info\/&#8221; show_bottom_space=&#8221;off&#8221; align_tablet=&#8221;center&#8221; align_last_edited=&#8221;on|desktop&#8221; admin_label=&#8221;Hafi\u00f0 &#8211; logo&#8221; _builder_version=&#8221;3.23&#8243; custom_margin=&#8221;-20px|||&#8221; custom_margin_tablet=&#8221;&#8221; custom_margin_phone=&#8221;&#8221; custom_margin_last_edited=&#8221;on|desktop&#8221; animation_style=&#8221;slide&#8221; animation_direction=&#8221;left&#8221; animation_duration=&#8221;500ms&#8221; animation_intensity_slide=&#8221;10%&#8221; use_border_color=&#8221;off&#8221; border_color=&#8221;#ffffff&#8221; border_width=&#8221;1px&#8221; border_style=&#8221;solid&#8221; sticky=&#8221;on&#8221;] [\/et_pb_image][et_pb_text admin_label=&#8221;Hafi\u00f0 &#8211; texti&#8221; _builder_version=&#8221;3.27.4&#8243; background_size=&#8221;initial&#8221; background_position=&#8221;top_left&#8221; background_repeat=&#8221;repeat&#8221; use_border_color=&#8221;off&#8221; border_style=&#8221;solid&#8221;]<\/p>\n<h4><\/h4>\n<p>\u00d6ndvegissetur um sj\u00e1lfb\u00e6ra n\u00fdtingu og verndun hafsins. Starfsemi <a href=\"http:\/\/hafid.info\/\">Hafsins<\/a> \u00e1 r\u00e6tur a\u00f0 rekja til samstarfs fyrirt\u00e6kja sem vilja \u00fer\u00f3a og n\u00fdta gr\u00e6na t\u00e6kni, til verndar hafinu.\u00a0<\/p>\n<hr \/>\n<p>[\/et_pb_text][et_pb_image src=&#8221;https:\/\/sjavarutvegur.is\/wp-content\/uploads\/2021\/01\/Picture1.png&#8221; _builder_version=&#8221;4.7.7&#8243; _module_preset=&#8221;default&#8221; title_text=&#8221;Picture1&#8243; url=&#8221;https:\/\/himinnoghaf.is\/mengunsjavar\/&#8221; hover_enabled=&#8221;0&#8243; sticky_enabled=&#8221;0&#8243;][\/et_pb_image][et_pb_text _builder_version=&#8221;4.7.7&#8243; _module_preset=&#8221;default&#8221; hover_enabled=&#8221;0&#8243; sticky_enabled=&#8221;0&#8243;]<\/p>\n<p>H\u00e9r er mikill fr\u00f3\u00f0leikur um <a href=\"https:\/\/himinnoghaf.is\/mengunsjavar\/\">mengun sj\u00e1var<\/a>; Ol\u00edumengun, loftslagsbreytingar og s\u00farnun sj\u00e1var, plastmengun, efnamengun og margt fleira.\u00a0<\/p>\n<p>[\/et_pb_text][\/et_pb_column_inner][\/et_pb_row_inner][\/et_pb_column][et_pb_column type=&#8221;1_4&#8243; _builder_version=&#8221;3.25&#8243; custom_padding=&#8221;|||&#8221; custom_padding__hover=&#8221;|||&#8221;][et_pb_testimonial quote_icon_color=&#8221;#0025f9&#8243; admin_label=&#8221;Umhverfisvefir&#8221; _builder_version=&#8221;4.7.7&#8243; background_color=&#8221;#ffffff&#8221; background_size=&#8221;initial&#8221; background_position=&#8221;top_left&#8221; background_repeat=&#8221;repeat&#8221; hover_enabled=&#8221;0&#8243; border_width_all=&#8221;1px&#8221; border_color_all=&#8221;#2500f7&#8243; border_style_all=&#8221;solid&#8221; use_border_color=&#8221;on&#8221; border_color=&#8221;#2500f7&#8243; border_style=&#8221;solid&#8221; sticky_enabled=&#8221;0&#8243;]<\/p>\n<h4 style=\"text-align: center;\"><span style=\"color: #000000;\"><strong>Umhverfism\u00e1l<\/strong><\/span><\/h4>\n<ul>\n<li><a href=\"http:\/\/blaiherinn.is\/\">Bl\u00e1i herinn<\/a><\/li>\n<li><a href=\"http:\/\/hafid.info\/\" style=\"font-size: 14px;\">Hafi\u00f0<\/a><\/li>\n<li><a href=\"http:\/\/natturuvernd.is\/\">N\u00e1tt\u00faruverndar-samt\u00f6k \u00cdslands<\/a><\/li>\n<li style=\"font-size: 14px;\"><a href=\"http:\/\/purenorth.is\/\" style=\"font-size: 14px;\">Pure North<\/a><\/li>\n<li><a href=\"http:\/\/www.skipulag.is\/\">Skipulagsstofnun<\/a><\/li>\n<li><a href=\"http:\/\/www.ust.is\">Umhverfisstofnun &#8211; Haf og vatn<\/a><\/li>\n<li><a href=\"https:\/\/www.umhverfisraduneyti.is\/\">Umhverfis- og au\u00f0lindar\u00e1\u00f0uneyti\u00f0<\/a><\/li>\n<\/ul>\n<p>[\/et_pb_testimonial][\/et_pb_column][\/et_pb_section]<\/p>\n","protected":false},"excerpt":{"rendered":"<p>Umhverfism\u00e1l Hlutverk Umhverfisstofnunar er a\u00f0 stu\u00f0la a\u00f0 velfer\u00f0 almennings me\u00f0 \u00fev\u00ed a\u00f0 beita s\u00e9r fyrir heiln\u00e6mu umhverfi, \u00f6ruggum neysluv\u00f6rum og verndun og sj\u00e1lfb\u00e6rri n\u00fdtingu n\u00e1tt\u00faruau\u00f0linda.\u00a0 \u00dear eru m.a. uppl\u00fdsingar um br\u00e1\u00f0amengun, mengun fr\u00e1 skipum, varp \u00ed hafi\u00f0 og lagnir \u00ed sj\u00f3 o.fl. Bl\u00e1i herinn me\u00f0 T\u00f3mas J. Kn\u00fatsson \u00ed broddi fylkingar hefur veri\u00f0 lei\u00f0andi \u00ed [&hellip;]<\/p>\n","protected":false},"author":2,"featured_media":0,"parent":457,"menu_order":0,"comment_status":"closed","ping_status":"closed","template":"","meta":{"_et_pb_use_builder":"on","_et_pb_old_content":"","_et_gb_content_width":"","footnotes":""},"class_list":["post-459","page","type-page","status-publish","hentry"],"_links":{"self":[{"href":"https:\/\/sjavarutvegur.is\/index.php?rest_route=\/wp\/v2\/pages\/459","targetHints":{"allow":["GET"]}}],"collection":[{"href":"https:\/\/sjavarutvegur.is\/index.php?rest_route=\/wp\/v2\/pages"}],"about":[{"href":"https:\/\/sjavarutvegur.is\/index.php?rest_route=\/wp\/v2\/types\/page"}],"author":[{"embeddable":true,"href":"https:\/\/sjavarutvegur.is\/index.php?rest_route=\/wp\/v2\/users\/2"}],"replies":[{"embeddable":true,"href":"https:\/\/sjavarutvegur.is\/index.php?rest_route=%2Fwp%2Fv2%2Fcomments&post=459"}],"version-history":[{"count":14,"href":"https:\/\/sjavarutvegur.is\/index.php?rest_route=\/wp\/v2\/pages\/459\/revisions"}],"predecessor-version":[{"id":2448,"href":"https:\/\/sjavarutvegur.is\/index.php?rest_route=\/wp\/v2\/pages\/459\/revisions\/2448"}],"up":[{"embeddable":true,"href":"https:\/\/sjavarutvegur.is\/index.php?rest_route=\/wp\/v2\/pages\/457"}],"wp:attachment":[{"href":"https:\/\/sjavarutvegur.is\/index.php?rest_route=%2Fwp%2Fv2%2Fmedia&parent=459"}],"curies":[{"name":"wp","href":"https:\/\/api.w.org\/{rel}","templated":true}]}}