{"id":319,"date":"2016-12-22T16:23:15","date_gmt":"2016-12-22T16:23:15","guid":{"rendered":"http:\/\/dev.sjavarutvegur.is\/?page_id=319"},"modified":"2021-01-03T13:32:44","modified_gmt":"2021-01-03T13:32:44","slug":"menntun","status":"publish","type":"page","link":"https:\/\/sjavarutvegur.is\/?page_id=319","title":{"rendered":"Menntun"},"content":{"rendered":"<p>[et_pb_section fb_built=&#8221;1&#8243; custom_padding_last_edited=&#8221;on|desktop&#8221; admin_label=&#8221;Section&#8221; _builder_version=&#8221;3.22&#8243; background_color=&#8221;rgba(4,0,255,0.02)&#8221; custom_padding=&#8221;43px|0px|0px|0px&#8221; custom_padding_tablet=&#8221;50px|0|50px|0&#8243; custom_padding_phone=&#8221;&#8221; transparent_background=&#8221;off&#8221; padding_mobile=&#8221;off&#8221;][et_pb_row padding_mobile=&#8221;off&#8221; column_padding_mobile=&#8221;on&#8221; admin_label=&#8221;Row&#8221; _builder_version=&#8221;3.25&#8243; background_size=&#8221;initial&#8221; background_position=&#8221;top_left&#8221; background_repeat=&#8221;repeat&#8221; custom_padding=&#8221;30px|0px|13px|0px&#8221;][et_pb_column type=&#8221;4_4&#8243; _builder_version=&#8221;3.25&#8243; custom_padding=&#8221;|||&#8221; custom_padding__hover=&#8221;|||&#8221;][et_pb_text admin_label=&#8221;Text&#8221; _builder_version=&#8221;3.27.4&#8243; background_size=&#8221;initial&#8221; background_position=&#8221;top_left&#8221; background_repeat=&#8221;repeat&#8221; custom_margin=&#8221;-33px||-150px|&#8221; use_border_color=&#8221;off&#8221; border_style=&#8221;solid&#8221;]<\/p>\n<h3><span style=\"color: #0000ff;\">Menntam\u00e1l sj\u00e1var\u00fatvegsins<\/span><\/h3>\n<hr \/>\n<h3><\/h3>\n<p>[\/et_pb_text][\/et_pb_column][\/et_pb_row][\/et_pb_section][et_pb_section fb_built=&#8221;1&#8243; specialty=&#8221;on&#8221; custom_padding_last_edited=&#8221;on|desktop&#8221; admin_label=&#8221;Section&#8221; _builder_version=&#8221;3.22&#8243; background_color=&#8221;rgba(4,0,255,0.02)&#8221; custom_padding=&#8221;3px|0px|60px|0px&#8221; custom_padding_tablet=&#8221;50px|0|50px|0&#8243; custom_padding_phone=&#8221;&#8221; transparent_background=&#8221;off&#8221; padding_mobile=&#8221;off&#8221;][et_pb_column type=&#8221;3_4&#8243; specialty_columns=&#8221;3&#8243; _builder_version=&#8221;3.25&#8243; custom_padding=&#8221;|||&#8221; custom_padding__hover=&#8221;|||&#8221;][et_pb_row_inner column_structure=&#8221;1_3,1_3,1_3&#8243; padding_mobile=&#8221;off&#8221; column_padding_mobile=&#8221;off&#8221; admin_label=&#8221;Row&#8221; _builder_version=&#8221;3.25&#8243; custom_padding=&#8221;0px|0px|30px|0px&#8221; custom_padding_phone=&#8221;0px|0px|0px|0px&#8221;][et_pb_column_inner type=&#8221;1_3&#8243; saved_specialty_column_type=&#8221;3_4&#8243; _builder_version=&#8221;3.25&#8243; custom_padding=&#8221;|||&#8221; custom_padding__hover=&#8221;|||&#8221;][et_pb_image src=&#8221;https:\/\/sjavarutvegur.is\/wp-content\/uploads\/2016\/12\/menntanet-logo1.png&#8221; url=&#8221;http:\/\/menntanet.is\/&#8221; align_tablet=&#8221;center&#8221; align_phone=&#8221;&#8221; align_last_edited=&#8221;on|desktop&#8221; admin_label=&#8221;Menntanet&#8221; _builder_version=&#8221;3.23&#8243; custom_margin=&#8221;|||&#8221; animation_style=&#8221;slide&#8221; animation_direction=&#8221;left&#8221; animation_duration=&#8221;500ms&#8221; animation_intensity_slide=&#8221;10%&#8221; use_border_color=&#8221;off&#8221; border_color=&#8221;#ffffff&#8221; border_width=&#8221;1px&#8221; border_style=&#8221;solid&#8221; sticky=&#8221;off&#8221;] [\/et_pb_image][et_pb_text admin_label=&#8221;Text&#8221; _builder_version=&#8221;3.27.4&#8243; background_size=&#8221;initial&#8221; background_position=&#8221;top_left&#8221; background_repeat=&#8221;repeat&#8221; use_border_color=&#8221;off&#8221; border_style=&#8221;solid&#8221;]<\/p>\n<p><a href=\"http:\/\/menntanet.is\/\">Menntanet sj\u00e1var\u00fatvegsins <\/a>er vefsv\u00e6\u00f0i sem gefur yfirlit yfir a\u00f0gengilegt fr\u00e6\u00f0slu- og kynningarefni, n\u00e1mslei\u00f0ir og gagnlegar vefs\u00ed\u00f0ur innan sj\u00e1var\u00fatvegsins. Ritstj\u00f3rn skipu\u00f0 a\u00f0ilum \u00far atvinnul\u00edfinu og fulltr\u00faum menntastofnanna\u00a0hafa yfirumsj\u00f3n me\u00f0 vefnum.<\/p>\n<hr \/>\n<p>\u00a0<\/p>\n<p>[\/et_pb_text][et_pb_image src=&#8221;https:\/\/sjavarutvegur.is\/wp-content\/uploads\/2019\/09\/Haskolasetur.png&#8221; url=&#8221;https:\/\/www.uw.is\/&#8221; align_tablet=&#8221;center&#8221; align_phone=&#8221;&#8221; align_last_edited=&#8221;on|desktop&#8221; admin_label=&#8221;Menntanet&#8221; _builder_version=&#8221;3.29.3&#8243; custom_margin=&#8221;|||&#8221; animation_style=&#8221;slide&#8221; animation_direction=&#8221;left&#8221; animation_duration=&#8221;500ms&#8221; animation_intensity_slide=&#8221;10%&#8221; use_border_color=&#8221;off&#8221; border_color=&#8221;#ffffff&#8221; border_width=&#8221;1px&#8221; border_style=&#8221;solid&#8221; sticky=&#8221;off&#8221;] [\/et_pb_image][et_pb_text admin_label=&#8221;Text&#8221; _builder_version=&#8221;3.29.3&#8243; background_size=&#8221;initial&#8221; background_position=&#8221;top_left&#8221; background_repeat=&#8221;repeat&#8221; use_border_color=&#8221;off&#8221; border_style=&#8221;solid&#8221;]<\/p>\n<p>Hj\u00e1 <a href=\"https:\/\/www.uw.is\/\">H\u00e1k\u00f3lasetri Vestfjar\u00f0a<\/a> er meistaran\u00e1m \u00ed:<\/p>\n<ul>\n<li><a href=\"https:\/\/www.uw.is\/hafogstrand\/\">Haf- og strandsv\u00e6\u00f0astj\u00f3rnun<\/a><\/li>\n<li>\n<p><a href=\"https:\/\/www.uw.is\/sjavarbyggdafraedi\/\">Sj\u00e1varbygg\u00f0afr\u00e6\u00f0i<\/a><\/p>\n<\/li>\n<li>\n<p><a href=\"https:\/\/www.uw.is\/sjavartengd_nyskopun\/\">Sj\u00e1vartengd n\u00fdsk\u00f6pun<\/a><\/p>\n<\/li>\n<\/ul>\n<p>[\/et_pb_text][\/et_pb_column_inner][et_pb_column_inner type=&#8221;1_3&#8243; saved_specialty_column_type=&#8221;3_4&#8243; _builder_version=&#8221;3.25&#8243; custom_padding=&#8221;|||&#8221; custom_padding__hover=&#8221;|||&#8221;][et_pb_image src=&#8221;https:\/\/sjavarutvegur.is\/wp-content\/uploads\/2016\/12\/unak.png&#8221; url=&#8221;http:\/\/www.unak.is\/&#8221; align_tablet=&#8221;center&#8221; align_phone=&#8221;&#8221; align_last_edited=&#8221;on|desktop&#8221; admin_label=&#8221;unak &#8211; logo&#8221; _builder_version=&#8221;3.23&#8243; custom_margin=&#8221;|||&#8221; animation_style=&#8221;slide&#8221; animation_direction=&#8221;left&#8221; animation_duration=&#8221;500ms&#8221; animation_intensity_slide=&#8221;10%&#8221; use_border_color=&#8221;off&#8221; border_color=&#8221;#ffffff&#8221; border_width=&#8221;1px&#8221; border_style=&#8221;solid&#8221; sticky=&#8221;off&#8221;] [\/et_pb_image][et_pb_text admin_label=&#8221;unak&#8221; _builder_version=&#8221;3.27.4&#8243; background_size=&#8221;initial&#8221; background_position=&#8221;top_left&#8221; background_repeat=&#8221;repeat&#8221; use_border_color=&#8221;off&#8221; border_style=&#8221;solid&#8221;]<\/p>\n<p>Vi\u00f0 <a href=\"http:\/\/www.unak.is\/\"><strong>H\u00e1sk\u00f3lann \u00e1 Akureyri<\/strong><\/a> er l\u00f6g\u00f0 r\u00edk \u00e1hersla \u00e1 n\u00e1m tengt sj\u00e1var\u00fatvegi. Eftirfarandi n\u00e1msbrautir eru \u00ed bo\u00f0i:<\/p>\n<div class=\"zerogrid\">\n<div class=\"main\">\n<div class=\"wrap-col flat-page\">\n<ul>\n<li><a href=\"http:\/\/www.unak.is\/vidskiptaograunvisindasvid\/audlindadeild\/sjavarutvegsfraedi\">BSc \u00ed sj\u00e1var\u00fatvegsfr\u00e6\u00f0i (180 ECTS) <\/a>(Sta\u00f0ar- e\u00f0a fjarn\u00e1m)<\/li>\n<li><a href=\"http:\/\/www.unak.is\/vidskiptaograunvisindasvid\/audlindadeild\/liftaekni\">BSc \u00ed l\u00edft\u00e6kni (180 ECTS)<\/a>\u00a0(Sta\u00f0ar- e\u00f0a fjarn\u00e1m)<\/li>\n<\/ul>\n<\/div>\n<\/div>\n<\/div>\n<hr \/>\n<p>[\/et_pb_text][et_pb_image src=&#8221;https:\/\/sjavarutvegur.is\/wp-content\/uploads\/2021\/01\/taekniskoli-islands.png&#8221; _builder_version=&#8221;4.7.7&#8243; _module_preset=&#8221;default&#8221; title_text=&#8221;t\u00e6knisk\u00f3li \u00edslands&#8221; url=&#8221;https:\/\/tskoli.is\/&#8221; hover_enabled=&#8221;0&#8243; sticky_enabled=&#8221;0&#8243;][\/et_pb_image][et_pb_text _builder_version=&#8221;4.7.7&#8243; _module_preset=&#8221;default&#8221; hover_enabled=&#8221;0&#8243; sticky_enabled=&#8221;0&#8243;]<\/p>\n<p>\u00cd <a href=\"https:\/\/tskoli.is\/\">T\u00e6knisk\u00f3la \u00cdslands<\/a> er m.a. n\u00e1mi \u00ed skipstj\u00f3rn og v\u00e9lstj\u00f3rn.<\/p>\n<p>[\/et_pb_text][\/et_pb_column_inner][et_pb_column_inner type=&#8221;1_3&#8243; saved_specialty_column_type=&#8221;3_4&#8243; _builder_version=&#8221;3.25&#8243; custom_padding=&#8221;|||&#8221; custom_padding__hover=&#8221;|||&#8221;][et_pb_image src=&#8221;https:\/\/sjavarutvegur.is\/wp-content\/uploads\/2016\/12\/fiskt\u00e6knisk\u00f3linn_logo.jpg&#8221; url=&#8221;http:\/\/fiskt.is\/&#8221; align_tablet=&#8221;center&#8221; align_phone=&#8221;&#8221; align_last_edited=&#8221;on|desktop&#8221; admin_label=&#8221;fiskt\u00e6kni &#8211; logo&#8221; _builder_version=&#8221;3.23&#8243; custom_margin=&#8221;|||&#8221; animation_style=&#8221;slide&#8221; animation_direction=&#8221;left&#8221; animation_duration=&#8221;500ms&#8221; animation_intensity_slide=&#8221;10%&#8221; use_border_color=&#8221;off&#8221; border_color=&#8221;#ffffff&#8221; border_width=&#8221;1px&#8221; border_style=&#8221;solid&#8221; sticky=&#8221;off&#8221;] [\/et_pb_image][et_pb_text admin_label=&#8221;fiskst\u00e6kni&#8221; _builder_version=&#8221;3.29.3&#8243; background_size=&#8221;initial&#8221; background_position=&#8221;top_left&#8221; background_repeat=&#8221;repeat&#8221; use_border_color=&#8221;off&#8221; border_style=&#8221;solid&#8221;]<\/p>\n<p><strong><a href=\"http:\/\/fiskt.is\/\">Fiskt\u00e6knisk\u00f3li \u00cdslands\u00a0<\/a><\/strong>b\u00fd\u00f0ur upp \u00e1 fj\u00f6lbreytt n\u00e1m \u00ed sj\u00e1var\u00fatvegi. Allar n\u00e1msbrautir skiptast \u00ed b\u00f3klegt n\u00e1m og verklegt \u00e1 vinnusta\u00f0.\u00a0<\/p>\n<div class=\"zerogrid\">\n<div class=\"main\"><\/div>\n<\/div>\n<hr \/>\n<p>&nbsp;<\/p>\n<p>[\/et_pb_text][\/et_pb_column_inner][\/et_pb_row_inner][\/et_pb_column][et_pb_column type=&#8221;1_4&#8243; _builder_version=&#8221;3.25&#8243; custom_padding=&#8221;|||&#8221; custom_padding__hover=&#8221;|||&#8221;][et_pb_testimonial quote_icon_color=&#8221;#002efc&#8221; admin_label=&#8221;fr\u00e6\u00f0sla &#8211; linkar&#8221; _builder_version=&#8221;3.2&#8243; background_color=&#8221;#ffffff&#8221; background_size=&#8221;initial&#8221; background_position=&#8221;top_left&#8221; background_repeat=&#8221;repeat&#8221; custom_margin=&#8221;|||&#8221; border_width_all=&#8221;1px&#8221; border_color_all=&#8221;#0026ff&#8221; border_style_all=&#8221;solid&#8221; use_border_color=&#8221;on&#8221; border_color=&#8221;#0026ff&#8221; border_style=&#8221;solid&#8221;]<\/p>\n<h4><strong><span style=\"color: #006ac1;\">Fr\u00e6\u00f0sluefni<\/span><\/strong><\/h4>\n<ul>\n<li><a href=\"http:\/\/menntanet.is\/\">Menntanet sj\u00e1var\u00fatvegsins<\/a><\/li>\n<li><a href=\"https:\/\/sjavarutvegur.is\/wp-content\/uploads\/2016\/12\/Fr\u00e6\u00f0sluefni-\u00ed-sj\u00e1var\u00fatvegi.pdf\">Fr\u00e6\u00f0sluefni \u00ed sj\u00e1var\u00fatvegi<\/a>\u00a0(pdf skjal)<\/li>\n<li><a href=\"http:\/\/www1.nams.is\/hafid\/\">Fjaran og hafi\u00f0<\/a><\/li>\n<\/ul>\n<p>[\/et_pb_testimonial][et_pb_testimonial quote_icon_color=&#8221;#2d00f7&#8243; admin_label=&#8221;Skolar&#8221; _builder_version=&#8221;3.2&#8243; background_color=&#8221;#ffffff&#8221; background_size=&#8221;initial&#8221; background_position=&#8221;top_left&#8221; background_repeat=&#8221;repeat&#8221; custom_margin=&#8221;|||&#8221; border_width_all=&#8221;1px&#8221; border_color_all=&#8221;#1d00f9&#8243; border_style_all=&#8221;solid&#8221; use_border_color=&#8221;on&#8221; border_color=&#8221;#1d00f9&#8243; border_style=&#8221;solid&#8221;]<\/p>\n<h4><strong><span style=\"color: #006ac1;\">H\u00e1k\u00f3lar<\/span><\/strong><\/h4>\n<ul>\n<li><a href=\"http:\/\/www.unak.is\/\">H\u00e1sk\u00f3lann \u00e1 Akureyri<\/a><\/li>\n<li><a href=\"http:\/\/holar.is\/\">H\u00e1sk\u00f3lann \u00e1 H\u00f3lum\u00a0<\/a><\/li>\n<li><a href=\"http:\/\/www.ru.is\/\">H\u00e1sk\u00f3linn \u00ed Reykjav\u00edk<\/a><\/li>\n<li><a href=\"http:\/\/www.hi.is\/\">H\u00e1sk\u00f3la\u00a0\u00cdslands<\/a><\/li>\n<li><a href=\"https:\/\/www.uw.is\/\">H\u00e1sk\u00f3lasetur Vestfjar\u00f0a<\/a><\/li>\n<\/ul>\n<h4><span style=\"color: #0c71c3;\"><strong>Framhaldssk\u00f3lar<\/strong><\/span><\/h4>\n<ul>\n<li><a href=\"http:\/\/fiskt.is\/\">Fiskt\u00e6knisk\u00f3li \u00cdslands<\/a><\/li>\n<li><a href=\"http:\/\/www.tskoli.is\/\">T\u00e6knisk\u00f3li \u00cdslands<\/a><\/li>\n<\/ul>\n<h4><span style=\"color: #006ac1;\"><strong>Starfsfr\u00e6\u00f0sla<\/strong><\/span><\/h4>\n<ul>\n<li><a href=\"http:\/\/www.landsbjorg.is\/slysavarnaskoli-sjomanna\">Slysavarnask\u00f3li sj\u00f3manna<\/a><\/li>\n<li><a href=\"http:\/\/www.samgongustofa.is\/siglingar\/\">N\u00e1m og sk\u00edrteini &#8211; Siglingastofnun<\/a><\/li>\n<\/ul>\n<p>[\/et_pb_testimonial][\/et_pb_column][\/et_pb_section]<\/p>\n","protected":false},"excerpt":{"rendered":"<p>Menntam\u00e1l sj\u00e1var\u00fatvegsins Menntanet sj\u00e1var\u00fatvegsins er vefsv\u00e6\u00f0i sem gefur yfirlit yfir a\u00f0gengilegt fr\u00e6\u00f0slu- og kynningarefni, n\u00e1mslei\u00f0ir og gagnlegar vefs\u00ed\u00f0ur innan sj\u00e1var\u00fatvegsins. Ritstj\u00f3rn skipu\u00f0 a\u00f0ilum \u00far atvinnul\u00edfinu og fulltr\u00faum menntastofnanna\u00a0hafa yfirumsj\u00f3n me\u00f0 vefnum. \u00a0 Hj\u00e1 H\u00e1k\u00f3lasetri Vestfjar\u00f0a er meistaran\u00e1m \u00ed: Haf- og strandsv\u00e6\u00f0astj\u00f3rnun Sj\u00e1varbygg\u00f0afr\u00e6\u00f0i Sj\u00e1vartengd n\u00fdsk\u00f6pun Vi\u00f0 H\u00e1sk\u00f3lann \u00e1 Akureyri er l\u00f6g\u00f0 r\u00edk \u00e1hersla \u00e1 n\u00e1m tengt [&hellip;]<\/p>\n","protected":false},"author":2,"featured_media":0,"parent":0,"menu_order":0,"comment_status":"closed","ping_status":"closed","template":"","meta":{"_et_pb_use_builder":"on","_et_pb_old_content":"","_et_gb_content_width":"","footnotes":""},"class_list":["post-319","page","type-page","status-publish","hentry"],"_links":{"self":[{"href":"https:\/\/sjavarutvegur.is\/index.php?rest_route=\/wp\/v2\/pages\/319","targetHints":{"allow":["GET"]}}],"collection":[{"href":"https:\/\/sjavarutvegur.is\/index.php?rest_route=\/wp\/v2\/pages"}],"about":[{"href":"https:\/\/sjavarutvegur.is\/index.php?rest_route=\/wp\/v2\/types\/page"}],"author":[{"embeddable":true,"href":"https:\/\/sjavarutvegur.is\/index.php?rest_route=\/wp\/v2\/users\/2"}],"replies":[{"embeddable":true,"href":"https:\/\/sjavarutvegur.is\/index.php?rest_route=%2Fwp%2Fv2%2Fcomments&post=319"}],"version-history":[{"count":31,"href":"https:\/\/sjavarutvegur.is\/index.php?rest_route=\/wp\/v2\/pages\/319\/revisions"}],"predecessor-version":[{"id":2455,"href":"https:\/\/sjavarutvegur.is\/index.php?rest_route=\/wp\/v2\/pages\/319\/revisions\/2455"}],"wp:attachment":[{"href":"https:\/\/sjavarutvegur.is\/index.php?rest_route=%2Fwp%2Fv2%2Fmedia&parent=319"}],"curies":[{"name":"wp","href":"https:\/\/api.w.org\/{rel}","templated":true}]}}