{"id":313,"date":"2016-12-22T16:22:39","date_gmt":"2016-12-22T16:22:39","guid":{"rendered":"http:\/\/dev.sjavarutvegur.is\/?page_id=313"},"modified":"2019-09-21T10:34:14","modified_gmt":"2019-09-21T10:34:14","slug":"fiskvinnsla","status":"publish","type":"page","link":"https:\/\/sjavarutvegur.is\/?page_id=313","title":{"rendered":"Fiskvinnsla"},"content":{"rendered":"<p>[et_pb_section fb_built=&#8221;1&#8243; specialty=&#8221;on&#8221; custom_padding_last_edited=&#8221;on|desktop&#8221; admin_label=&#8221;Section&#8221; _builder_version=&#8221;3.22&#8243; background_color=&#8221;rgba(4,0,255,0.02)&#8221; custom_padding_tablet=&#8221;50px|0|50px|0&#8243; transparent_background=&#8221;off&#8221; padding_mobile=&#8221;off&#8221; fb_built=&#8221;1&#8243; _i=&#8221;0&#8243; _address=&#8221;0&#8243;][et_pb_column type=&#8221;3_4&#8243; specialty_columns=&#8221;3&#8243; _builder_version=&#8221;3.25&#8243; custom_padding=&#8221;|||&#8221; _i=&#8221;0&#8243; _address=&#8221;0.0&#8243; custom_padding__hover=&#8221;|||&#8221;][et_pb_row_inner padding_mobile=&#8221;off&#8221; make_equal=&#8221;on&#8221; column_padding_mobile=&#8221;off&#8221; admin_label=&#8221;Row&#8221; _builder_version=&#8221;3.25&#8243; custom_margin=&#8221;-60px||-30px|&#8221; custom_padding=&#8221;|||&#8221; _i=&#8221;0&#8243; _address=&#8221;0.0.0&#8243;][et_pb_column_inner saved_specialty_column_type=&#8221;3_4&#8243; _builder_version=&#8221;3.25&#8243; custom_padding=&#8221;| | | &#8221; column_padding_mobile=&#8221;off&#8221; padding_bottom=&#8221; &#8221; padding_left=&#8221; &#8221; padding_right=&#8221; &#8221; _i=&#8221;0&#8243; _address=&#8221;0.0.0.0&#8243; custom_padding__hover=&#8221;|||&#8221;][et_pb_text admin_label=&#8221;Fiskvinnsla&#8221; _builder_version=&#8221;3.27.4&#8243; background_size=&#8221;initial&#8221; background_position=&#8221;top_left&#8221; background_repeat=&#8221;repeat&#8221; use_border_color=&#8221;off&#8221; border_style=&#8221;solid&#8221; _i=&#8221;0&#8243; _address=&#8221;0.0.0.0.0&#8243;]<\/p>\n<h3><span style=\"color: #0000ff;\"><strong>Fiskvinnsla<\/strong><\/span><\/h3>\n<hr \/>\n<p>[\/et_pb_text][\/et_pb_column_inner][\/et_pb_row_inner][et_pb_row_inner padding_mobile=&#8221;off&#8221; column_padding_mobile=&#8221;off&#8221; admin_label=&#8221;Row&#8221; _builder_version=&#8221;3.25&#8243; custom_margin=&#8221;|||&#8221; custom_margin_last_edited=&#8221;off|desktop&#8221; custom_padding=&#8221;|0px|0px|0px&#8221; _i=&#8221;1&#8243; _address=&#8221;0.0.1&#8243; column_structure=&#8221;1_3,1_3,1_3&#8243;][et_pb_column_inner type=&#8221;1_3&#8243; saved_specialty_column_type=&#8221;3_4&#8243; _builder_version=&#8221;3.25&#8243; custom_padding=&#8221;|||&#8221; column_padding_mobile=&#8221;off&#8221; _i=&#8221;0&#8243; _address=&#8221;0.0.1.0&#8243; custom_padding__hover=&#8221;|||&#8221;][et_pb_image src=&#8221;https:\/\/sjavarutvegur.is\/wp-content\/uploads\/2016\/12\/Matis-png2.png&#8221; url=&#8221;http:\/\/www.matis.is&#8221; show_bottom_space=&#8221;off&#8221; align_tablet=&#8221;center&#8221; align_last_edited=&#8221;on|desktop&#8221; admin_label=&#8221;Image &#8211; mATIS&#8221; _builder_version=&#8221;3.23&#8243; custom_margin=&#8221;|60px||60px&#8221; animation_style=&#8221;slide&#8221; animation_direction=&#8221;left&#8221; animation_duration=&#8221;500ms&#8221; animation_intensity_slide=&#8221;10%&#8221; use_border_color=&#8221;off&#8221; border_color=&#8221;#ffffff&#8221; border_width=&#8221;1px&#8221; border_style=&#8221;solid&#8221; sticky=&#8221;on&#8221; _i=&#8221;0&#8243; _address=&#8221;0.0.1.0.0&#8243;] [\/et_pb_image][et_pb_text admin_label=&#8221;Mat\u00eds &#8211; texti&#8221; _builder_version=&#8221;3.27.4&#8243; background_size=&#8221;initial&#8221; background_position=&#8221;top_left&#8221; background_repeat=&#8221;repeat&#8221; use_border_color=&#8221;off&#8221; border_style=&#8221;solid&#8221; _i=&#8221;1&#8243; _address=&#8221;0.0.1.0.1&#8243;]<\/p>\n<p><a href=\"http:\/\/www.matis.is\">Mat\u00eds <\/a>veitir r\u00e1\u00f0gj\u00f6f og \u00fej\u00f3nustu til fyrirt\u00e6kja \u00ed sj\u00e1var\u00fatvegi og landb\u00fana\u00f0i, sem og \u00edslenska r\u00edkinu. Sem d\u00e6mi kemur Mat\u00eds a\u00f0 \u00fer\u00f3un \u00e1 n\u00fdjum v\u00f6rum og ferlum fyrir fyrirt\u00e6ki og hefur mikilv\u00e6gu hlutverki a\u00f0 gegna var\u00f0andi g\u00e6\u00f0i og \u00f6ryggi matv\u00e6la.<\/p>\n<div class=\"pgwrap twocol varslan\">\n<div class=\"pgwrap2\">\n<div class=\"pgwrap3\">\n<div class=\"pgmain\">\n<div class=\"wrap\">\n<div class=\"article box\">\n<div class=\"boxbody\">\n<hr \/>\n<\/div>\n<\/div>\n<\/div>\n<\/div>\n<\/div>\n<\/div>\n<\/div>\n<p>[\/et_pb_text][\/et_pb_column_inner][et_pb_column_inner type=&#8221;1_3&#8243; saved_specialty_column_type=&#8221;3_4&#8243; _builder_version=&#8221;3.25&#8243; custom_padding=&#8221;|||&#8221; column_padding_mobile=&#8221;off&#8221; _i=&#8221;1&#8243; _address=&#8221;0.0.1.1&#8243; custom_padding__hover=&#8221;|||&#8221;][et_pb_image src=&#8221;https:\/\/sjavarutvegur.is\/wp-content\/uploads\/2016\/12\/mast-logo.png&#8221; url=&#8221;http:\/\/www.mast.is\/&#8221; align=&#8221;center&#8221; align_tablet=&#8221;center&#8221; align_last_edited=&#8221;on|desktop&#8221; admin_label=&#8221;mast &#8211; logo&#8221; _builder_version=&#8221;3.23&#8243; custom_margin=&#8221;8px|||&#8221; custom_margin_last_edited=&#8221;on|desktop&#8221; animation_style=&#8221;slide&#8221; animation_direction=&#8221;left&#8221; animation_duration=&#8221;500ms&#8221; animation_intensity_slide=&#8221;10%&#8221; use_border_color=&#8221;off&#8221; border_color=&#8221;#ffffff&#8221; border_width=&#8221;1px&#8221; border_style=&#8221;solid&#8221; sticky=&#8221;off&#8221; _i=&#8221;0&#8243; _address=&#8221;0.0.1.1.0&#8243;] [\/et_pb_image][et_pb_text admin_label=&#8221;mast &#8211; text&#8221; _builder_version=&#8221;3.27.4&#8243; background_size=&#8221;initial&#8221; background_position=&#8221;top_left&#8221; background_repeat=&#8221;repeat&#8221; use_border_color=&#8221;off&#8221; border_style=&#8221;solid&#8221; _i=&#8221;1&#8243; _address=&#8221;0.0.1.1.1&#8243;]<\/p>\n<p><a href=\"http:\/\/www.mast.is\/\">Matv\u00e6lastofnun <\/a>sinnir stj\u00f3rns\u00fdslu, eftirliti, fr\u00e6\u00f0slu og \u00fej\u00f3nustu vi\u00f0 sj\u00e1var\u00fatveg, landb\u00fana\u00f0, fyrirt\u00e6ki og neytendur \u00ed \u00feeim tilgangi a\u00f0 stu\u00f0la a\u00f0 heilbrig\u00f0i og velfer\u00f0 d\u00fdra, heilbrig\u00f0i plantna og \u00f6ryggi, heiln\u00e6mi og g\u00e6\u00f0um matv\u00e6la.<\/p>\n<hr \/>\n<p>[\/et_pb_text][\/et_pb_column_inner][et_pb_column_inner type=&#8221;1_3&#8243; saved_specialty_column_type=&#8221;3_4&#8243; _builder_version=&#8221;3.25&#8243; custom_padding=&#8221;|||&#8221; column_padding_mobile=&#8221;off&#8221; _i=&#8221;2&#8243; _address=&#8221;0.0.1.2&#8243; custom_padding__hover=&#8221;|||&#8221;][et_pb_image src=&#8221;https:\/\/sjavarutvegur.is\/wp-content\/uploads\/2016\/12\/sjavarklasinn.png&#8221; url=&#8221;http:\/\/www.sjavarklasinn.is&#8221; show_bottom_space=&#8221;off&#8221; align=&#8221;center&#8221; align_tablet=&#8221;center&#8221; align_last_edited=&#8221;on|desktop&#8221; admin_label=&#8221;sj\u00e1varklasinn &#8211; logo&#8221; _builder_version=&#8221;3.23&#8243; custom_margin=&#8221;||10px|&#8221; animation_style=&#8221;slide&#8221; animation_direction=&#8221;left&#8221; animation_duration=&#8221;500ms&#8221; animation_intensity_slide=&#8221;10%&#8221; use_border_color=&#8221;off&#8221; border_color=&#8221;#ffffff&#8221; border_width=&#8221;1px&#8221; border_style=&#8221;solid&#8221; sticky=&#8221;on&#8221; _i=&#8221;0&#8243; _address=&#8221;0.0.1.2.0&#8243;] [\/et_pb_image][et_pb_text admin_label=&#8221;sjavarklasinn &#8211; Text&#8221; _builder_version=&#8221;3.27.4&#8243; background_size=&#8221;initial&#8221; background_position=&#8221;top_left&#8221; background_repeat=&#8221;repeat&#8221; use_border_color=&#8221;off&#8221; border_style=&#8221;solid&#8221; _i=&#8221;1&#8243; _address=&#8221;0.0.1.2.1&#8243;]<\/p>\n<p><a href=\"http:\/\/www.sjavarklasinn.is\/portfolio\/hraefnanyting-sjavarfangs-i-nordur-atlantshafi\/\">\u00cdslenski sj\u00e1varklasinn<\/a> hefur um \u00e1rabil unni\u00f0 a\u00f0 ranns\u00f3knum \u00e1 hr\u00e1efnan\u00fdtingu \u00ed fiskvei\u00f0um og fiskvinnslu \u00e1 Nor\u00f0ur-Atlantshafi. Markmi\u00f0 ranns\u00f3knanna er a\u00f0 stu\u00f0la a\u00f0 b\u00e6ttri n\u00fdtingu hr\u00e1efnis og aukinni ver\u00f0m\u00e6task\u00f6pun \u00ed sj\u00e1var\u00fatvegi.<\/p>\n<hr \/>\n<p>[\/et_pb_text][\/et_pb_column_inner][\/et_pb_row_inner][et_pb_row_inner padding_mobile=&#8221;off&#8221; column_padding_mobile=&#8221;off&#8221; admin_label=&#8221;Row&#8221; _builder_version=&#8221;3.25&#8243; custom_margin=&#8221;-20px|||&#8221; custom_padding=&#8221;40px|||&#8221; _i=&#8221;2&#8243; _address=&#8221;0.0.2&#8243;][et_pb_column_inner saved_specialty_column_type=&#8221;3_4&#8243; _builder_version=&#8221;3.25&#8243; custom_padding=&#8221;|||&#8221; column_padding_mobile=&#8221;off&#8221; _i=&#8221;0&#8243; _address=&#8221;0.0.2.0&#8243; custom_padding__hover=&#8221;|||&#8221;][et_pb_tabs admin_label=&#8221;Tabs&#8221; _builder_version=&#8221;3.0.87&#8243; background_size=&#8221;initial&#8221; background_position=&#8221;top_left&#8221; background_repeat=&#8221;repeat&#8221; use_border_color=&#8221;off&#8221; border_color=&#8221;#ffffff&#8221; border_width=&#8221;1px&#8221; border_style=&#8221;solid&#8221; _i=&#8221;0&#8243; _address=&#8221;0.0.2.0.0&#8243;][et_pb_tab title=&#8221;Fiskb\u00f3kin &#8221; _builder_version=&#8221;3.0.47&#8243; body_font=&#8221;||||&#8221; body_line_height=&#8221;2em&#8221; tab_font=&#8221;||||&#8221; tab_line_height=&#8221;2em&#8221; background_size=&#8221;initial&#8221; background_position=&#8221;top_left&#8221; background_repeat=&#8221;repeat&#8221; body_line_height_tablet=&#8221;2em&#8221; body_line_height_phone=&#8221;2em&#8221; tab_line_height_tablet=&#8221;2em&#8221; tab_line_height_phone=&#8221;2em&#8221; _i=&#8221;0&#8243; _address=&#8221;0.0.2.0.0.0&#8243;]<a class=\"external\" title=\"Fiskb\u00f3kina (Opnast \u00ed n\u00fdjum vafraglugga)\" href=\"http:\/\/www.fiskbokin.is\/\" target=\"_blank\" rel=\"noopener noreferrer\">Fiskb\u00f3kin<\/a><a class=\"external\" href=\"https:\/\/sjavarutvegur.is\/?attachment_id=500\" target=\"_blank\" rel=\"noopener noreferrer\"><img loading=\"lazy\" decoding=\"async\" class=\"wp-image-500 size-thumbnail alignright\" src=\"https:\/\/sjavarutvegur.is\/wp-content\/uploads\/2016\/12\/Fiskibokin_kapa_LoRes-150x150.png\" width=\"150\" height=\"150\" srcset=\"https:\/\/sjavarutvegur.is\/wp-content\/uploads\/2016\/12\/Fiskibokin_kapa_LoRes-150x150.png 150w, https:\/\/sjavarutvegur.is\/wp-content\/uploads\/2016\/12\/Fiskibokin_kapa_LoRes.png 300w\" sizes=\"(max-width: 150px) 100vw, 150px\" \/><\/a>\u00a0er fr\u00f3\u00f0leikur um helstu nytjafiska, uppl\u00fdsingar um vei\u00f0i \u00feeirra, s.s. vei\u00f0isv\u00e6\u00f0i, \u00e1 hva\u00f0a \u00e1rst\u00edma \u00feeir vei\u00f0ast og helstu vei\u00f0arf\u00e6ri. Me\u00f0 \u00feessari rafr\u00e6nu \u00fatg\u00e1fu Fiskb\u00f3karinnar er m\u00f6gulegt a\u00f0 koma \u00e1 framf\u00e6ri margv\u00edslegum uppl\u00fdsingum um fisk og fiskafur\u00f0ir, fr\u00e6\u00f0slu og ranns\u00f3knum sem \u00feeim tengjast me\u00f0 mun skilvirkari og fj\u00f6lbreyttari h\u00e6tti en h\u00e6gt er \u00ed prenta\u00f0ri b\u00f3k.<br \/>\n[\/et_pb_tab][et_pb_tab title=&#8221;K\u00e6ling matv\u00e6la&#8221; _builder_version=&#8221;3.0.47&#8243; body_font=&#8221;||||&#8221; body_line_height=&#8221;2em&#8221; tab_font=&#8221;||||&#8221; tab_line_height=&#8221;2em&#8221; background_size=&#8221;initial&#8221; background_position=&#8221;top_left&#8221; background_repeat=&#8221;repeat&#8221; body_line_height_tablet=&#8221;2em&#8221; body_line_height_phone=&#8221;2em&#8221; tab_line_height_tablet=&#8221;2em&#8221; tab_line_height_phone=&#8221;2em&#8221; _i=&#8221;1&#8243; _address=&#8221;0.0.2.0.0.1&#8243;]G\u00f3\u00f0 og st\u00f6\u00f0ug k\u00e6ling skiptir sk\u00f6pum var\u00f0andi g\u00e6\u00f0i, geymslu\u00feol og vir\u00f0i fiskafur\u00f0a.\u00a0<a class=\"external\" title=\"K\u00e6lig\u00e1tt er uppl\u00fdsingaveita (Opnast \u00ed n\u00fdjum vafraglugga)\" href=\"http:\/\/www.kaeligatt.is\/\" target=\"_blank\" rel=\"noopener noreferrer\">K\u00e6lig\u00e1tt er uppl\u00fdsingaveita<\/a> me\u00f0 hagn\u00fdtum lei\u00f0beiningum og umfj\u00f6llun um k\u00e6lingu og me\u00f0h\u00f6ndlun \u00e1 fiski \u00e1 \u00f6llum stigum vir\u00f0iske\u00f0junnar fr\u00e1 mi\u00f0um \u00e1 marka\u00f0.<br \/>\n[\/et_pb_tab][et_pb_tab title=&#8221;\u00cdSGEM grunninn&#8221; _builder_version=&#8221;3.0.47&#8243; body_font=&#8221;||||&#8221; body_line_height=&#8221;2em&#8221; tab_font=&#8221;||||&#8221; tab_line_height=&#8221;2em&#8221; background_size=&#8221;initial&#8221; background_position=&#8221;top_left&#8221; background_repeat=&#8221;repeat&#8221; body_line_height_tablet=&#8221;2em&#8221; body_line_height_phone=&#8221;2em&#8221; tab_line_height_tablet=&#8221;2em&#8221; tab_line_height_phone=&#8221;2em&#8221; _i=&#8221;2&#8243; _address=&#8221;0.0.2.0.0.2&#8243;]<\/p>\n<p><a href=\"http:\/\/www.matis.is\/thjonusta\/naeringargildi-matvaela-isgem\/\">\u00cdSGEM<\/a> (\u00cdslenski gagnagrunnurinn um efnainnihald matv\u00e6la)<\/p>\n<div class=\"pgmiddle\">\n<div class=\"pgmain\">\n<div class=\"wrap\">\n<div class=\"article main\" data-aid=\"3529\">\n<div class=\"boxbody\">\n<p>\u00cdSGEM gagnagrunnurinn geymir uppl\u00fdsingar um efnainnihald matv\u00e6la sem eru \u00e1 \u00edslenskum marka\u00f0i. Hluti gagna \u00ed gagnagrunninum er birtur h\u00e9r \u00e1 vefs\u00ed\u00f0u Mat\u00eds. \u00c1\u00f0ur hafa ver\u00f0i\u00f0 gefnar \u00fat n\u00e6ringarefnat\u00f6flur sem prenta\u00f0ar handb\u00e6kur og sem pdf skj\u00f6l \u00e1 vefs\u00ed\u00f0u Mat\u00eds.<\/p>\n<\/div>\n<\/div>\n<\/div>\n<\/div>\n<\/div>\n<p>[\/et_pb_tab][et_pb_tab title=&#8221;A\u00f0skotaefni \u00ed sj\u00e1varfangi&#8221; _builder_version=&#8221;3.0.47&#8243; body_font=&#8221;||||&#8221; body_line_height=&#8221;2em&#8221; tab_font=&#8221;||||&#8221; tab_line_height=&#8221;2em&#8221; background_size=&#8221;initial&#8221; background_position=&#8221;top_left&#8221; background_repeat=&#8221;repeat&#8221; body_line_height_tablet=&#8221;2em&#8221; body_line_height_phone=&#8221;2em&#8221; tab_line_height_tablet=&#8221;2em&#8221; tab_line_height_phone=&#8221;2em&#8221; _i=&#8221;3&#8243; _address=&#8221;0.0.2.0.0.3&#8243;]<a href=\"http:\/\/www.matis.is\/media\/valadskotaefna\/ValAdskotaefna.swf\" target=\"_blank\" rel=\"noopener noreferrer\">Gagnagrunnurinn<\/a> um a\u00f0skotaefni \u00ed \u00edslensku sj\u00e1varfangi. \u00c1ri\u00f0 2003 h\u00f3fst v\u00f6ktun \u00e1 \u00f3\u00e6skilegum efnum \u00ed sj\u00e1varafur\u00f0um, b\u00e6\u00f0i afur\u00f0um sem \u00e6tla\u00f0ar eru til manneldis sem og afur\u00f0um l\u00fdsis- og mj\u00f6li\u00f0na\u00f0ar. Tilgangur me\u00f0 v\u00f6ktuninni er a\u00f0 meta \u00e1stand \u00edslenskra sj\u00e1varafur\u00f0a me\u00f0 tilliti til magns a\u00f0skotaefna.<br \/>\n[\/et_pb_tab][\/et_pb_tabs][\/et_pb_column_inner][\/et_pb_row_inner][\/et_pb_column][et_pb_column type=&#8221;1_4&#8243; _builder_version=&#8221;3.25&#8243; custom_padding=&#8221;|||&#8221; _i=&#8221;1&#8243; _address=&#8221;0.1&#8243; custom_padding__hover=&#8221;|||&#8221;][et_pb_testimonial quote_icon_color=&#8221;#0015ff&#8221; admin_label=&#8221;vefir&#8221; _builder_version=&#8221;3.29.3&#8243; body_text_color=&#8221;#0004ff&#8221; background_color=&#8221;#ffffff&#8221; background_size=&#8221;initial&#8221; background_position=&#8221;top_left&#8221; background_repeat=&#8221;repeat&#8221; hover_enabled=&#8221;0&#8243; border_width_all=&#8221;1px&#8221; border_color_all=&#8221;#1d00fc&#8221; border_style_all=&#8221;solid&#8221; use_border_color=&#8221;on&#8221; border_color=&#8221;#1d00fc&#8221; border_style=&#8221;solid&#8221; _i=&#8221;0&#8243; _address=&#8221;0.1.0&#8243;]<\/p>\n<h4><strong>Vefs\u00ed\u00f0ur<\/strong><\/h4>\n<ul>\n<li><a href=\"http:\/\/www.matis.is\">Mat\u00eds<\/a><\/li>\n<li><a href=\"http:\/\/www.sjavarklasinn.is\/\" style=\"font-size: 14px;\">Sj\u00e1varklasinn<\/a><\/li>\n<li>\n<footer class=\"footer\">\n<div class=\"inner\">\n<div class=\"textwidget\">\n<div class=\"col-1\">\n<div><a href=\"http:\/\/syni.is\/is\/\">Ranns\u00f3knar\u00fej\u00f3nustan S\u00fdni<\/a><\/div>\n<div><\/div>\n<div><\/div>\n<\/div>\n<\/div>\n<\/div>\n<\/footer>\n<\/li>\n<\/ul>\n<p>[\/et_pb_testimonial][et_pb_testimonial quote_icon_color=&#8221;#0400f9&#8243; admin_label=&#8221;Fr\u00e6\u00f0sluefni&#8221; _builder_version=&#8221;3.29.3&#8243; background_color=&#8221;#ffffff&#8221; background_size=&#8221;initial&#8221; background_position=&#8221;top_left&#8221; background_repeat=&#8221;repeat&#8221; hover_enabled=&#8221;0&#8243; border_width_all=&#8221;1px&#8221; border_color_all=&#8221;#0400f9&#8243; border_style_all=&#8221;solid&#8221; use_border_color=&#8221;on&#8221; border_color=&#8221;#0400f9&#8243; border_style=&#8221;solid&#8221; _i=&#8221;1&#8243; _address=&#8221;0.1.1&#8243;]<\/p>\n<h4><span style=\"color: #0000ff;\"><strong>Fr\u00e6\u00f0sluefni<\/strong><\/span><\/h4>\n<ul>\n<li><span style=\"color: #0000ff;\"><a href=\"http:\/\/www.matis.is\/midlun\/\" style=\"color: #0000ff;\">Mat\u00eds &#8211; Mi\u00f0lun uppl\u00fdsinga og \u00feekkingar<\/a><\/span><\/li>\n<li><span style=\"color: #0000ff;\"><a href=\"http:\/\/www.mast.is\/matvaeli\/\" style=\"color: #0000ff;\">MAST &#8211; Matv\u00e6li<\/a><\/span><\/li>\n<li>\n<div class=\"pgmain\">\n<div class=\"wrap\">\n<div class=\"article box\">\n<div class=\"boxhead\"><span style=\"color: #0000ff;\"><a href=\"http:\/\/www.alltummat.is\/\" style=\"color: #0000ff;\">Fr\u00e6\u00f0sluvefur Mat\u00eds &#8211; Allt um mat<\/a><\/span><\/div>\n<\/div>\n<\/div>\n<\/div>\n<\/li>\n<\/ul>\n<p>[\/et_pb_testimonial][\/et_pb_column][\/et_pb_section]<\/p>\n","protected":false},"excerpt":{"rendered":"<p>Fiskvinnsla Mat\u00eds veitir r\u00e1\u00f0gj\u00f6f og \u00fej\u00f3nustu til fyrirt\u00e6kja \u00ed sj\u00e1var\u00fatvegi og landb\u00fana\u00f0i, sem og \u00edslenska r\u00edkinu. Sem d\u00e6mi kemur Mat\u00eds a\u00f0 \u00fer\u00f3un \u00e1 n\u00fdjum v\u00f6rum og ferlum fyrir fyrirt\u00e6ki og hefur mikilv\u00e6gu hlutverki a\u00f0 gegna var\u00f0andi g\u00e6\u00f0i og \u00f6ryggi matv\u00e6la. Matv\u00e6lastofnun sinnir stj\u00f3rns\u00fdslu, eftirliti, fr\u00e6\u00f0slu og \u00fej\u00f3nustu vi\u00f0 sj\u00e1var\u00fatveg, landb\u00fana\u00f0, fyrirt\u00e6ki og neytendur \u00ed \u00feeim [&hellip;]<\/p>\n","protected":false},"author":2,"featured_media":0,"parent":0,"menu_order":0,"comment_status":"closed","ping_status":"closed","template":"","meta":{"_et_pb_use_builder":"on","_et_pb_old_content":"","_et_gb_content_width":"","footnotes":""},"class_list":["post-313","page","type-page","status-publish","hentry"],"_links":{"self":[{"href":"https:\/\/sjavarutvegur.is\/index.php?rest_route=\/wp\/v2\/pages\/313","targetHints":{"allow":["GET"]}}],"collection":[{"href":"https:\/\/sjavarutvegur.is\/index.php?rest_route=\/wp\/v2\/pages"}],"about":[{"href":"https:\/\/sjavarutvegur.is\/index.php?rest_route=\/wp\/v2\/types\/page"}],"author":[{"embeddable":true,"href":"https:\/\/sjavarutvegur.is\/index.php?rest_route=\/wp\/v2\/users\/2"}],"replies":[{"embeddable":true,"href":"https:\/\/sjavarutvegur.is\/index.php?rest_route=%2Fwp%2Fv2%2Fcomments&post=313"}],"version-history":[{"count":34,"href":"https:\/\/sjavarutvegur.is\/index.php?rest_route=\/wp\/v2\/pages\/313\/revisions"}],"predecessor-version":[{"id":2128,"href":"https:\/\/sjavarutvegur.is\/index.php?rest_route=\/wp\/v2\/pages\/313\/revisions\/2128"}],"wp:attachment":[{"href":"https:\/\/sjavarutvegur.is\/index.php?rest_route=%2Fwp%2Fv2%2Fmedia&parent=313"}],"curies":[{"name":"wp","href":"https:\/\/api.w.org\/{rel}","templated":true}]}}