{"id":309,"date":"2016-12-22T16:22:07","date_gmt":"2016-12-22T16:22:07","guid":{"rendered":"http:\/\/dev.sjavarutvegur.is\/?page_id=309"},"modified":"2021-01-03T15:56:37","modified_gmt":"2021-01-03T15:56:37","slug":"fiskveidar","status":"publish","type":"page","link":"https:\/\/sjavarutvegur.is\/?page_id=309","title":{"rendered":"Fiskvei\u00f0ar"},"content":{"rendered":"<p>[et_pb_section fb_built=&#8221;1&#8243; specialty=&#8221;on&#8221; custom_padding_last_edited=&#8221;on|desktop&#8221; admin_label=&#8221;Section&#8221; _builder_version=&#8221;3.22&#8243; background_color=&#8221;rgba(4,0,255,0.02)&#8221; custom_padding_tablet=&#8221;50px|0|50px|0&#8243; custom_padding_phone=&#8221;&#8221; transparent_background=&#8221;off&#8221; padding_mobile=&#8221;off&#8221;][et_pb_column type=&#8221;3_4&#8243; specialty_columns=&#8221;3&#8243; _builder_version=&#8221;3.25&#8243; custom_padding=&#8221;|||&#8221; custom_padding__hover=&#8221;|||&#8221;][et_pb_row_inner padding_mobile=&#8221;off&#8221; make_equal=&#8221;on&#8221; column_padding_mobile=&#8221;off&#8221; admin_label=&#8221;Row&#8221; _builder_version=&#8221;3.25&#8243; custom_margin=&#8221;-60px||-30px|&#8221; custom_padding=&#8221;|||&#8221;][et_pb_column_inner saved_specialty_column_type=&#8221;3_4&#8243; _builder_version=&#8221;3.25&#8243; custom_padding=&#8221;| | | &#8221; custom_padding__hover=&#8221;|||&#8221;][et_pb_text admin_label=&#8221;Fiskvei\u00f0ar&#8221; _builder_version=&#8221;3.27.4&#8243; background_size=&#8221;initial&#8221; background_position=&#8221;top_left&#8221; background_repeat=&#8221;repeat&#8221; use_border_color=&#8221;off&#8221; border_style=&#8221;solid&#8221;]<\/p>\n<h3><span style=\"color: #0000ff;\"><strong>Fiskvei\u00f0ar<\/strong><\/span><\/h3>\n<hr \/>\n<p>[\/et_pb_text][\/et_pb_column_inner][\/et_pb_row_inner][et_pb_row_inner column_structure=&#8221;1_3,1_3,1_3&#8243; padding_mobile=&#8221;off&#8221; column_padding_mobile=&#8221;off&#8221; admin_label=&#8221;Row&#8221; _builder_version=&#8221;3.25&#8243; custom_padding=&#8221;7px|0px|8px|0px&#8221;][et_pb_column_inner type=&#8221;1_3&#8243; saved_specialty_column_type=&#8221;3_4&#8243; _builder_version=&#8221;3.25&#8243; custom_padding=&#8221;|||&#8221; custom_padding__hover=&#8221;|||&#8221;][et_pb_image src=&#8221;https:\/\/sjavarutvegur.is\/wp-content\/uploads\/2017\/01\/HafogVatn-Logo-Small.png&#8221; url=&#8221;http:\/\/www.hafro.is&#8221; show_bottom_space=&#8221;off&#8221; align_tablet=&#8221;center&#8221; align_phone=&#8221;&#8221; align_last_edited=&#8221;on|desktop&#8221; admin_label=&#8221;Hafro logo&#8221; _builder_version=&#8221;3.23&#8243; custom_margin=&#8221;||10px|&#8221; animation_style=&#8221;slide&#8221; animation_direction=&#8221;left&#8221; animation_duration=&#8221;500ms&#8221; animation_intensity_slide=&#8221;10%&#8221; use_border_color=&#8221;off&#8221; border_color=&#8221;#ffffff&#8221; border_width=&#8221;1px&#8221; border_style=&#8221;solid&#8221; sticky=&#8221;on&#8221;] [\/et_pb_image][et_pb_text admin_label=&#8221;Hafro &#8211; texti&#8221; _builder_version=&#8221;3.27.4&#8243; background_size=&#8221;initial&#8221; background_position=&#8221;top_left&#8221; background_repeat=&#8221;repeat&#8221; use_border_color=&#8221;off&#8221; border_color=&#8221;#ffffff&#8221; border_style=&#8221;solid&#8221;]<a href=\"http:\/\/www.hafro.is\/\">Hafranns\u00f3knastofnun<\/a> er st\u00e6rsta ranns\u00f3knastofnun landsins \u00e1 svi\u00f0i haf- og fiskiranns\u00f3kna og gegnir l\u00f6gum samkv\u00e6mt mikilv\u00e6gu r\u00e1\u00f0gjafarhlutverki var\u00f0andi skynsamlega n\u00fdtingu au\u00f0linda hafsins.\u00a0Stofnunin hefur \u00fer\u00ed\u00fe\u00e6tt hlutverk:<\/p>\n<ul>\n<li>a\u00f0 stunda ranns\u00f3knir \u00e1 hafinu og l\u00edfr\u00edki \u00feess,<\/li>\n<li>a\u00f0 veita r\u00e1\u00f0gj\u00f6f til stj\u00f3rnvalda um sj\u00e1lfb\u00e6ra n\u00fdtingu \u00e1 au\u00f0lindum hafsins,<\/li>\n<li>a\u00f0 mi\u00f0la uppl\u00fdsingum til stj\u00f3rnvalda, hagsmunaa\u00f0ila \u00ed sj\u00e1var\u00fatvegi og almennings<\/li>\n<\/ul>\n<div class=\"pgwrap twocol varslan\">\n<div class=\"pgwrap2\">\n<div class=\"pgwrap3\">\n<div class=\"pgmain\">\n<div class=\"wrap\">\n<div class=\"article box\">\n<div class=\"boxbody\">\n<hr \/>\n<\/div>\n<\/div>\n<\/div>\n<\/div>\n<\/div>\n<\/div>\n<\/div>\n<p>[\/et_pb_text][et_pb_image src=&#8221;https:\/\/sjavarutvegur.is\/wp-content\/uploads\/2017\/01\/RSF.png&#8221; url=&#8221;https:\/\/rsf.is\/&#8221; show_bottom_space=&#8221;off&#8221; align_tablet=&#8221;center&#8221; align_phone=&#8221;&#8221; align_last_edited=&#8221;on|desktop&#8221; admin_label=&#8221;RSF&#8221; _builder_version=&#8221;3.23&#8243; custom_margin=&#8221;|30px|-20px|30px&#8221; custom_margin_tablet=&#8221;&#8221; custom_margin_phone=&#8221;&#8221; custom_margin_last_edited=&#8221;on|phone&#8221; animation_style=&#8221;slide&#8221; animation_direction=&#8221;left&#8221; animation_duration=&#8221;500ms&#8221; animation_intensity_slide=&#8221;10%&#8221; use_border_color=&#8221;off&#8221; border_color=&#8221;#ffffff&#8221; border_width=&#8221;1px&#8221; border_style=&#8221;solid&#8221; sticky=&#8221;on&#8221; saved_tabs=&#8221;all&#8221;] [\/et_pb_image][et_pb_text admin_label=&#8221;Hagstofa &#8211; texti&#8221; _builder_version=&#8221;4.7.7&#8243; background_size=&#8221;initial&#8221; background_position=&#8221;top_left&#8221; background_repeat=&#8221;repeat&#8221; hover_enabled=&#8221;0&#8243; use_border_color=&#8221;off&#8221; border_style=&#8221;solid&#8221; sticky_enabled=&#8221;0&#8243;]<\/p>\n<div id=\"mmwrap\" class=\"mm-page mm-slideout\">\n<div id=\"wrap\">\n<div id=\"main-container\" class=\"container\">\n<div class=\"row\">\n<div id=\"content-row\" class=\"col-md-12\">\n<div class=\"row\">\n<div class=\"col-sm-6 col-md-7 col-lg-8\">\n<p><a href=\"https:\/\/rsf.is\/\">Reiknistofa fiskmarka\u00f0ana<\/a> tengir fiskmarka\u00f0i \u00a0\u00ed eitt uppbo\u00f0snet og heldur fiskuppbo\u00f0 \u00fear sem kaupendur kaupa fisk \u00ed fjarskiptum. RSF heldur einnig utan um peningafl\u00e6\u00f0i\u00f0 \u00e1 milli \u00fatger\u00f0a, kaupenda, fiskmarka\u00f0a, og hins opinbera.\u00a0<\/p>\n<\/div>\n<\/div>\n<\/div>\n<\/div>\n<\/div>\n<\/div>\n<\/div>\n<div class=\"pgwrap twocol varslan\">\n<div class=\"pgwrap2\">\n<div class=\"pgwrap3\">\n<div class=\"pgmain\">\n<div class=\"wrap\">\n<div class=\"article box\">\n<div class=\"boxbody\">\n<hr \/>\n<\/div>\n<\/div>\n<\/div>\n<\/div>\n<\/div>\n<\/div>\n<\/div>\n<p>[\/et_pb_text][\/et_pb_column_inner][et_pb_column_inner type=&#8221;1_3&#8243; saved_specialty_column_type=&#8221;3_4&#8243; _builder_version=&#8221;3.25&#8243; custom_padding=&#8221;|||&#8221; custom_padding__hover=&#8221;|||&#8221;][et_pb_image src=&#8221;https:\/\/sjavarutvegur.is\/wp-content\/uploads\/2016\/12\/fiskistofa.png&#8221; url=&#8221;http:\/\/www.fiskistofa.is\/&#8221; show_bottom_space=&#8221;off&#8221; align_tablet=&#8221;center&#8221; align_phone=&#8221;&#8221; align_last_edited=&#8221;on|desktop&#8221; admin_label=&#8221;Fiskistofa &#8211; logo&#8221; _builder_version=&#8221;3.23&#8243; custom_margin=&#8221;||10px|&#8221; custom_margin_tablet=&#8221;&#8221; custom_margin_phone=&#8221;&#8221; custom_margin_last_edited=&#8221;on|desktop&#8221; animation_style=&#8221;slide&#8221; animation_direction=&#8221;left&#8221; animation_duration=&#8221;500ms&#8221; animation_intensity_slide=&#8221;10%&#8221; use_border_color=&#8221;off&#8221; border_color=&#8221;#ffffff&#8221; border_width=&#8221;1px&#8221; border_style=&#8221;solid&#8221; sticky=&#8221;on&#8221;] [\/et_pb_image][et_pb_text admin_label=&#8221;Fiskistofa &#8211; texti&#8221; _builder_version=&#8221;3.27.4&#8243; background_size=&#8221;initial&#8221; background_position=&#8221;top_left&#8221; background_repeat=&#8221;repeat&#8221; use_border_color=&#8221;off&#8221; border_style=&#8221;solid&#8221;]<a href=\"http:\/\/www.fiskistofa.is\">Fiskistofa<\/a> annast framkv\u00e6md laga og reglna um stj\u00f3rn fiskvei\u00f0a \u00ed sj\u00f3 og fersku vatni og stu\u00f0lar \u00feannig a\u00f0 \u00e1byrgri og sj\u00e1lfb\u00e6rri n\u00fdtingu fiskistofna. \u00a0Fiskistofa annast stj\u00f3rns\u00fdslu og eftirlit \u00e1samt \u00fev\u00ed a\u00f0 safna og mi\u00f0la uppl\u00fdsingum um sj\u00e1var\u00fatveg, lax- og silungsvei\u00f0ar og hvalvei\u00f0ar.<\/p>\n<div class=\"pgwrap threecol\">\n<div class=\"pgmain\">\n<div class=\"wrap\">\n<div class=\"article box\" data-aid=\"5\">\n<ul>\n<li>Uppl\u00fdsingum um afla, kv\u00f3ta, \u00fatger\u00f0ir og skip \u00e1 gagnvirkum s\u00ed\u00f0um.<\/li>\n<li>Uppl\u00fdsingum um reglur um vei\u00f0ar, vigtun afla og vei\u00f0igj\u00f6ld.<\/li>\n<\/ul>\n<\/div>\n<\/div>\n<\/div>\n<\/div>\n<hr \/>\n<p>[\/et_pb_text][et_pb_image src=&#8221;https:\/\/sjavarutvegur.is\/wp-content\/uploads\/2021\/01\/seaiceland.png&#8221; _builder_version=&#8221;4.7.7&#8243; _module_preset=&#8221;default&#8221; title_text=&#8221;seaiceland&#8221; url=&#8221;https:\/\/seaiceland.is\/&#8221; hover_enabled=&#8221;0&#8243; sticky_enabled=&#8221;0&#8243;][\/et_pb_image][et_pb_text _builder_version=&#8221;4.7.7&#8243; _module_preset=&#8221;default&#8221; hover_enabled=&#8221;0&#8243; sticky_enabled=&#8221;0&#8243;]<\/p>\n<p><span><a href=\"https:\/\/seaiceland.is\/\">SeaIceland<\/a> er uppl\u00fdsingavefur um l\u00edfr\u00edki sj\u00e1var.<\/span><\/p>\n<p>[\/et_pb_text][et_pb_divider _builder_version=&#8221;4.7.7&#8243; _module_preset=&#8221;default&#8221; hover_enabled=&#8221;0&#8243; sticky_enabled=&#8221;0&#8243;][\/et_pb_divider][et_pb_image src=&#8221;https:\/\/sjavarutvegur.is\/wp-content\/uploads\/2016\/12\/hagstofa-pmg.png&#8221; url=&#8221;https:\/\/www.hagstofa.is\/talnaefni\/atvinnuvegir\/sjavarutvegur\/&#8221; show_bottom_space=&#8221;off&#8221; align_tablet=&#8221;center&#8221; align_phone=&#8221;&#8221; align_last_edited=&#8221;on|desktop&#8221; admin_label=&#8221;Hagstofa&#8221; _builder_version=&#8221;3.23&#8243; animation_style=&#8221;slide&#8221; animation_direction=&#8221;left&#8221; animation_duration=&#8221;500ms&#8221; animation_intensity_slide=&#8221;10%&#8221; hover_enabled=&#8221;0&#8243; use_border_color=&#8221;off&#8221; border_color=&#8221;#ffffff&#8221; border_width=&#8221;1px&#8221; border_style=&#8221;solid&#8221; sticky=&#8221;on&#8221; saved_tabs=&#8221;all&#8221; sticky_enabled=&#8221;0&#8243;] [\/et_pb_image][et_pb_text admin_label=&#8221;Hagstofa &#8211; texti&#8221; _builder_version=&#8221;4.7.7&#8243; background_size=&#8221;initial&#8221; background_position=&#8221;top_left&#8221; background_repeat=&#8221;repeat&#8221; hover_enabled=&#8221;0&#8243; use_border_color=&#8221;off&#8221; border_style=&#8221;solid&#8221; sticky_enabled=&#8221;0&#8243;]<a href=\"https:\/\/www.hagstofa.is\/talnaefni\/atvinnuvegir\/sjavarutvegur\/\">Hagstofa \u00cdslands<\/a> birtir m\u00e1na\u00f0arlega t\u00f6lfr\u00e6\u00f0i um magn, ver\u00f0m\u00e6ti og r\u00e1\u00f0st\u00f6fun afla byggt \u00e1 g\u00f6gnum fr\u00e1 Fiskistofu.<\/p>\n<div class=\"pgwrap twocol varslan\">\n<div class=\"pgwrap2\">\n<div class=\"pgwrap3\">\n<div class=\"pgmain\">\n<div class=\"wrap\">\n<div class=\"article box\">\n<div class=\"boxbody\">\n<hr \/>\n<\/div>\n<\/div>\n<\/div>\n<\/div>\n<\/div>\n<\/div>\n<\/div>\n<p>[\/et_pb_text][\/et_pb_column_inner][et_pb_column_inner type=&#8221;1_3&#8243; saved_specialty_column_type=&#8221;3_4&#8243; _builder_version=&#8221;3.25&#8243; custom_padding=&#8221;|||&#8221; custom_padding__hover=&#8221;|||&#8221;][et_pb_image src=&#8221;https:\/\/sjavarutvegur.is\/wp-content\/uploads\/2016\/12\/200milur-haus.png&#8221; url=&#8221;http:\/\/www.mbl.is\/200milur\/&#8221; show_bottom_space=&#8221;off&#8221; align_tablet=&#8221;center&#8221; align_phone=&#8221;&#8221; align_last_edited=&#8221;on|desktop&#8221; admin_label=&#8221;200milur-logo&#8221; _builder_version=&#8221;3.23&#8243; custom_margin=&#8221;||10px|&#8221; animation_style=&#8221;slide&#8221; animation_direction=&#8221;left&#8221; animation_duration=&#8221;500ms&#8221; animation_intensity_slide=&#8221;10%&#8221; use_border_color=&#8221;off&#8221; border_color=&#8221;#ffffff&#8221; border_width=&#8221;1px&#8221; border_style=&#8221;solid&#8221; sticky=&#8221;on&#8221;] [\/et_pb_image][et_pb_text admin_label=&#8221;200 milur &#8211; texti&#8221; _builder_version=&#8221;3.27.4&#8243; background_size=&#8221;initial&#8221; background_position=&#8221;top_left&#8221; background_repeat=&#8221;repeat&#8221; use_border_color=&#8221;off&#8221; border_style=&#8221;solid&#8221;]<a href=\"http:\/\/www.mbl.is\/200milur\/\">200 m\u00edlur <\/a>er vefur um m\u00e1lefni tengd sj\u00e1var\u00fatvegi. \u00a0T\u00f6lulegar uppl\u00fdsingar um landanir, aflamark, aflamarksvi\u00f0skipti, hafnir, \u00fatger\u00f0ir og skip eru fr\u00e1 <a href=\"http:\/\/www.fiskistofa.is\/\">Fiskistofu<\/a>. G\u00f6gn um afur\u00f0aver\u00f0 koma fr\u00e1 <a href=\"https:\/\/rsf.is\/\">Reiknistofu fiskmarka\u00f0a<\/a>.<\/p>\n<hr \/>\n<p>[\/et_pb_text][et_pb_image src=&#8221;https:\/\/sjavarutvegur.is\/wp-content\/uploads\/2017\/01\/Today_iceland.png&#8221; url=&#8221;http:\/\/www.vegagerdin.is\/vs\/Today.aspx&#8221; show_bottom_space=&#8221;off&#8221; align_tablet=&#8221;center&#8221; align_phone=&#8221;&#8221; align_last_edited=&#8221;on|desktop&#8221; admin_label=&#8221;Samg\u00f6ngustofa&#8221; _builder_version=&#8221;3.23&#8243; animation_style=&#8221;slide&#8221; animation_direction=&#8221;left&#8221; animation_duration=&#8221;500ms&#8221; animation_intensity_slide=&#8221;10%&#8221; use_border_color=&#8221;off&#8221; border_color=&#8221;#ffffff&#8221; border_width=&#8221;1px&#8221; border_style=&#8221;solid&#8221; sticky=&#8221;on&#8221; saved_tabs=&#8221;all&#8221;] [\/et_pb_image][et_pb_text admin_label=&#8221;Hagstofa &#8211; texti&#8221; _builder_version=&#8221;3.27.4&#8243; background_size=&#8221;initial&#8221; background_position=&#8221;top_left&#8221; background_repeat=&#8221;repeat&#8221; use_border_color=&#8221;off&#8221; border_style=&#8221;solid&#8221;]Uppl\u00fdsngar um ve\u00f0ur og sj\u00f3lag hj\u00e1 <a href=\"http:\/\/www.vegagerdin.is\/vs\/Today.aspx?la=is\">Samg\u00f6ngustofu (Vegager\u00f0inni)<\/a>.<\/p>\n<div class=\"pgwrap twocol varslan\">\n<div class=\"pgwrap2\">\n<div class=\"pgwrap3\">\n<div class=\"pgmain\">\n<div class=\"wrap\">\n<div class=\"article box\">\n<div class=\"boxbody\">\n<hr \/>\n<\/div>\n<\/div>\n<\/div>\n<\/div>\n<\/div>\n<\/div>\n<\/div>\n<p>[\/et_pb_text][et_pb_image src=&#8221;https:\/\/sjavarutvegur.is\/wp-content\/uploads\/2016\/12\/logo-final.png&#8221; url=&#8221;https:\/\/www.marinetraffic.com&#8221; show_bottom_space=&#8221;off&#8221; align_tablet=&#8221;center&#8221; align_phone=&#8221;&#8221; align_last_edited=&#8221;on|desktop&#8221; admin_label=&#8221;Marin traficc&#8221; _builder_version=&#8221;4.7.7&#8243; custom_margin=&#8221;||10px|&#8221; animation_style=&#8221;slide&#8221; animation_direction=&#8221;left&#8221; animation_duration=&#8221;500ms&#8221; animation_intensity_slide=&#8221;10%&#8221; hover_enabled=&#8221;0&#8243; use_border_color=&#8221;off&#8221; border_color=&#8221;#ffffff&#8221; border_width=&#8221;1px&#8221; border_style=&#8221;solid&#8221; sticky=&#8221;on&#8221; saved_tabs=&#8221;all&#8221; sticky_enabled=&#8221;0&#8243;] [\/et_pb_image][et_pb_text admin_label=&#8221;Hagstofa &#8211; texti&#8221; _builder_version=&#8221;3.27.4&#8243; background_size=&#8221;initial&#8221; background_position=&#8221;top_left&#8221; background_repeat=&#8221;repeat&#8221; use_border_color=&#8221;off&#8221; border_style=&#8221;solid&#8221;]Yfirlit yfir sta\u00f0setningu fiskiskipa \u00e1<a href=\"http:\/\/www.marinetraffic.com\/\"> MarineTraffic<\/a><\/p>\n<div class=\"pgwrap twocol varslan\">\n<div class=\"pgwrap2\">\n<div class=\"pgwrap3\">\n<div class=\"pgmain\">\n<div class=\"wrap\">\n<div class=\"article box\">\n<div class=\"boxbody\">\n<hr \/>\n<\/div>\n<\/div>\n<\/div>\n<\/div>\n<\/div>\n<\/div>\n<\/div>\n<p>[\/et_pb_text][\/et_pb_column_inner][\/et_pb_row_inner][\/et_pb_column][et_pb_column type=&#8221;1_4&#8243; _builder_version=&#8221;3.25&#8243; custom_padding=&#8221;|||&#8221; custom_padding__hover=&#8221;|||&#8221;][et_pb_testimonial quote_icon_color=&#8221;#1d00ff&#8221; admin_label=&#8221;Fiskvei\u00f0ar&#8221; _builder_version=&#8221;3.2&#8243; background_color=&#8221;#ffffff&#8221; background_size=&#8221;initial&#8221; background_position=&#8221;top_left&#8221; background_repeat=&#8221;repeat&#8221; border_width_all=&#8221;0px&#8221; border_color_all=&#8221;#1d00f9&#8243; border_style_all=&#8221;solid&#8221; use_border_color=&#8221;on&#8221; border_color=&#8221;#1d00f9&#8243; border_style=&#8221;solid&#8221;]<\/p>\n<h4><strong>Fiskvei\u00f0ar<\/strong><\/h4>\n<ul>\n<li><a href=\"http:\/\/www.aflafrettir.is\/\">Aflafr\u00e9ttir<\/a><\/li>\n<li><a href=\"http:\/\/www.fiskistofa.is\/\" target=\"blank\" rel=\"noopener noreferrer\" style=\"font-size: 14px;\">Fiskistofa<\/a><\/li>\n<li><a href=\"https:\/\/www.hagstofa.is\/\">Hagstofa \u00cdslands<\/a><\/li>\n<li><a href=\"http:\/\/www.hafro.is\">Hafranns\u00f3knastofnun<\/a><\/li>\n<li><a href=\"https:\/\/rsf.is\/\">Reiknistofu fiskmarka\u00f0a<\/a><\/li>\n<li><a href=\"http:\/\/www.vegagerdin.is\/vs\/Today.aspx?la=is\">Ver\u00f0urfar og sj\u00f3lag<\/a><\/li>\n<li><a href=\"http:\/\/www.marinetraffic.com\/en\/ais\/home\/centerx:-12\/centery:25\/zoom:4\">Sta\u00f0setning fiskiskipa<\/a><\/li>\n<li><a href=\"https:\/\/www.government.is\/topics\/business-and-industry\/fisheries-in-iceland\/\">Fisheries in Iceland<\/a><\/li>\n<\/ul>\n<p>[\/et_pb_testimonial][\/et_pb_column][\/et_pb_section]<\/p>\n","protected":false},"excerpt":{"rendered":"<p>Fiskvei\u00f0ar Hafranns\u00f3knastofnun er st\u00e6rsta ranns\u00f3knastofnun landsins \u00e1 svi\u00f0i haf- og fiskiranns\u00f3kna og gegnir l\u00f6gum samkv\u00e6mt mikilv\u00e6gu r\u00e1\u00f0gjafarhlutverki var\u00f0andi skynsamlega n\u00fdtingu au\u00f0linda hafsins.\u00a0Stofnunin hefur \u00fer\u00ed\u00fe\u00e6tt hlutverk: a\u00f0 stunda ranns\u00f3knir \u00e1 hafinu og l\u00edfr\u00edki \u00feess, a\u00f0 veita r\u00e1\u00f0gj\u00f6f til stj\u00f3rnvalda um sj\u00e1lfb\u00e6ra n\u00fdtingu \u00e1 au\u00f0lindum hafsins, a\u00f0 mi\u00f0la uppl\u00fdsingum til stj\u00f3rnvalda, hagsmunaa\u00f0ila \u00ed sj\u00e1var\u00fatvegi og almennings Reiknistofa [&hellip;]<\/p>\n","protected":false},"author":2,"featured_media":0,"parent":457,"menu_order":0,"comment_status":"closed","ping_status":"closed","template":"","meta":{"_et_pb_use_builder":"on","_et_pb_old_content":"","_et_gb_content_width":"","footnotes":""},"class_list":["post-309","page","type-page","status-publish","hentry"],"_links":{"self":[{"href":"https:\/\/sjavarutvegur.is\/index.php?rest_route=\/wp\/v2\/pages\/309","targetHints":{"allow":["GET"]}}],"collection":[{"href":"https:\/\/sjavarutvegur.is\/index.php?rest_route=\/wp\/v2\/pages"}],"about":[{"href":"https:\/\/sjavarutvegur.is\/index.php?rest_route=\/wp\/v2\/types\/page"}],"author":[{"embeddable":true,"href":"https:\/\/sjavarutvegur.is\/index.php?rest_route=\/wp\/v2\/users\/2"}],"replies":[{"embeddable":true,"href":"https:\/\/sjavarutvegur.is\/index.php?rest_route=%2Fwp%2Fv2%2Fcomments&post=309"}],"version-history":[{"count":40,"href":"https:\/\/sjavarutvegur.is\/index.php?rest_route=\/wp\/v2\/pages\/309\/revisions"}],"predecessor-version":[{"id":2488,"href":"https:\/\/sjavarutvegur.is\/index.php?rest_route=\/wp\/v2\/pages\/309\/revisions\/2488"}],"up":[{"embeddable":true,"href":"https:\/\/sjavarutvegur.is\/index.php?rest_route=\/wp\/v2\/pages\/457"}],"wp:attachment":[{"href":"https:\/\/sjavarutvegur.is\/index.php?rest_route=%2Fwp%2Fv2%2Fmedia&parent=309"}],"curies":[{"name":"wp","href":"https:\/\/api.w.org\/{rel}","templated":true}]}}