{"id":307,"date":"2016-12-22T16:21:50","date_gmt":"2016-12-22T16:21:50","guid":{"rendered":"http:\/\/dev.sjavarutvegur.is\/?page_id=307"},"modified":"2021-01-03T12:42:31","modified_gmt":"2021-01-03T12:42:31","slug":"sjavarvistfradi","status":"publish","type":"page","link":"https:\/\/sjavarutvegur.is\/?page_id=307","title":{"rendered":"Sj\u00e1varvistfr\u00e6\u00f0i"},"content":{"rendered":"<p>[et_pb_section fb_built=&#8221;1&#8243; specialty=&#8221;on&#8221; custom_padding_last_edited=&#8221;on|desktop&#8221; admin_label=&#8221;Section&#8221; _builder_version=&#8221;3.22&#8243; background_color=&#8221;rgba(4,0,255,0.02)&#8221; custom_padding_tablet=&#8221;50px|0|50px|0&#8243; custom_padding_phone=&#8221;&#8221; transparent_background=&#8221;off&#8221; padding_mobile=&#8221;off&#8221;][et_pb_column type=&#8221;3_4&#8243; specialty_columns=&#8221;3&#8243; _builder_version=&#8221;3.25&#8243; custom_padding=&#8221;|||&#8221; custom_padding__hover=&#8221;|||&#8221;][et_pb_row_inner padding_mobile=&#8221;off&#8221; make_equal=&#8221;on&#8221; column_padding_mobile=&#8221;off&#8221; admin_label=&#8221;Row&#8221; _builder_version=&#8221;3.25&#8243; custom_margin=&#8221;-60px||-30px|&#8221; custom_padding=&#8221;|||&#8221;][et_pb_column_inner saved_specialty_column_type=&#8221;3_4&#8243; _builder_version=&#8221;3.25&#8243; custom_padding=&#8221;| | | &#8221; custom_padding__hover=&#8221;|||&#8221;][et_pb_text admin_label=&#8221;Sj\u00e1varvistfr\u00e6\u00f0i&#8221; _builder_version=&#8221;3.27.4&#8243; background_size=&#8221;initial&#8221; background_position=&#8221;top_left&#8221; background_repeat=&#8221;repeat&#8221; use_border_color=&#8221;off&#8221; border_style=&#8221;solid&#8221;]<\/p>\n<h3><span style=\"color: #0000ff;\"><strong>Sj\u00e1varvistfr\u00e6\u00f0i<\/strong><\/span><\/h3>\n<hr \/>\n<p>[\/et_pb_text][\/et_pb_column_inner][\/et_pb_row_inner][et_pb_row_inner padding_mobile=&#8221;off&#8221; column_padding_mobile=&#8221;off&#8221; admin_label=&#8221;Row&#8221; _builder_version=&#8221;3.25&#8243; custom_padding=&#8221;30px|0px|3px|0px&#8221; column_structure=&#8221;1_2,1_2&#8243;][et_pb_column_inner type=&#8221;1_2&#8243; saved_specialty_column_type=&#8221;3_4&#8243; _builder_version=&#8221;3.25&#8243; custom_padding=&#8221;|||&#8221; custom_padding__hover=&#8221;|||&#8221;][et_pb_image src=&#8221;https:\/\/sjavarutvegur.is\/wp-content\/uploads\/2021\/01\/sjavar.png&#8221; _builder_version=&#8221;4.7.7&#8243; _module_preset=&#8221;default&#8221; hover_enabled=&#8221;0&#8243; sticky_enabled=&#8221;0&#8243; title_text=&#8221;sjavar&#8221; url=&#8221;https:\/\/www.sjavarlif.is\/&#8221;][\/et_pb_image][et_pb_text _builder_version=&#8221;4.7.7&#8243; _module_preset=&#8221;default&#8221; hover_enabled=&#8221;0&#8243; sticky_enabled=&#8221;0&#8243;]<\/p>\n<p><a href=\"https:\/\/www.sjavarlif.is\/\">Sj\u00e1varl\u00edf.is<\/a> er safn lj\u00f3smynda og myndskei\u00f0a eftir Erlend Bogason kafara, sem f\u00e6rir okkur n\u00fdja s\u00fdn \u00e1 ver\u00f6ldina \u00ed undirdj\u00fapunum vi\u00f0 \u00cdsland.<\/p>\n<p>[\/et_pb_text][et_pb_image src=&#8221;https:\/\/sjavarutvegur.is\/wp-content\/uploads\/2016\/12\/vistey_logo_final.png&#8221; url=&#8221;http:\/\/www.vistey.is&#8221; show_bottom_space=&#8221;off&#8221; align_tablet=&#8221;center&#8221; align_last_edited=&#8221;on|desktop&#8221; admin_label=&#8221;Vistey&#8221; _builder_version=&#8221;3.23&#8243; custom_margin=&#8221;||10px|&#8221; animation_style=&#8221;slide&#8221; animation_direction=&#8221;left&#8221; animation_duration=&#8221;500ms&#8221; animation_intensity_slide=&#8221;10%&#8221; use_border_color=&#8221;off&#8221; border_color=&#8221;#ffffff&#8221; border_width=&#8221;1px&#8221; border_style=&#8221;solid&#8221; sticky=&#8221;on&#8221;] [\/et_pb_image][et_pb_text admin_label=&#8221;Vistey &#8211; texti&#8221; _builder_version=&#8221;3.27.4&#8243; background_size=&#8221;initial&#8221; background_position=&#8221;top_left&#8221; background_repeat=&#8221;repeat&#8221; use_border_color=&#8221;off&#8221; border_style=&#8221;solid&#8221;]<\/p>\n<p><a href=\"http:\/\/www.vistey.is\/\">Vistey<\/a> er uppl&yacute;singag&aacute;tt um vistkerfi sj&aacute;var &iacute; Eyjafir&eth;i, &aelig;tla&eth; b&aelig;&eth;i heimam&ouml;nnum til fr&aelig;&eth;slu um eigi&eth; umhverfi og fyrir fer&eth;amenn sem heims&aelig;kja sv&aelig;&eth;i&eth;.<\/p>\n<div class=\"pgwrap twocol varslan\">\n<div class=\"pgwrap2\">\n<div class=\"pgwrap3\">\n<div class=\"pgmain\">\n<div class=\"wrap\">\n<div class=\"article box\">\n<div class=\"boxbody\">\n<hr \/>\n<\/div>\n<\/div>\n<\/div>\n<\/div>\n<\/div>\n<\/div>\n<\/div>\n<p>[\/et_pb_text][\/et_pb_column_inner][et_pb_column_inner type=&#8221;1_2&#8243; saved_specialty_column_type=&#8221;3_4&#8243; _builder_version=&#8221;3.25&#8243; custom_padding=&#8221;|||&#8221; custom_padding__hover=&#8221;|||&#8221;][et_pb_image src=&#8221;https:\/\/sjavarutvegur.is\/wp-content\/uploads\/2016\/12\/firdir.png&#8221; url=&#8221;https:\/\/www.hafogvatn.is\/&#8221; show_bottom_space=&#8221;off&#8221; align_tablet=&#8221;center&#8221; align_last_edited=&#8221;on|desktop&#8221; admin_label=&#8221;Fir\u00f0ir&#8221; _builder_version=&#8221;4.7.7&#8243; custom_margin=&#8221;||10px|&#8221; custom_margin_tablet=&#8221;&#8221; custom_margin_phone=&#8221;&#8221; custom_margin_last_edited=&#8221;on|desktop&#8221; animation_style=&#8221;slide&#8221; animation_direction=&#8221;left&#8221; animation_duration=&#8221;500ms&#8221; animation_intensity_slide=&#8221;10%&#8221; hover_enabled=&#8221;0&#8243; use_border_color=&#8221;off&#8221; border_color=&#8221;#ffffff&#8221; border_width=&#8221;1px&#8221; border_style=&#8221;solid&#8221; sticky=&#8221;on&#8221; sticky_enabled=&#8221;0&#8243;] [\/et_pb_image][et_pb_text admin_label=&#8221;Fir\u00f0ir&#8221; _builder_version=&#8221;3.27.4&#8243; background_size=&#8221;initial&#8221; background_position=&#8221;top_left&#8221; background_repeat=&#8221;repeat&#8221; use_border_color=&#8221;off&#8221; border_style=&#8221;solid&#8221;]<\/p>\n<p><span><\/span><\/p>\n<p><span><a href=\"https:\/\/www.hafogvatn.is\/\">Hafranns\u00f3knastofnun<\/a>, ranns\u00f3kna- og r\u00e1\u00f0gjafarstofnun hafs og vatna er st\u00e6rsta ranns\u00f3knastofnun landsins \u00e1 svi\u00f0i hafs- og vatnaranns\u00f3kna og gegnir auk \u00feess r\u00e1\u00f0gjafarhlutverki var\u00f0andi skynsamlega n\u00fdtingu og verndun au\u00f0linda hafs og vatna.\u00a0\u00a0<\/span><\/p>\n<p><span><a href=\"https:\/\/www.hafogvatn.is\/is\/rannsoknir\/fjardarannsoknir\">Fjar\u00f0aranns\u00f3knir<\/a> fjalla um fir\u00f0i og grunns\u00e6vi \u00e1 \u00cdslandi. \u00deeim er \u00e6tla\u00f0 a\u00f0 kynna og koma \u00e1 framf\u00e6ri uppl\u00fdsingum og ni\u00f0urst\u00f6\u00f0um ranns\u00f3kna um n\u00e1tturfar fjar\u00f0a og grunns\u00e6vis vi\u00f0 \u00cdsland. Misjafnlega miki\u00f0 er til af efni um \u00edslenska fir\u00f0i en gert er r\u00e1\u00f0 fyrir a\u00f0 sm\u00e1m saman ver\u00f0i fyllt \u00ed \u00fe\u00e6r ey\u00f0ur sem n\u00fa eru til sta\u00f0ar.<\/span><\/p>\n<p><span><\/span><\/p>\n<hr \/>\n<p>[\/et_pb_text][\/et_pb_column_inner][\/et_pb_row_inner][\/et_pb_column][et_pb_column type=&#8221;1_4&#8243; _builder_version=&#8221;3.25&#8243; custom_padding=&#8221;|||&#8221; custom_padding__hover=&#8221;|||&#8221;][et_pb_testimonial quote_icon_color=&#8221;#0026ff&#8221; admin_label=&#8221;L\u00edffr\u00e6\u00f0ivefir&#8221; _builder_version=&#8221;4.7.7&#8243; background_color=&#8221;#ffffff&#8221; background_size=&#8221;initial&#8221; background_position=&#8221;top_left&#8221; background_repeat=&#8221;repeat&#8221; hover_enabled=&#8221;0&#8243; border_width_all=&#8221;0px&#8221; border_color_all=&#8221;#0400fc&#8221; border_style_all=&#8221;solid&#8221; use_border_color=&#8221;on&#8221; border_color=&#8221;#0400fc&#8221; border_style=&#8221;solid&#8221; sticky_enabled=&#8221;0&#8243;]<\/p>\n<h4><span style=\"color: #006ac1;\"><strong>L\u00edffr\u00e6\u00f0ivefir<\/strong><\/span><\/h4>\n<ul>\n<li><a href=\"https:\/\/www.sjavarlif.is\/\">Sjavarlif.is<\/a><\/li>\n<li><a href=\"https:\/\/www.youtube.com\/user\/ErlendurBogason\">Erlendur Bogasson \u00e1 Youtube<\/a><\/li>\n<li><a href=\"http:\/\/www1.nams.is\/hafid\/\">Fjaran og hafi\u00f0<\/a><\/li>\n<li><a href=\"http:\/\/www.fauna.is\/\">Fauna.is<\/a><\/li>\n<li><a href=\"http:\/\/www.hafro.is\/voktun\/\">V\u00f6ktun eitur\u00fe\u00f6runga<\/a><\/li>\n<li><a href=\"https:\/\/www.hafogvatn.is\/is\/rannsoknir\/fjardarannsoknir\">Fjar\u00f0aranns\u00f3knir<\/a><\/li>\n<li><a href=\"https:\/\/www.hafogvatn.is\/is\/midlun\/utgafa\">\u00datgefi\u00f0 efni hj\u00e1 Hafranns\u00f3knastofnun<\/a><\/li>\n<\/ul>\n<p>[\/et_pb_testimonial][\/et_pb_column][\/et_pb_section]<\/p>\n","protected":false},"excerpt":{"rendered":"<p>Sj\u00e1varvistfr\u00e6\u00f0i Sj\u00e1varl\u00edf.is er safn lj\u00f3smynda og myndskei\u00f0a eftir Erlend Bogason kafara, sem f\u00e6rir okkur n\u00fdja s\u00fdn \u00e1 ver\u00f6ldina \u00ed undirdj\u00fapunum vi\u00f0 \u00cdsland. Vistey er uppl&yacute;singag&aacute;tt um vistkerfi sj&aacute;var &iacute; Eyjafir&eth;i, &aelig;tla&eth; b&aelig;&eth;i heimam&ouml;nnum til fr&aelig;&eth;slu um eigi&eth; umhverfi og fyrir fer&eth;amenn sem heims&aelig;kja sv&aelig;&eth;i&eth;. Hafranns\u00f3knastofnun, ranns\u00f3kna- og r\u00e1\u00f0gjafarstofnun hafs og vatna er st\u00e6rsta ranns\u00f3knastofnun landsins [&hellip;]<\/p>\n","protected":false},"author":2,"featured_media":0,"parent":457,"menu_order":0,"comment_status":"closed","ping_status":"closed","template":"","meta":{"_et_pb_use_builder":"on","_et_pb_old_content":"","_et_gb_content_width":"","footnotes":""},"class_list":["post-307","page","type-page","status-publish","hentry"],"_links":{"self":[{"href":"https:\/\/sjavarutvegur.is\/index.php?rest_route=\/wp\/v2\/pages\/307","targetHints":{"allow":["GET"]}}],"collection":[{"href":"https:\/\/sjavarutvegur.is\/index.php?rest_route=\/wp\/v2\/pages"}],"about":[{"href":"https:\/\/sjavarutvegur.is\/index.php?rest_route=\/wp\/v2\/types\/page"}],"author":[{"embeddable":true,"href":"https:\/\/sjavarutvegur.is\/index.php?rest_route=\/wp\/v2\/users\/2"}],"replies":[{"embeddable":true,"href":"https:\/\/sjavarutvegur.is\/index.php?rest_route=%2Fwp%2Fv2%2Fcomments&post=307"}],"version-history":[{"count":20,"href":"https:\/\/sjavarutvegur.is\/index.php?rest_route=\/wp\/v2\/pages\/307\/revisions"}],"predecessor-version":[{"id":2428,"href":"https:\/\/sjavarutvegur.is\/index.php?rest_route=\/wp\/v2\/pages\/307\/revisions\/2428"}],"up":[{"embeddable":true,"href":"https:\/\/sjavarutvegur.is\/index.php?rest_route=\/wp\/v2\/pages\/457"}],"wp:attachment":[{"href":"https:\/\/sjavarutvegur.is\/index.php?rest_route=%2Fwp%2Fv2%2Fmedia&parent=307"}],"curies":[{"name":"wp","href":"https:\/\/api.w.org\/{rel}","templated":true}]}}