{"id":1628,"date":"2017-01-15T17:17:56","date_gmt":"2017-01-15T17:17:56","guid":{"rendered":"https:\/\/sjavarutvegur.is\/?page_id=1628"},"modified":"2021-01-03T22:20:31","modified_gmt":"2021-01-03T22:20:31","slug":"thjonusta","status":"publish","type":"page","link":"https:\/\/sjavarutvegur.is\/?page_id=1628","title":{"rendered":"\u00dej\u00f3nusta"},"content":{"rendered":"<p>[et_pb_section fb_built=&#8221;1&#8243; custom_padding_last_edited=&#8221;on|desktop&#8221; admin_label=&#8221;Section&#8221; _builder_version=&#8221;3.22&#8243; background_color=&#8221;rgba(4,0,255,0.02)&#8221; custom_padding=&#8221;17px|0px|0px|0px&#8221; custom_padding_tablet=&#8221;50px|0|50px|0&#8243; custom_padding_phone=&#8221;17px|0px|0px|0px&#8221; transparent_background=&#8221;off&#8221; padding_mobile=&#8221;off&#8221;][et_pb_row padding_mobile=&#8221;off&#8221; column_padding_mobile=&#8221;on&#8221; admin_label=&#8221;Row&#8221; _builder_version=&#8221;3.25&#8243; background_size=&#8221;initial&#8221; background_position=&#8221;top_left&#8221; background_repeat=&#8221;repeat&#8221; custom_padding=&#8221;14px|0px|0px|0px&#8221;][et_pb_column type=&#8221;4_4&#8243; _builder_version=&#8221;3.25&#8243; custom_padding=&#8221;|||&#8221; custom_padding__hover=&#8221;|||&#8221;][et_pb_text admin_label=&#8221;Text&#8221; _builder_version=&#8221;3.27.4&#8243; background_size=&#8221;initial&#8221; background_position=&#8221;top_left&#8221; background_repeat=&#8221;repeat&#8221; use_border_color=&#8221;off&#8221; border_color=&#8221;#ffffff&#8221; border_style=&#8221;solid&#8221;]<\/p>\n<h3><span style=\"color: #0000ff;\"><strong>Sj\u00e1var\u00fatvegstenglar<\/strong><\/span><\/h3>\n<hr \/>\n<p>[\/et_pb_text][et_pb_text admin_label=&#8221;Text&#8221; _builder_version=&#8221;3.27.4&#8243; background_size=&#8221;initial&#8221; background_position=&#8221;top_left&#8221; background_repeat=&#8221;repeat&#8221; custom_margin=&#8221;||-20px|&#8221; use_border_color=&#8221;off&#8221; border_style=&#8221;solid&#8221;]<\/p>\n<h4><strong>\u00dej\u00f3nusta<\/strong><\/h4>\n<p><strong><\/strong><\/p>\n<p><strong><\/strong><\/p>\n<p>[\/et_pb_text][et_pb_tabs admin_label=&#8221;Tabs&#8221; _builder_version=&#8221;3.0.101&#8243; background_size=&#8221;initial&#8221; background_position=&#8221;top_left&#8221; background_repeat=&#8221;repeat&#8221; use_border_color=&#8221;off&#8221; border_color=&#8221;#ff0c0c&#8221; border_style=&#8221;solid&#8221;][et_pb_tab title=&#8221;Stofnanir&#8221; _builder_version=&#8221;3.0.47&#8243; body_font=&#8221;||||&#8221; body_line_height=&#8221;2em&#8221; tab_font=&#8221;||||&#8221; tab_line_height=&#8221;2em&#8221; background_size=&#8221;initial&#8221; background_position=&#8221;top_left&#8221; background_repeat=&#8221;repeat&#8221; body_line_height_tablet=&#8221;2em&#8221; body_line_height_phone=&#8221;2em&#8221; tab_line_height_tablet=&#8221;2em&#8221; tab_line_height_phone=&#8221;2em&#8221;]<\/p>\n<ul>\n<li><a href=\"http:\/\/www.byggdastofnun.is\/\">Bygg\u00f0astofnum<\/a><\/li>\n<li><a href=\"http:\/\/www.fiskistofa.is\/\">Fiskistofa<\/a><\/li>\n<li><a href=\"http:\/\/www.hafro.is\/\">Hafranns\u00f3knar-stofnun<\/a><\/li>\n<li><a href=\"http:\/\/www.hagstofa.is\/\">Hagstofa \u00cdslands<\/a><\/li>\n<li><a href=\"http:\/\/www.icetrade.is\/\">\u00cdslandsstofa<\/a><\/li>\n<li><a href=\"http:\/\/www.lhg.is\/\">Landhelgisg\u00e6slan<\/a><\/li>\n<li><a href=\"http:\/\/www.matis.is\/\">Matis<\/a><\/li>\n<li><a href=\"http:\/\/www.mast.is\">Matv\u00e6lastofnun<\/a><\/li>\n<li><a href=\"http:\/\/www.ni.is\/\">N\u00e1tt\u00faruverndarstofnun \u00cdslands<\/a><\/li>\n<li><a href=\"http:\/\/www.sns.is\/\" style=\"font-size: 14px;\">Samt\u00f6k n\u00e1tt\u00farustofa<\/a><\/li>\n<li><a href=\"http:\/\/www.samgongustofa.is\/\">Samg\u00f6ngustofa<\/a><\/li>\n<li><a href=\"http:\/\/www.atvinnuvegaraduneyti.is\/\">Sj\u00e1var\u00fatvegsr\u00e1\u00f0uneyti<\/a><\/li>\n<li><a href=\"http:\/\/www.skipulag.is\/\">Skipulagsstofnun<\/a><\/li>\n<li><a href=\"http:\/\/www.stjr.is\/\">Stj\u00f3rnarr\u00e1\u00f0 \u00cdslands<\/a><\/li>\n<li><a href=\"http:\/\/www.verdlagsstofa.is\/\">Ver\u00f0lagsstofa skiptaver\u00f0s<\/a><\/li>\n<li><a href=\"http:\/\/www.vedur.is\/\">Ve\u00f0urstofa \u00cdslands<\/a><\/li>\n<li><a href=\"http:\/\/www.vinnueftirlit.is\/\">Vinnueftirliti\u00f0<\/a><\/li>\n<li><a href=\"http:\/\/www.ust.is\">Umhverfisstofnun<\/a><\/li>\n<\/ul>\n<p>[\/et_pb_tab][et_pb_tab title=&#8221;Samt\u00f6k&#8221; _builder_version=&#8221;3.0.47&#8243; body_font=&#8221;||||&#8221; body_line_height=&#8221;2em&#8221; tab_font=&#8221;||||&#8221; tab_line_height=&#8221;2em&#8221; background_size=&#8221;initial&#8221; background_position=&#8221;top_left&#8221; background_repeat=&#8221;repeat&#8221; body_line_height_tablet=&#8221;2em&#8221; body_line_height_phone=&#8221;2em&#8221; tab_line_height_tablet=&#8221;2em&#8221; tab_line_height_phone=&#8221;2em&#8221;]<\/p>\n<ul>\n<li><a href=\"http:\/\/baader.is\/\">B\u00e1ran st\u00e9ttaf\u00e9lag<\/a><\/li>\n<li><a href=\"http:\/\/www.skipstjorn.is\/\" target=\"_blank\" rel=\"noopener\">F\u00e9lag skipstj\u00f3rnarmanna<\/a><\/li>\n<li><a href=\"http:\/\/www.hrefna.is\/\">F\u00e9lag hrefnuvei\u00f0imanna<\/a><\/li>\n<li><a href=\"https:\/\/www.makrill.is\/\">F\u00e9lag makr\u00edlvei\u00f0imanna<\/a><\/li>\n<li><a href=\"http:\/\/www.vm.is\/\">F\u00e9lag v\u00e9lstj\u00f3ra og m\u00e1lmt\u00e6knimanna<\/a><\/li>\n<li><a href=\"https:\/\/ufsi.github.io\/\"><span>F\u00e9lag ungs \u00e1hugaf\u00f3lks um sj\u00e1var\u00fatveg<\/span><\/a><\/li>\n<li><a href=\"http:\/\/www.hafnasamband.is\/\">Hafnarsamband \u00cdslands<\/a><\/li>\n<li><a href=\"http:\/\/www.sjorinn.is\/\">Hi\u00f0 \u00edslenska sj\u00e1var\u00fatvegsf\u00e9lag<\/a><\/li>\n<li><a href=\"http:\/\/www.icewhale.is\/\">Icelandic whale watching association<\/a><\/li>\n<li><a href=\"http:\/\/www.vitafelagid.com\/\">\u00cdslenska vitaf\u00e9lagi\u00f0<\/a><\/li>\n<li><a href=\"http:\/\/www.lf.is\/\">Landssamband fiskeldisst\u00f6\u00f0va<\/a><\/li>\n<li><a href=\"http:\/\/www.smabatar.is\/\">Landssamband sm\u00e1b\u00e1taeigenda<\/a><\/li>\n<li><a href=\"http:\/\/www.mni.is\">Matv\u00e6la- og n\u00e6ringarfr\u00e6\u00f0af\u00e9lag \u00cdslands<\/a><\/li>\n<li><a href=\"http:\/\/www.kis.is\/\">Konur \u00ed sj\u00e1var\u00fatvegi<\/a><\/li>\n<li><a href=\"http:\/\/www.sa.is\/\">Samt\u00f6k atvinnul\u00edfsins<\/a><\/li>\n<li><a href=\"http:\/\/ses.is\/\">Samt\u00f6k eigenda sj\u00e1varjar\u00f0a<\/a><\/li>\n<li><a href=\"http:\/\/www.sfu.is\/\">Samt\u00f6k fiskframlei\u00f0enda og \u00fatflytjenda<\/a><\/li>\n<li><a href=\"http:\/\/www.ssu.is\/\"><span>Samt\u00f6k sm\u00e6rri \u00fatger\u00f0a<\/span><\/a><\/li>\n<li><a href=\"http:\/\/www.sfs.is\/\">Samt\u00f6k fyrirt\u00e6kja \u00ed sj\u00e1var\u00fatvegi<\/a><\/li>\n<li><a href=\"http:\/\/sjoey.stettey.is\/\">Sj\u00f3mannaf\u00e9lag Eyjafjar\u00f0ar<\/a><\/li>\n<li><a href=\"http:\/\/www.ssi.is\/\">Sj\u00f3mannasamband \u00cdslands<\/a><\/li>\n<li><a href=\"http:\/\/www.svg.is\/\">Sj\u00f3manna- og V\u00e9lstj\u00f3raf\u00e9lag Grindav\u00edkur<\/a><\/li>\n<li><a href=\"http:\/\/vsfk.is\/\">Verkal\u00fd\u00f0s- og sj\u00f3mannaf\u00e9lag Keflav\u00edkur og n\u00e1grennis<\/a><\/li>\n<li><a href=\"http:\/\/www.sjavarklasinn.is\/\">Sj\u00e1varklasinn<\/a><\/li>\n<li><a href=\"http:\/\/www.skelraekt.is\/\">Skelr\u00e6kt, f\u00e9lagssamt\u00f6k<\/a><\/li>\n<\/ul>\n<p>[\/et_pb_tab][et_pb_tab title=&#8221;Sj\u00e1vartengd fer\u00f0a\u00fej\u00f3nusta&#8221; _builder_version=&#8221;3.0.47&#8243; body_font=&#8221;||||&#8221; body_line_height=&#8221;2em&#8221; tab_font=&#8221;||||&#8221; tab_line_height=&#8221;2em&#8221; background_size=&#8221;initial&#8221; background_position=&#8221;top_left&#8221; background_repeat=&#8221;repeat&#8221; body_line_height_tablet=&#8221;2em&#8221; body_line_height_phone=&#8221;2em&#8221; tab_line_height_tablet=&#8221;2em&#8221; tab_line_height_phone=&#8221;2em&#8221;]<\/p>\n<ul>\n<li><a href=\"https:\/\/elding.is\/\">Elding<\/a><\/li>\n<li><a href=\"http:\/\/fisherman.is\/\">Fisherman<\/a><\/li>\n<li><a href=\"http:\/\/www.icelandprofishing.com\/\">Iceland ProFishing<\/a><\/li>\n<li><a href=\"http:\/\/www.icelandseaangling.is\/\">Iceland Sea Angling\u00a0<\/a><\/li>\n<li><a href=\"http:\/\/www.nordursigling.is\/\">Nor\u00f0ursigling<\/a><\/li>\n<li><a href=\"https:\/\/www.sealwatching.is\/en\/\">Sealwatching.is<\/a><\/li>\n<li><a href=\"http:\/\/www.specialtours.is\/\">Special tours<\/a><\/li>\n<\/ul>\n<p>[\/et_pb_tab][et_pb_tab title=&#8221;Vi\u00f0bur\u00f0ir&#8221; _builder_version=&#8221;3.0.101&#8243;]<\/p>\n<ul>\n<li><a href=\"http:\/\/www.icefish.is\/is\">Sj\u00e1var\u00fatvegss\u00fdningin<\/a><\/li>\n<li><a href=\"https:\/\/sjavarutvegsradstefnan.is\/\">Sj\u00e1var\u00fatvegsr\u00e1\u00f0stefnan<\/a><\/li>\n<li><a href=\"https:\/\/strandbunadur.is\/\">Strandb\u00fana\u00f0ur<\/a><\/li>\n<\/ul>\n<p>&nbsp;<\/p>\n<p>[\/et_pb_tab][et_pb_tab title=&#8221;Anna\u00f0&#8221; _builder_version=&#8221;3.0.47&#8243; body_font=&#8221;||||&#8221; body_line_height=&#8221;2em&#8221; tab_font=&#8221;||||&#8221; tab_line_height=&#8221;2em&#8221; background_size=&#8221;initial&#8221; background_position=&#8221;top_left&#8221; background_repeat=&#8221;repeat&#8221; body_line_height_tablet=&#8221;2em&#8221; body_line_height_phone=&#8221;2em&#8221; tab_line_height_tablet=&#8221;2em&#8221; tab_line_height_phone=&#8221;2em&#8221;]<\/p>\n<ul>\n<li class=\"et-fb-mce-line-break-holder\"><a href=\"http:\/\/www.efla.is\">Efla<\/a><\/li>\n<li class=\"et-fb-mce-line-break-holder\"><a href=\"http:\/\/www.verkis.is\">Verk\u00eds<\/a><\/li>\n<li class=\"et-fb-mce-line-break-holder\"><a href=\"http:\/\/markmar.is\/\">MarkMar<\/a><\/li>\n<li><a href=\"http:\/\/nordicmar.com\/\">Nordic Mar<\/a><\/li>\n<li><a href=\"http:\/\/www.sgconsulting.is\/\" style=\"font-size: 14px;\">SG consulting<\/a><\/li>\n<li><a href=\"http:\/\/www.tm.is\">Tryggingarmi\u00f0st\u00f6\u00f0in<\/a><\/li>\n<\/ul>\n<p>[\/et_pb_tab][\/et_pb_tabs][\/et_pb_column][\/et_pb_row][\/et_pb_section]<\/p>\n","protected":false},"excerpt":{"rendered":"<p>Sj\u00e1var\u00fatvegstenglar \u00dej\u00f3nusta Bygg\u00f0astofnum Fiskistofa Hafranns\u00f3knar-stofnun Hagstofa \u00cdslands \u00cdslandsstofa Landhelgisg\u00e6slan Matis Matv\u00e6lastofnun N\u00e1tt\u00faruverndarstofnun \u00cdslands Samt\u00f6k n\u00e1tt\u00farustofa Samg\u00f6ngustofa Sj\u00e1var\u00fatvegsr\u00e1\u00f0uneyti Skipulagsstofnun Stj\u00f3rnarr\u00e1\u00f0 \u00cdslands Ver\u00f0lagsstofa skiptaver\u00f0s Ve\u00f0urstofa \u00cdslands Vinnueftirliti\u00f0 Umhverfisstofnun B\u00e1ran st\u00e9ttaf\u00e9lag F\u00e9lag skipstj\u00f3rnarmanna F\u00e9lag hrefnuvei\u00f0imanna F\u00e9lag makr\u00edlvei\u00f0imanna F\u00e9lag v\u00e9lstj\u00f3ra og m\u00e1lmt\u00e6knimanna F\u00e9lag ungs \u00e1hugaf\u00f3lks um sj\u00e1var\u00fatveg Hafnarsamband \u00cdslands Hi\u00f0 \u00edslenska sj\u00e1var\u00fatvegsf\u00e9lag Icelandic whale watching association \u00cdslenska vitaf\u00e9lagi\u00f0 Landssamband [&hellip;]<\/p>\n","protected":false},"author":2,"featured_media":0,"parent":323,"menu_order":0,"comment_status":"closed","ping_status":"closed","template":"","meta":{"_et_pb_use_builder":"on","_et_pb_old_content":"","_et_gb_content_width":"","footnotes":""},"class_list":["post-1628","page","type-page","status-publish","hentry"],"_links":{"self":[{"href":"https:\/\/sjavarutvegur.is\/index.php?rest_route=\/wp\/v2\/pages\/1628","targetHints":{"allow":["GET"]}}],"collection":[{"href":"https:\/\/sjavarutvegur.is\/index.php?rest_route=\/wp\/v2\/pages"}],"about":[{"href":"https:\/\/sjavarutvegur.is\/index.php?rest_route=\/wp\/v2\/types\/page"}],"author":[{"embeddable":true,"href":"https:\/\/sjavarutvegur.is\/index.php?rest_route=\/wp\/v2\/users\/2"}],"replies":[{"embeddable":true,"href":"https:\/\/sjavarutvegur.is\/index.php?rest_route=%2Fwp%2Fv2%2Fcomments&post=1628"}],"version-history":[{"count":16,"href":"https:\/\/sjavarutvegur.is\/index.php?rest_route=\/wp\/v2\/pages\/1628\/revisions"}],"predecessor-version":[{"id":2505,"href":"https:\/\/sjavarutvegur.is\/index.php?rest_route=\/wp\/v2\/pages\/1628\/revisions\/2505"}],"up":[{"embeddable":true,"href":"https:\/\/sjavarutvegur.is\/index.php?rest_route=\/wp\/v2\/pages\/323"}],"wp:attachment":[{"href":"https:\/\/sjavarutvegur.is\/index.php?rest_route=%2Fwp%2Fv2%2Fmedia&parent=1628"}],"curies":[{"name":"wp","href":"https:\/\/api.w.org\/{rel}","templated":true}]}}