{"id":1624,"date":"2017-01-15T17:17:29","date_gmt":"2017-01-15T17:17:29","guid":{"rendered":"https:\/\/sjavarutvegur.is\/?page_id=1624"},"modified":"2021-01-03T22:22:51","modified_gmt":"2021-01-03T22:22:51","slug":"vinnsla","status":"publish","type":"page","link":"https:\/\/sjavarutvegur.is\/?page_id=1624","title":{"rendered":"Vinnsla"},"content":{"rendered":"<p>[et_pb_section fb_built=&#8221;1&#8243; custom_padding_last_edited=&#8221;on|desktop&#8221; admin_label=&#8221;Section&#8221; _builder_version=&#8221;3.22&#8243; background_color=&#8221;rgba(4,0,255,0.02)&#8221; custom_padding=&#8221;17px|0px|0px|0px&#8221; custom_padding_tablet=&#8221;50px|0|50px|0&#8243; custom_padding_phone=&#8221;17px|0px|0px|0px&#8221; transparent_background=&#8221;off&#8221; padding_mobile=&#8221;off&#8221;][et_pb_row padding_mobile=&#8221;off&#8221; column_padding_mobile=&#8221;on&#8221; admin_label=&#8221;Row&#8221; _builder_version=&#8221;3.25&#8243; background_size=&#8221;initial&#8221; background_position=&#8221;top_left&#8221; background_repeat=&#8221;repeat&#8221; custom_padding=&#8221;14px|0px|0px|0px&#8221;][et_pb_column type=&#8221;4_4&#8243; _builder_version=&#8221;3.25&#8243; custom_padding=&#8221;|||&#8221; custom_padding__hover=&#8221;|||&#8221;][et_pb_text admin_label=&#8221;Text&#8221; _builder_version=&#8221;3.27.4&#8243; background_size=&#8221;initial&#8221; background_position=&#8221;top_left&#8221; background_repeat=&#8221;repeat&#8221; use_border_color=&#8221;off&#8221; border_style=&#8221;solid&#8221;]<\/p>\n<h3><span style=\"color: #0000ff;\"><strong>Sj\u00e1var\u00fatvegstenglar<\/strong><\/span><\/h3>\n<hr \/>\n<p>[\/et_pb_text][et_pb_text admin_label=&#8221;Text&#8221; _builder_version=&#8221;4.7.7&#8243; background_size=&#8221;initial&#8221; background_position=&#8221;top_left&#8221; background_repeat=&#8221;repeat&#8221; custom_margin=&#8221;||-20px|&#8221; use_border_color=&#8221;off&#8221; border_style=&#8221;solid&#8221;]<\/p>\n<h4><strong>Vinnsla<\/strong><\/h4>\n<p><strong><\/strong><\/p>\n<p><strong><\/strong><\/p>\n<p>[\/et_pb_text][et_pb_tabs admin_label=&#8221;Tabs&#8221; _builder_version=&#8221;4.7.7&#8243; background_size=&#8221;initial&#8221; background_position=&#8221;top_left&#8221; background_repeat=&#8221;repeat&#8221; use_border_color=&#8221;off&#8221; border_color=&#8221;#ffffff&#8221; border_style=&#8221;solid&#8221;][et_pb_tab title=&#8221;Vinnsla&#8221; _builder_version=&#8221;3.0.47&#8243; body_font=&#8221;||||&#8221; body_line_height=&#8221;2em&#8221; tab_font=&#8221;||||&#8221; tab_line_height=&#8221;2em&#8221; background_size=&#8221;initial&#8221; background_position=&#8221;top_left&#8221; background_repeat=&#8221;repeat&#8221; body_line_height_tablet=&#8221;2em&#8221; body_line_height_phone=&#8221;2em&#8221; tab_line_height_tablet=&#8221;2em&#8221; tab_line_height_phone=&#8221;2em&#8221;]<\/p>\n<ul>\n<li><span style=\"font-size: small; font-family: Arial; color: #0000ff;\"><a style=\"font-size: 13px; color: #0000ff;\" href=\"http:\/\/www.akraborg.is\/\">Akraborg eh<\/a>f.<\/span><\/li>\n<li style=\"font-size: 14px;\"><span style=\"font-size: 14px;\"><a href=\"https:\/\/arcticstar.is\/\"><span style=\"color: #0000ff;\"><span style=\"color: #0000ff;\">Arctic star<\/span><\/span><\/a><\/span><\/li>\n<li style=\"font-size: 14px;\"><span style=\"font-size: 14px;\"><a href=\"https:\/\/www.bulandstindur.com\/\"><span style=\"color: #0000ff;\"><span style=\"color: #0000ff;\">B\u00falandstindur<\/span><\/span><\/a><\/span><\/li>\n<li style=\"font-size: 14px;\"><span style=\"font-size: 14px;\"><span style=\"color: #0000ff;\"><span style=\"color: #0000ff;\"><a href=\"https:\/\/kambur.is\/\">Fiskvinnslan Kambur<\/a><\/span><\/span><\/span><\/li>\n<li style=\"font-size: 14px;\"><span style=\"font-size: 14px; color: #0000ff;\"><span style=\"font-size: small; color: #0000ff;\"><a style=\"font-size: 14px; color: #0000ff;\" href=\"http:\/\/www.haustak.is\/\">Haustak hf. fisk\u00feurrkun<\/a><\/span><\/span><\/li>\n<li style=\"font-size: 14px;\"><a href=\"https:\/\/www.fiskverkun.is\/\" style=\"font-size: 14px; color: #0000ff;\">Har\u00f0fiskverkun Finnboga<\/a><\/li>\n<li style=\"font-size: 14px;\"><a href=\"http:\/\/ican.is\/\" style=\"font-size: 14px; color: #0000ff;\">ICAN<\/a><\/li>\n<li style=\"font-size: 14px;\"><span style=\"color: #0000ff;\"><a style=\"color: #0000ff;\" href=\"http:\/\/icegroup.is\/\">ICE Group<\/a><\/span><\/li>\n<li style=\"font-size: 14px;\"><span style=\"color: #0000ff;\"><a style=\"color: #0000ff;\" href=\"http:\/\/www.dryfish.is\/\">Langa<\/a><\/span><\/li>\n<li style=\"font-size: 14px;\"><span style=\"color: #0000ff;\"><a style=\"color: #0000ff;\" href=\"http:\/\/www.margildi.is\/\">Margildi<\/a><\/span><\/li>\n<li style=\"font-size: 14px;\"><a href=\"http:\/\/norlandia.is\/\" style=\"font-size: 14px; color: #0000ff;\">Norlandia<\/a><\/li>\n<li><span style=\"color: #0000ff;\"><a style=\"color: #0000ff; font-family: arial, sans-serif;\" href=\"http:\/\/www.opal.is\/\">Opal sj\u00e1varfang<\/a><\/span><\/li>\n<li><span style=\"font-size: small; color: #0000ff;\"><a style=\"font-size: 13px; color: #0000ff;\" href=\"http:\/\/www.ora.is\/\">Ora hf.<\/a><\/span><\/li>\n<li><span style=\"font-family: Arial; font-size: small; color: #0000ff;\"><a style=\"color: #0000ff;\" href=\"http:\/\/reykofninn.com\/\">Reykofninn Grundarfir\u00f0i<\/a><\/span><\/li>\n<li><span style=\"font-family: Arial; font-size: small; color: #0000ff;\"><a style=\"color: #0000ff;\" href=\"http:\/\/royaliceland.is\/\">Royal Iceland<\/a><\/span><\/li>\n<li><a href=\"http:\/\/skinnfiskur.is\/\" style=\"font-size: small; color: #0000ff;\">Skinnfiskur<\/a><\/li>\n<li><a href=\"http:\/\/www.svalthufa.com\/\">Svala\u00fe\u00fafa<\/a><\/li>\n<li><span style=\"color: #0000ff;\"><a style=\"color: #0000ff;\" href=\"http:\/\/www.vestfiskur.is\/\">Vestfiskur ehf.<\/a><\/span><\/li>\n<li><span style=\"color: #0000ff;\"><a style=\"color: #0000ff;\" href=\"http:\/\/www.aegirseafood.is\/\">\u00c6gir Seafood Grindavik<\/a><\/span><\/li>\n<\/ul>\n<p>Sj\u00e1 einnig sj\u00e1var\u00fatvegsfyrirt\u00e6ki<\/p>\n<p>[\/et_pb_tab][et_pb_tab title=&#8221;\u00d6nnur vinnsla sj\u00e1varfangs&#8221; _builder_version=&#8221;3.0.47&#8243; body_font=&#8221;||||&#8221; body_line_height=&#8221;2em&#8221; tab_font=&#8221;||||&#8221; tab_line_height=&#8221;2em&#8221; background_size=&#8221;initial&#8221; background_position=&#8221;top_left&#8221; background_repeat=&#8221;repeat&#8221; body_line_height_tablet=&#8221;2em&#8221; body_line_height_phone=&#8221;2em&#8221; tab_line_height_tablet=&#8221;2em&#8221; tab_line_height_phone=&#8221;2em&#8221;]<\/p>\n<ul style=\"background-color: #ffffff; font-size: 14px;\">\n<li style=\"font-size: 14px;\"><span style=\"color: #0000ff; font-size: medium; font-weight: normal;\"><a style=\"color: #0000ff;\" href=\"http:\/\/ankra.is\/\">Ankra<\/a><\/span><\/li>\n<li style=\"font-size: 14px;\"><span style=\"color: #0000ff; font-weight: normal; font-size: medium;\"><a style=\"color: #0000ff;\" href=\"http:\/\/www.lysi.is\/\">L\u00fdsi hf<\/a>.<\/span><\/li>\n<li style=\"font-size: 14px;\"><span style=\"font-size: medium; color: #0000ff; font-weight: normal;\"><a style=\"color: #0000ff;\" href=\"http:\/\/codland.is\/\">Codland<\/a><\/span><\/li>\n<li style=\"font-size: 14px;\"><span style=\"color: #0000ff; font-size: medium; font-weight: normal;\"><a style=\"color: #0000ff;\" href=\"http:\/\/www.truewestfjords.is\/\">Dropi<\/a><\/span><\/li>\n<li style=\"font-size: 14px;\"><span style=\"font-size: medium; color: #0000ff; font-weight: normal;\"><a style=\"color: #0000ff;\" href=\"http:\/\/www.fjoruperlur.is\/\">Fj\u00f6ruperlur<\/a><\/span><\/li>\n<li style=\"font-size: 14px;\"><span style=\"font-size: medium; color: #0000ff; font-weight: normal;\"><a style=\"color: #0000ff;\" href=\"http:\/\/www.grimurkokkur.is\/\">Gr\u00edmur kokkur<\/a><\/span><\/li>\n<li style=\"font-size: 14px;\"><span style=\"font-size: medium; color: #0000ff; font-weight: normal;\"><a style=\"color: #0000ff;\" href=\"http:\/\/www.hafkalk.is\/\">Hafkalk<\/a><\/span><\/li>\n<li style=\"font-size: 14px;\"><span style=\"color: #0000ff; font-size: medium; font-weight: normal;\"><a style=\"color: #0000ff;\" href=\"http:\/\/www.kerecis.is\/\">Kerecis ehf.<\/a><\/span><\/li>\n<li style=\"font-size: 14px;\"><a href=\"http:\/\/north.is\/\" style=\"color: #0000ff;\">North Marine Ingredient\u00a0<\/a><\/li>\n<li style=\"font-size: 14px;\"><span style=\"color: #0000ff; font-size: medium; font-weight: normal;\"><a style=\"color: #0000ff;\" href=\"https:\/\/nordurco.com\/\">Nor\u00f0ur salt<\/a><\/span><\/li>\n<li style=\"font-size: 14px;\"><span style=\"color: #0000ff; font-size: medium; font-weight: normal;\"><a style=\"color: #0000ff;\" href=\"http:\/\/www.saltverk.com\/\">Saltverk<\/a><\/span><\/li>\n<li style=\"font-size: 14px;\"><span style=\"color: #0000ff; font-size: medium; font-weight: normal;\"><a style=\"color: #0000ff;\" href=\"http:\/\/atlanticleather.is\/\">Sj\u00e1varle\u00f0ur hf<\/a><\/span><\/li>\n<li style=\"font-size: 14px;\"><span style=\"font-size: medium; color: #0000ff; font-weight: normal;\"><a style=\"color: #0000ff;\" href=\"http:\/\/www.sjavarsmidjan.is\/\">Sj\u00e1varsmi\u00f0jan &#8211; \u00fearab\u00f6\u00f0<\/a><\/span><\/li>\n<li style=\"font-size: 14px;\"><span style=\"font-size: medium; color: #0000ff; font-weight: normal;\"><a style=\"color: #0000ff;\" href=\"http:\/\/www.thorverk.is\/\">\u00de\u00f6rungaverksmi\u00f0jan<\/a><\/span><\/li>\n<\/ul>\n<p>[\/et_pb_tab][et_pb_tab title=&#8221;L\u00edft\u00e6kni&#8221; _builder_version=&#8221;4.7.7&#8243; body_font=&#8221;||||&#8221; body_line_height=&#8221;2em&#8221; tab_font=&#8221;||||&#8221; tab_line_height=&#8221;2em&#8221; background_size=&#8221;initial&#8221; background_position=&#8221;top_left&#8221; background_repeat=&#8221;repeat&#8221; body_line_height_tablet=&#8221;2em&#8221; body_line_height_phone=&#8221;2em&#8221; tab_line_height_tablet=&#8221;2em&#8221; tab_line_height_phone=&#8221;2em&#8221;]<\/p>\n<ul>\n<li><span style=\"color: #0000ff;\"><a style=\"color: #0000ff;\" href=\"http:\/\/www.genis.is\/\">GENIS<\/a><\/span><\/li>\n<li><span style=\"color: #0000ff;\"><a style=\"color: #0000ff;\" href=\"http:\/\/www.primex.is\/\">Primex &#8211; Marine biotechnology<\/a><\/span><\/li>\n<li><span style=\"color: #0000ff;\"><a style=\"color: #0000ff;\" href=\"http:\/\/www.zymetech.com\/\">Zymitech\u00a0<\/a><\/span><\/li>\n<\/ul>\n<p>[\/et_pb_tab][et_pb_tab title=&#8221;T\u00e6kjaframlei\u00f0endur&#8221; _builder_version=&#8221;3.0.47&#8243; body_font=&#8221;||||&#8221; body_line_height=&#8221;2em&#8221; tab_font=&#8221;||||&#8221; tab_line_height=&#8221;2em&#8221; background_size=&#8221;initial&#8221; background_position=&#8221;top_left&#8221; background_repeat=&#8221;repeat&#8221; body_line_height_tablet=&#8221;2em&#8221; body_line_height_phone=&#8221;2em&#8221; tab_line_height_tablet=&#8221;2em&#8221; tab_line_height_phone=&#8221;2em&#8221;]<\/p>\n<ul>\n<li><span style=\"color: #0000ff;\"><a style=\"color: #0000ff;\" href=\"http:\/\/baader.is\/\">Baader<\/a><\/span><\/li>\n<li><span style=\"color: #0000ff;\"><a style=\"color: #0000ff;\" href=\"http:\/\/www.controlant.com\/\">Controlant<\/a><\/span><\/li>\n<li><span style=\"color: #0000ff;\"><a style=\"color: #0000ff;\" href=\"http:\/\/www.curio.is\/\">Curio<\/a><\/span><\/li>\n<li><span style=\"color: #0000ff;\"><a style=\"color: #0000ff;\" href=\"http:\/\/www.d-san.eu\/\">D-SAN System<\/a><\/span><\/li>\n<li><span style=\"color: #0000ff;\"><a style=\"color: #0000ff;\" href=\"http:\/\/eltak.is\/\">ELTAK<\/a><\/span><\/li>\n<li><a href=\"http:\/\/www.gaia-ehf.is\/\" style=\"font-size: 14px; color: #0000ff;\">GAIA<\/a><\/li>\n<li><span style=\"color: #0000ff;\"><a style=\"color: #0000ff;\" href=\"http:\/\/www.ishusid.is\/\">\u00cdsh\u00fasi\u00f0<\/a><\/span><\/li>\n<li><span style=\"color: #0000ff;\"><a style=\"color: #0000ff;\" href=\"http:\/\/klaki.is\/\">Klaki st\u00e1lsmi\u00f0ja<\/a><\/span><\/li>\n<li><span style=\"color: #0000ff;\"><a style=\"color: #0000ff;\" href=\"http:\/\/www.frost.is\/\">K\u00e6lismi\u00f0jan Frost<\/a><\/span><\/li>\n<li><span style=\"color: #0000ff;\"><a style=\"color: #0000ff;\" href=\"http:\/\/www.kaelitaekni.is\/\">K\u00e6lit\u00e6kni<\/a><\/span><\/li>\n<li><span style=\"color: #0000ff;\"><a style=\"color: #0000ff;\" href=\"http:\/\/www.kaeliver.is\/\">K\u00e6liver<\/a><\/span><\/li>\n<li><span style=\"color: #0000ff;\"><a style=\"color: #0000ff;\" href=\"http:\/\/marel.is\/\">Marel<\/a><\/span><\/li>\n<li><span style=\"color: #0000ff;\"><a style=\"color: #0000ff;\" href=\"http:\/\/martak.is\/\">Martak<\/a><\/span><\/li>\n<li><span style=\"color: #0000ff;\"><\/span><a href=\"https:\/\/www.micro.is\/\" style=\"font-size: 14px;\">Micro<\/a><\/li>\n<li><a href=\"http:\/\/www.oceanexcellence.is\/\" style=\"font-size: 14px; color: #0000ff;\">Ocean Excellence<\/a><\/li>\n<li><span style=\"color: #0000ff;\"><a style=\"color: #0000ff;\" href=\"http:\/\/optimar.is\/\">Optimar<\/a><\/span><\/li>\n<li><span style=\"color: #0000ff;\"><a style=\"color: #0000ff;\" href=\"http:\/\/www.thorice.is\/\">Thorice<\/a><\/span><\/li>\n<li><a href=\"http:\/\/www.velfag.com\/\" style=\"font-size: 14px; color: #0000ff;\">V\u00e9lfag<\/a><\/li>\n<li><span style=\"color: #0000ff;\"><a style=\"color: #0000ff;\" href=\"http:\/\/valka.is\/\">Valka<\/a><\/span><\/li>\n<li><span style=\"color: #0000ff;\"><a style=\"color: #0000ff;\" href=\"http:\/\/www.skaginn.is\/\">Skaginn<\/a><\/span><\/li>\n<\/ul>\n<p>[\/et_pb_tab][et_pb_tab title=&#8221;Umb\u00fa\u00f0ir &#8221; _builder_version=&#8221;3.0.47&#8243; body_font=&#8221;||||&#8221; body_line_height=&#8221;2em&#8221; tab_font=&#8221;||||&#8221; tab_line_height=&#8221;2em&#8221; background_size=&#8221;initial&#8221; background_position=&#8221;top_left&#8221; background_repeat=&#8221;repeat&#8221; body_line_height_tablet=&#8221;2em&#8221; body_line_height_phone=&#8221;2em&#8221; tab_line_height_tablet=&#8221;2em&#8221; tab_line_height_phone=&#8221;2em&#8221;]<\/p>\n<ul>\n<li><span style=\"color: #0000ff;\"><a style=\"color: #0000ff;\" href=\"http:\/\/borgarplast.is\/\">Borgarplast<\/a><\/span><\/li>\n<li><span style=\"color: #0000ff;\"><a style=\"color: #0000ff;\" href=\"http:\/\/icepack.is\/\">Icepack<\/a><\/span><\/li>\n<li><span style=\"color: #0000ff;\"><\/span><a href=\"https:\/\/itub-rental.com\/\" style=\"font-size: 14px;\"><span style=\"color: #0000ff;\">Itube<\/span><\/a><\/li>\n<li><span style=\"color: #0000ff;\"><a style=\"color: #0000ff;\" href=\"http:\/\/www.oddi.is\/\">Oddi prentun og umb\u00fa\u00f0ir<\/a><\/span><\/li>\n<li><span style=\"color: #0000ff;\"><a style=\"color: #0000ff;\" href=\"https:\/\/pmt.is\/\">Pmt &#8211; Plast, mi\u00f0ar og t\u00e6ki<\/a><\/span><\/li>\n<li><span style=\"color: #0000ff;\"><a style=\"color: #0000ff;\" href=\"http:\/\/www.tempra.is\/\">Tempra<\/a><\/span><\/li>\n<li><span style=\"color: #0000ff;\"><a style=\"color: #0000ff;\" href=\"https:\/\/www.saltkaup.is\/\">Saltkaup<\/a><\/span><\/li>\n<li><span style=\"color: #0000ff;\"><a style=\"color: #0000ff;\" href=\"http:\/\/www.samhentir.is\/\">Samhentir<\/a><\/span><\/li>\n<li><span style=\"color: #0000ff;\"><a style=\"color: #0000ff;\" href=\"http:\/\/europe.saeplast.com\/is\">S\u00e6plast<\/a><\/span><\/li>\n<\/ul>\n<p>[\/et_pb_tab][et_pb_tab title=&#8221;Anna\u00f0&#8221; _builder_version=&#8221;4.7.7&#8243; body_font=&#8221;||||&#8221; body_line_height=&#8221;2em&#8221; tab_font=&#8221;||||&#8221; tab_line_height=&#8221;2em&#8221; background_size=&#8221;initial&#8221; background_position=&#8221;top_left&#8221; background_repeat=&#8221;repeat&#8221; body_line_height_tablet=&#8221;2em&#8221; body_line_height_phone=&#8221;2em&#8221; tab_line_height_tablet=&#8221;2em&#8221; tab_line_height_phone=&#8221;2em&#8221;]<\/p>\n<ul>\n<li class=\"et-fb-mce-line-break-holder\"><span style=\"color: #0000ff;\"><a style=\"color: #0000ff;\" href=\"http:\/\/www.is.issworld.com\/\">ISS<\/a><\/span><\/li>\n<li class=\"et-fb-mce-line-break-holder\"><span style=\"color: #0000ff;\"><a style=\"color: #0000ff;\" href=\"http:\/\/www.katla.is\/\">Katla<\/a><\/span><\/li>\n<li class=\"et-fb-mce-line-break-holder\"><span style=\"color: #0000ff;\"><a style=\"color: #0000ff;\" href=\"http:\/\/www.marvis.is\/\">Marv\u00eds<\/a><\/span><\/li>\n<li class=\"et-fb-mce-line-break-holder\"><span style=\"color: #0000ff;\"><a style=\"color: #0000ff;\" href=\"http:\/\/optimal.is\/\">Optimal<\/a><\/span><\/li>\n<li class=\"et-fb-mce-line-break-holder\"><a href=\"https:\/\/www.isgen.is\/\"><span style=\"color: #0000ff;\">ISGEN matv\u00e6lar\u00e1\u00f0gj\u00f6f<\/span><\/a><\/li>\n<\/ul>\n<p>[\/et_pb_tab][\/et_pb_tabs][\/et_pb_column][\/et_pb_row][\/et_pb_section]<\/p>\n","protected":false},"excerpt":{"rendered":"<p>Sj\u00e1var\u00fatvegstenglar Vinnsla Akraborg ehf. Arctic star B\u00falandstindur Fiskvinnslan Kambur Haustak hf. fisk\u00feurrkun Har\u00f0fiskverkun Finnboga ICAN ICE Group Langa Margildi Norlandia Opal sj\u00e1varfang Ora hf. Reykofninn Grundarfir\u00f0i Royal Iceland Skinnfiskur Svala\u00fe\u00fafa Vestfiskur ehf. \u00c6gir Seafood Grindavik Sj\u00e1 einnig sj\u00e1var\u00fatvegsfyrirt\u00e6ki Ankra L\u00fdsi hf. Codland Dropi Fj\u00f6ruperlur Gr\u00edmur kokkur Hafkalk Kerecis ehf. North Marine Ingredient\u00a0 Nor\u00f0ur salt Saltverk [&hellip;]<\/p>\n","protected":false},"author":2,"featured_media":0,"parent":323,"menu_order":0,"comment_status":"closed","ping_status":"closed","template":"","meta":{"_et_pb_use_builder":"on","_et_pb_old_content":"","_et_gb_content_width":"","footnotes":""},"class_list":["post-1624","page","type-page","status-publish","hentry"],"_links":{"self":[{"href":"https:\/\/sjavarutvegur.is\/index.php?rest_route=\/wp\/v2\/pages\/1624","targetHints":{"allow":["GET"]}}],"collection":[{"href":"https:\/\/sjavarutvegur.is\/index.php?rest_route=\/wp\/v2\/pages"}],"about":[{"href":"https:\/\/sjavarutvegur.is\/index.php?rest_route=\/wp\/v2\/types\/page"}],"author":[{"embeddable":true,"href":"https:\/\/sjavarutvegur.is\/index.php?rest_route=\/wp\/v2\/users\/2"}],"replies":[{"embeddable":true,"href":"https:\/\/sjavarutvegur.is\/index.php?rest_route=%2Fwp%2Fv2%2Fcomments&post=1624"}],"version-history":[{"count":20,"href":"https:\/\/sjavarutvegur.is\/index.php?rest_route=\/wp\/v2\/pages\/1624\/revisions"}],"predecessor-version":[{"id":2507,"href":"https:\/\/sjavarutvegur.is\/index.php?rest_route=\/wp\/v2\/pages\/1624\/revisions\/2507"}],"up":[{"embeddable":true,"href":"https:\/\/sjavarutvegur.is\/index.php?rest_route=\/wp\/v2\/pages\/323"}],"wp:attachment":[{"href":"https:\/\/sjavarutvegur.is\/index.php?rest_route=%2Fwp%2Fv2%2Fmedia&parent=1624"}],"curies":[{"name":"wp","href":"https:\/\/api.w.org\/{rel}","templated":true}]}}