{"id":1613,"date":"2017-01-15T16:57:28","date_gmt":"2017-01-15T16:57:28","guid":{"rendered":"https:\/\/sjavarutvegur.is\/?page_id=1613"},"modified":"2021-04-05T10:11:58","modified_gmt":"2021-04-05T10:11:58","slug":"veidar","status":"publish","type":"page","link":"https:\/\/sjavarutvegur.is\/?page_id=1613","title":{"rendered":"Vei\u00f0ar"},"content":{"rendered":"<p>[et_pb_section fb_built=&#8221;1&#8243; custom_padding_last_edited=&#8221;on|desktop&#8221; admin_label=&#8221;Section&#8221; _builder_version=&#8221;3.22&#8243; background_color=&#8221;rgba(4,0,255,0.02)&#8221; custom_padding=&#8221;17px|0px|0px|0px&#8221; custom_padding_tablet=&#8221;50px|0|50px|0&#8243; custom_padding_phone=&#8221;17px|0px|0px|0px&#8221; transparent_background=&#8221;off&#8221; padding_mobile=&#8221;off&#8221;][et_pb_row padding_mobile=&#8221;off&#8221; column_padding_mobile=&#8221;on&#8221; admin_label=&#8221;Row&#8221; _builder_version=&#8221;3.25&#8243; background_size=&#8221;initial&#8221; background_position=&#8221;top_left&#8221; background_repeat=&#8221;repeat&#8221; custom_padding=&#8221;14px|0px|0px|0px&#8221;][et_pb_column type=&#8221;4_4&#8243; _builder_version=&#8221;3.25&#8243; custom_padding=&#8221;|||&#8221; custom_padding__hover=&#8221;|||&#8221;][et_pb_text admin_label=&#8221;Text&#8221; _builder_version=&#8221;3.27.4&#8243; background_size=&#8221;initial&#8221; background_position=&#8221;top_left&#8221; background_repeat=&#8221;repeat&#8221; use_border_color=&#8221;off&#8221; border_style=&#8221;solid&#8221;]<\/p>\n<h3><span style=\"color: #0000ff;\"><strong>Sj\u00e1var\u00fatvegstenglar &#8211; Vei\u00f0ar<\/strong><\/span><\/h3>\n<hr \/>\n<p>[\/et_pb_text][et_pb_text admin_label=&#8221;Text&#8221; _builder_version=&#8221;3.27.4&#8243; background_size=&#8221;initial&#8221; background_position=&#8221;top_left&#8221; background_repeat=&#8221;repeat&#8221; custom_margin=&#8221;||-20px|&#8221; use_border_color=&#8221;off&#8221; border_style=&#8221;solid&#8221;]<\/p>\n<h4><strong>Fiskvei\u00f0ar<\/strong><\/h4>\n<p><strong><\/strong><\/p>\n<p><strong><\/strong><\/p>\n<p>[\/et_pb_text][et_pb_tabs admin_label=&#8221;Tabs&#8221; _builder_version=&#8221;3.0.87&#8243; background_size=&#8221;initial&#8221; background_position=&#8221;top_left&#8221; background_repeat=&#8221;repeat&#8221; use_border_color=&#8221;off&#8221; border_color=&#8221;#ffffff&#8221; border_style=&#8221;solid&#8221;][et_pb_tab title=&#8221;Sj\u00e1var\u00fatvegsfyrirt\u00e6ki&#8221; _builder_version=&#8221;3.0.47&#8243; body_font=&#8221;||||&#8221; body_line_height=&#8221;2em&#8221; tab_font=&#8221;||||&#8221; tab_line_height=&#8221;2em&#8221; background_size=&#8221;initial&#8221; background_position=&#8221;top_left&#8221; background_repeat=&#8221;repeat&#8221; body_line_height_tablet=&#8221;2em&#8221; body_line_height_phone=&#8221;2em&#8221; tab_line_height_tablet=&#8221;2em&#8221; tab_line_height_phone=&#8221;2em&#8221;]<\/p>\n<ul>\n<li><span style=\"color: #3366ff;\"><a style=\"color: #3366ff;\" href=\"http:\/\/www.agustson.com\/\"><span style=\"font-size: small;\">Augustson ehf.<\/span><\/a><\/span><\/li>\n<li><a style=\"color: #3366ff;\" href=\"http:\/\/www.brimhf.is\/\"><span style=\"font-size: small;\">Brim hf.<\/span><\/a><\/li>\n<li><span style=\"color: #3366ff;\"><a style=\"color: #3366ff;\" href=\"http:\/\/www.brimberg.is\/\"><span style=\"font-size: small;\">Brimberg hf.<\/span><\/a><\/span><\/li>\n<li><span style=\"color: #3366ff;\"><a style=\"color: #3366ff;\" href=\"http:\/\/www.djk.is\/\"><span style=\"font-size: small;\">Dj\u00fapiklettur<\/span><\/a><\/span><\/li>\n<li><span style=\"color: #3366ff;\"><a style=\"color: #3366ff;\" href=\"http:\/\/www.dogun.is\/\"><span style=\"font-size: small;\">D\u00f6gun hf.<\/span><\/a><\/span><\/li>\n<li><span style=\"color: #3366ff;\"><a style=\"color: #3366ff;\" href=\"http:\/\/www.ektafiskur.is\/\"><span style=\"font-size: small;\">Ektafiskur<\/span><\/a><\/span><\/li>\n<li><span style=\"color: #3366ff; font-size: small;\"><a style=\"color: #3366ff;\" href=\"http:\/\/www.eskja.is\/\" target=\"_blank\" rel=\"noopener\">Eskja hf.<\/a><\/span><\/li>\n<li><span style=\"color: #3366ff;\"><a style=\"color: #3366ff;\" href=\"http:\/\/www.fisk.is\/\"><span style=\"font-size: small;\">Fish Seafood hf.<\/span><\/a><\/span><\/li>\n<li><span style=\"color: #3366ff;\"><a style=\"color: #3366ff;\" href=\"http:\/\/www.fishproducts.is\/\"><span style=\"font-size: small;\">Fiskafur\u00f0ir \u00datger\u00f0 hf.<\/span><\/a><\/span><\/li>\n<li><span style=\"color: #3366ff;\"><a style=\"color: #3366ff;\" href=\"http:\/\/www.fiskkaup.is\/\"><span style=\"font-size: small;\">Fiskkaup<\/span><\/a><\/span><\/li>\n<li><span style=\"color: #3366ff;\"><a style=\"color: #3366ff;\" href=\"http:\/\/www.drangur.is\/\"><span style=\"font-size: small;\">Fiskvinnslan Drangur\u00a0<\/span><\/a><\/span><\/li>\n<li><span style=\"font-family: Arial; font-size: small; color: #3366ff;\"><a style=\"color: #3366ff;\" href=\"http:\/\/www.bylgja.is\/\">Fiski\u00f0jan Bylgjan hf.<\/a><\/span><\/li>\n<li><span style=\"color: #3366ff;\"><a style=\"color: #3366ff;\" href=\"http:\/\/www.gjogur.is\/\"><span style=\"font-size: small;\">Gj\u00f6gur hf.<\/span><\/a><\/span><\/li>\n<li><span style=\"color: #3366ff;\"><a style=\"color: #3366ff;\" href=\"http:\/\/www.godthaab.is\/\"><span style=\"font-size: small;\">Godthaab \u00ed N\u00f6f ehf.<\/span><\/a><\/span><\/li>\n<li><a href=\"http:\/\/gpg.is\/\"><span style=\"color: #3366ff;\"><span style=\"font-size: small;\">GPG Fiskverkun<\/span><\/span><\/a><\/li>\n<li><span style=\"color: #3366ff;\"><a style=\"color: #3366ff;\" href=\"http:\/\/www.hbgrandi.is\/\"><span style=\"font-size: small;\">HB Grandi hf.<\/span><\/a><\/span><\/li>\n<li><span style=\"color: #3366ff; font-size: small;\"><a style=\"color: #3366ff;\" href=\"http:\/\/www.hamrafell.is\/\">Hamrafell ehf.<\/a><\/span><\/li>\n<li><span style=\"color: #3366ff;\"><a style=\"color: #3366ff;\" href=\"http:\/\/grun.is\/\"><span style=\"font-size: small;\">Gu\u00f0mundur Run\u00f3lfsson<\/span><\/a><\/span><\/li>\n<li><span style=\"color: #3366ff;\"><a style=\"color: #3366ff;\" href=\"http:\/\/www.holm.is\/\"><span style=\"font-size: small;\">H\u00f3lmadrangur ehf.<\/span><\/a><\/span><\/li>\n<li><a style=\"color: #3366ff;\" href=\"http:\/\/www.frosti.is\/\"><span style=\"font-size: small;\">Hra\u00f0frystih\u00fasi\u00f0-Gunnv\u00f6r hf.<\/span><\/a><\/li>\n<li><span style=\"color: #3366ff;\"><a style=\"color: #3366ff;\" href=\"http:\/\/www.icp.is\/\"><span style=\"font-size: small;\">Icelandic Chinese Products<\/span><\/a><\/span><\/li>\n<li><span style=\"color: #3366ff;\"><a style=\"color: #3366ff;\" href=\"http:\/\/www.isfelag.is\/\"><span style=\"font-size: small;\">\u00cdsf\u00e9lag Vestmanneyja hf.<\/span><\/a><\/span><\/li>\n<li><span style=\"color: #3366ff;\"><a style=\"color: #3366ff;\" href=\"http:\/\/www.sjavarfang.is\/\"><span style=\"font-size: small;\">\u00cdslenskt sj\u00e1varfang ehf.<\/span><\/a><\/span><\/li>\n<li><span style=\"color: #3366ff;\"><a style=\"color: #3366ff;\" href=\"http:\/\/www.icelandicsaga.is\/\"><span style=\"font-size: small;\">\u00cdslandssaga<\/span><\/a><\/span><\/li>\n<li><span style=\"color: #3366ff;\"><a style=\"color: #3366ff;\" href=\"http:\/\/www.lvf.is\/\" target=\"_blank\" rel=\"noopener\"><span style=\"font-size: small;\">Lo\u00f0nuvinnslan hf.<\/span><\/a><\/span><\/li>\n<li><a href=\"http:\/\/langanes.is\/\"><span style=\"color: #3366ff;\"><span style=\"font-size: small;\">Langanes<\/span><\/span><\/a><\/li>\n<li><a style=\"color: #3366ff;\" href=\"http:\/\/www.kampi.is\/\"><span style=\"font-size: small;\">Kampi ehf. r\u00e6kjuvinnsla<\/span><\/a><\/li>\n<li><a style=\"color: #3366ff;\" href=\"http:\/\/www.nesfiskur.is\/\"><span style=\"font-size: small;\">Nesfiskur<\/span><\/a><\/li>\n<li><span style=\"color: #0000ff;\"><a href=\"http:\/\/www.fis.com\/neptunus\/\">Neptunus Ltd.<\/a><\/span><\/li>\n<li><a style=\"color: #3366ff;\" href=\"http:\/\/www.norlandia.is\/\"><span style=\"font-size: small;\">Norlandia<\/span><\/a><\/li>\n<li><span style=\"color: #3366ff;\"><a style=\"color: #3366ff;\" href=\"http:\/\/www.oddihf.is\/\"><span style=\"font-size: small;\">Oddi hf.<\/span><\/a><\/span><\/li>\n<li><a style=\"color: #3366ff;\" href=\"http:\/\/www.rammi.is\/\"><span style=\"font-size: small;\">Rammi hf.<\/span><\/a><\/li>\n<li><a style=\"color: #3366ff;\" href=\"http:\/\/www.samherji.is\/\"><span style=\"font-size: small;\">Samherji hf.<\/span><\/a><\/li>\n<li><span style=\"color: #3366ff;\"><a style=\"color: #3366ff;\" href=\"http:\/\/www.svn.is\/\"><span style=\"font-size: small;\">S\u00edldarvinnslan hf.<\/span><\/a><\/span><\/li>\n<li><a style=\"color: #3366ff;\" href=\"http:\/\/www.sth.is\/\"><span style=\"font-size: small;\">Skinney-\u00deinganes hf.<\/span><\/a><\/li>\n<li><a style=\"color: #3366ff;\" href=\"http:\/\/www.stakkavik.is\/\"><span style=\"font-size: small;\">Stakkv\u00edk ehf.<\/span><\/a><\/li>\n<li><a style=\"color: #3366ff;\" href=\"http:\/\/www.toppfiskur.is\/\"><span style=\"font-size: small;\">Toppfiskur hf.<\/span><\/a><\/li>\n<li><a href=\"http:\/\/www.vsv.is\/\" style=\"font-size: small; color: #3366ff;\">Vinnslust\u00f6\u00f0in hf.<\/a><\/li>\n<li><span style=\"color: #3366ff; font-size: small;\"><a style=\"color: #3366ff;\" href=\"http:\/\/www.visirhf.is\/\">V\u00edsir hf.<\/a><\/span><\/li>\n<li><a href=\"https:\/\/www.urseafood.is\/\" style=\"font-size: small;\"><span style=\"color: #3366ff;\">\u00datger\u00f0arf\u00e9lag Reykjav\u00edkur<\/span><\/a><\/li>\n<li><span style=\"color: #3366ff;\"><span style=\"font-size: small;\"><a style=\"color: #3366ff;\" href=\"http:\/\/www.thorfish.is\/\" target=\"_blank\" rel=\"noopener\">\u00deorbj\u00f6rn hf.<\/a><\/span><\/span><\/li>\n<\/ul>\n<p>[\/et_pb_tab][et_pb_tab title=&#8221;Skip&#8221; _builder_version=&#8221;3.0.47&#8243; body_font=&#8221;||||&#8221; body_line_height=&#8221;2em&#8221; tab_font=&#8221;||||&#8221; tab_line_height=&#8221;2em&#8221; background_size=&#8221;initial&#8221; background_position=&#8221;top_left&#8221; background_repeat=&#8221;repeat&#8221; body_line_height_tablet=&#8221;2em&#8221; body_line_height_phone=&#8221;2em&#8221; tab_line_height_tablet=&#8221;2em&#8221; tab_line_height_phone=&#8221;2em&#8221;]<\/p>\n<ul>\n<li><span style=\"color: #000080;\"><a style=\"color: #000080;\" href=\"http:\/\/adalsteinnjonsson.blog.is\/blog\/adalsteinnjonsson\/\">A\u00f0alsteinn J\u00f3nsson SU 11<\/a><\/span><\/li>\n<li><span style=\"color: #000080;\"><a style=\"color: #000080;\" href=\"http:\/\/birtingur.blog.is\/blog\/birtingur\/\">Birtingur NK 119<\/a><\/span><\/li>\n<li><span style=\"color: #000080;\"><a style=\"color: #000080;\" href=\"http:\/\/www.hakonea.blog.is\/\">H\u00e1kon EA-148<\/a><\/span><\/li>\n<li><span style=\"color: #000080;\"><a style=\"color: #000080;\" href=\"http:\/\/jonkjartansson.blog.is\/\">J\u00f3n Kjartanssonar SU 111<\/a><\/span><\/li>\n<li><span style=\"color: #000080;\"><a style=\"color: #000080;\" href=\"http:\/\/thorsteinnth.blog.is\/blog\/thorsteinnth\/\">\u00deorsteinn \u00deH 360<\/a><\/span><\/li>\n<\/ul>\n<p>[\/et_pb_tab][et_pb_tab title=&#8221;Hafnir&#8221; _builder_version=&#8221;3.0.47&#8243; body_font=&#8221;||||&#8221; body_line_height=&#8221;2em&#8221; tab_font=&#8221;||||&#8221; tab_line_height=&#8221;2em&#8221; background_size=&#8221;initial&#8221; background_position=&#8221;top_left&#8221; background_repeat=&#8221;repeat&#8221; body_line_height_tablet=&#8221;2em&#8221; body_line_height_phone=&#8221;2em&#8221; tab_line_height_tablet=&#8221;2em&#8221; tab_line_height_phone=&#8221;2em&#8221;]<\/p>\n<ul>\n<li><a href=\"https:\/\/www.gara.is\/\"><span style=\"color: #0000ff;\">G\u00e1ra Port Agency<\/span><\/a><\/li>\n<li><span style=\"color: #0000ff;\"><a style=\"color: #0000ff;\" href=\"http:\/\/www.port.is\/\">Akureyrarh\u00f6fn<\/a><\/span><\/li>\n<li><span style=\"color: #0000ff;\"><a style=\"color: #0000ff;\" href=\"http:\/\/www.faxafloahafnir.is\/\">Faxafl\u00f3ahafnir<\/a><\/span><\/li>\n<li><span style=\"color: #0000ff;\"><a style=\"color: #0000ff;\" href=\"http:\/\/www.hafnarfjardarhofn.is\/\">Hafnarfjar\u00f0arh\u00f6fn<\/a><\/span><\/li>\n<li><span style=\"color: #0000ff;\"><a style=\"color: #0000ff;\" href=\"http:\/\/www.reykjaneshofn.is\/\/\">Reykjaneshafnir<\/a><\/span><\/li>\n<li><a href=\"https:\/\/icetugs.is\/\"><span style=\"color: #0000ff;\">Icetugs<\/span><\/a><\/li>\n<li><span style=\"color: #0000ff;\"><\/span><\/li>\n<\/ul>\n<p>[\/et_pb_tab][et_pb_tab title=&#8221;Ferskfiskmarka\u00f0ir&#8221; _builder_version=&#8221;3.0.47&#8243; body_font=&#8221;||||&#8221; body_line_height=&#8221;2em&#8221; tab_font=&#8221;||||&#8221; tab_line_height=&#8221;2em&#8221; background_size=&#8221;initial&#8221; background_position=&#8221;top_left&#8221; background_repeat=&#8221;repeat&#8221; body_line_height_tablet=&#8221;2em&#8221; body_line_height_phone=&#8221;2em&#8221; tab_line_height_tablet=&#8221;2em&#8221; tab_line_height_phone=&#8221;2em&#8221;]<\/p>\n<ul>\n<li><a href=\"https:\/\/www.fmis.is\/\" style=\"font-size: 14px; color: #0000ff;\">Fiskmarka\u00f0ur \u00cdslands<\/a><\/li>\n<li><span style=\"color: #0000ff;\"><a style=\"color: #0000ff;\" href=\"http:\/\/fmaust.is\/\">Fiskmarka\u00f0ur Austurlands<\/a><\/span><\/li>\n<li><span style=\"color: #0000ff;\"><a style=\"color: #0000ff;\" href=\"http:\/\/www.nordfisk.is\/\">Fiskmarka\u00f0ur Nor\u00f0urlands<\/a><\/span><\/li>\n<li><span style=\"color: #0000ff;\"><a style=\"color: #0000ff;\" href=\"https:\/\/www.facebook.com\/fiskmarkadurSiglufjardar\/\">Fiskmarka\u00f0ur Siglufjar\u00f0ar<\/a><\/span><\/li>\n<li><span style=\"color: #0000ff;\"><a style=\"color: #0000ff;\" href=\"http:\/\/fms.is\/\">Fiskmarka\u00f0ur Su\u00f0urnesja<\/a><\/span><\/li>\n<li><span style=\"color: #0000ff;\"><a style=\"color: #0000ff;\" href=\"http:\/\/www.fmvest.is\/\">Fiskmarka\u00f0ur Vestfjar\u00f0a<\/a><\/span><\/li>\n<li><span style=\"color: #0000ff;\"><a style=\"color: #0000ff;\" href=\"https:\/\/rsf.is\/\">Reiknistofa fiskmarka\u00f0ana<\/a><\/span><\/li>\n<\/ul>\n<p>[\/et_pb_tab][et_pb_tab title=&#8221;Skipasm\u00ed\u00f0i&#8221; _builder_version=&#8221;3.0.47&#8243; body_font=&#8221;||||&#8221; body_line_height=&#8221;2em&#8221; tab_font=&#8221;||||&#8221; tab_line_height=&#8221;2em&#8221; background_size=&#8221;initial&#8221; background_position=&#8221;top_left&#8221; background_repeat=&#8221;repeat&#8221; body_line_height_tablet=&#8221;2em&#8221; body_line_height_phone=&#8221;2em&#8221; tab_line_height_tablet=&#8221;2em&#8221; tab_line_height_phone=&#8221;2em&#8221;]<\/p>\n<ul>\n<li><span style=\"color: #2f33fc;\"><a href=\"http:\/\/fis.com\/somi\" style=\"color: #2f33fc;\">B\u00e1tasmi\u00f0jan<\/a><\/span><\/li>\n<li><span style=\"color: #2f33fc;\"><\/span><a href=\"http:\/\/batasmidi.is\" style=\"font-size: 14px;\"><span style=\"color: #2f33fc;\">B\u00e1tasm\u00ed\u00f0i<\/span><\/a><\/li>\n<li><span style=\"color: #2f33fc;\"><a href=\"http:\/\/www.somiboats.is\/\" target=\"_blank\" rel=\"noopener\" style=\"color: #2f33fc;\">B\u00e1tasmi\u00f0ju Gu\u00f0mundar<\/a><\/span><\/li>\n<li><a href=\"http:\/\/www.knarrmaritime.com\/\"><span style=\"color: #2f33fc;\">Knarr<\/span><\/a><\/li>\n<li><span style=\"color: #0000ff;\"><a style=\"color: #0000ff;\" href=\"http:\/\/www.cleopatra.is\/\">Cleopatra b\u00e1tar &#8211; Trefjar<\/a><\/span><\/li>\n<li><span style=\"color: #0000ff;\"><a style=\"color: #0000ff;\" href=\"http:\/\/framtak.is\/\">St\u00e1lsmi\u00f0jan -Framtak<\/a><\/span><\/li>\n<li>\n<p class=\"13px\"><span style=\"font-family: Arial; color: #0000ff;\"><a href=\"https:\/\/www.rafnar.com\/\">Rafna<\/a>r<\/span><\/p>\n<\/li>\n<li>\n<p class=\"13px\"><span style=\"font-family: Arial; color: #0000ff;\"><a style=\"color: #0000ff; font-family: arial, sans-serif;\" href=\"http:\/\/www.boats.is\/\">R\u00e1n b\u00e1tasmi\u00f0ja<\/a><\/span><\/p>\n<\/li>\n<li><a href=\"http:\/\/www.skipataekni.is\/\" style=\"font-size: 14px; color: #0000ff;\">Skipat\u00e6kni<\/a><\/li>\n<li><span style=\"color: #0000ff;\"><a style=\"color: #0000ff;\" href=\"http:\/\/www.skipasyn.is\/\">Skipas\u00fdn<\/a><\/span><\/li>\n<li><span style=\"color: #0000ff;\"><a style=\"color: #0000ff;\" href=\"http:\/\/www.skn.is\/\">Skipasm\u00ed\u00f0ast\u00f6\u00f0 Njar\u00f0v\u00edkur<\/a><\/span><\/li>\n<li><span style=\"color: #0000ff;\"><a style=\"color: #0000ff;\" href=\"http:\/\/www.slipp.is\/\">Slippurinn \u00e1 Akureyri<\/a><\/span><\/li>\n<li><a href=\"http:\/\/www.nav.is\/\" style=\"font-size: 14px; color: #0000ff;\">NAVIS<\/a><\/li>\n<li><span style=\"color: #0000ff;\"><a style=\"color: #0000ff;\" href=\"http:\/\/www.skipasyn.is\/\">Verkfr\u00e6\u00f0istofan Skipas\u00fdn<\/a><\/span><\/li>\n<li><span style=\"color: #0000ff;\"><a style=\"color: #0000ff;\" href=\"http:\/\/www.vikingbatar.is\">V\u00edkingb\u00e1tar<\/a><\/span><\/li>\n<li><span style=\"color: #0000ff;\"><a style=\"color: #0000ff;\" href=\"http:\/\/aba.is\/\">Uppl\u00fdsingar um b\u00e1ta og b\u00e1tasmi\u00f0i<\/a><\/span><\/li>\n<li><span style=\"color: #0000ff;\"><a style=\"color: #0000ff;\" href=\"http:\/\/www.slippur.is\">\u00deorgeir &amp; Ellert<\/a><\/span><\/li>\n<\/ul>\n<p><span style=\"color: #0000ff;\"><\/span><\/p>\n<p>[\/et_pb_tab][et_pb_tab title=&#8221;Vei\u00f0af\u00e6ri&#8221; _builder_version=&#8221;3.0.47&#8243; body_font=&#8221;||||&#8221; body_line_height=&#8221;2em&#8221; tab_font=&#8221;||||&#8221; tab_line_height=&#8221;2em&#8221; background_size=&#8221;initial&#8221; background_position=&#8221;top_left&#8221; background_repeat=&#8221;repeat&#8221; body_line_height_tablet=&#8221;2em&#8221; body_line_height_phone=&#8221;2em&#8221; tab_line_height_tablet=&#8221;2em&#8221; tab_line_height_phone=&#8221;2em&#8221;]<\/p>\n<ul>\n<li><span style=\"color: #0000ff;\"><a style=\"color: #0000ff;\" href=\"http:\/\/www.ascoharvester.is\/\"><span style=\"font-size: small;\">Ascoharvester<\/span><\/a><\/span><\/li>\n<li><span style=\"color: #0000ff;\"><a style=\"color: #0000ff;\" href=\"http:\/\/beitir.is\/\"><span style=\"font-size: small;\">Beitir<\/span><\/a><\/span><\/li>\n<li><span style=\"color: #0000ff; font-size: small;\"><a style=\"color: #0000ff;\" href=\"http:\/\/www.egersund.is\/\">Egersund Island<\/a><\/span><\/li>\n<li><a href=\"http:\/\/www.hampidjan.is\/\" style=\"font-size: 14px; color: #0000ff;\"><span style=\"font-size: small;\">Hampi\u00f0jan<\/span><\/a><\/li>\n<li><span style=\"font-size: small; color: #0000ff;\"><a style=\"color: #0000ff;\" href=\"http:\/\/www.isfell.is\/\" target=\"_blank\" rel=\"noopener\">\u00cdsfell<\/a><\/span><\/li>\n<li><span style=\"color: #0000ff;\"><a style=\"color: #0000ff;\" href=\"http:\/\/www.polardoors.com\/\"><span style=\"font-size: small;\">Polar Fishing Gear<\/span><\/a><\/span><\/li>\n<li><span style=\"color: #0000ff;\"><a style=\"color: #0000ff;\" href=\"http:\/\/www.sjo.is\/\"><span style=\"font-size: small;\">Sj\u00f3v\u00e9lar<\/span><\/a><\/span><\/li>\n<li><span style=\"color: #0000ff;\"><a style=\"color: #0000ff;\" href=\"http:\/\/veidarfaeri.is\/fyrirtaekid\" target=\"_blank\" rel=\"noopener\"><span style=\"font-size: small;\">Vei\u00f0arf\u00e6ra\u00fej\u00f3nustan<\/span><\/a><\/span><\/li>\n<\/ul>\n<p>[\/et_pb_tab][et_pb_tab title=&#8221;Anna\u00f0&#8221; _builder_version=&#8221;3.0.47&#8243; body_font=&#8221;||||&#8221; body_line_height=&#8221;2em&#8221; tab_font=&#8221;||||&#8221; tab_line_height=&#8221;2em&#8221; background_size=&#8221;initial&#8221; background_position=&#8221;top_left&#8221; background_repeat=&#8221;repeat&#8221; body_line_height_tablet=&#8221;2em&#8221; body_line_height_phone=&#8221;2em&#8221; tab_line_height_tablet=&#8221;2em&#8221; tab_line_height_phone=&#8221;2em&#8221;]<\/p>\n<ul>\n<li><span style=\"color: #0019ff;\"><a style=\"color: #0019ff;\" href=\"http:\/\/www.aflmark.is\/\">Aflamark<\/a><\/span><\/li>\n<li><span style=\"color: #0019ff;\"><a href=\"http:\/\/aflamidlun.is\/\" style=\"color: #0019ff;\">Aflami\u00f0lun<\/a><\/span><\/li>\n<li><span style=\"color: #0019ff;\"><a href=\"https:\/\/akor.is\/\" style=\"color: #0019ff;\">Akor<\/a><\/span><\/li>\n<li><span style=\"color: #0019ff;\"><a href=\"http:\/\/www.batarb.is\/\" style=\"color: #0019ff;\">B\u00e1tar og b\u00fana\u00f0ur &#8211; Skipasala<\/a><\/span><\/li>\n<li><span style=\"color: #0019ff;\"><a style=\"color: #0019ff;\" href=\"http:\/\/www.bpship.is\/\">BP Shipping Agency Island<\/a><\/span><\/li>\n<li><a href=\"www.brimvor.is\"><span style=\"color: #0019ff;\">Brimv\u00f6r<\/span><\/a><\/li>\n<li><span style=\"color: #0019ff;\"><a style=\"color: #0019ff;\" href=\"https:\/\/www.dnvgl.com\/\">DNV GL<\/a><\/span><\/li>\n<li><span style=\"color: #0019ff;\"><a style=\"color: #0019ff;\" href=\"http:\/\/djk.is\/\">Dj\u00fapiklettur<\/a><\/span><\/li>\n<li><span style=\"color: #0019ff;\"><a href=\"https:\/\/diving.is\/\" style=\"color: #0019ff;\">Diving<\/a><\/span><\/li>\n<li><span style=\"color: #0019ff;\"><a href=\"https:\/\/www.djupkalk.is\/\" style=\"color: #0019ff;\">Dj\u00fapkalk<\/a><\/span><\/li>\n<li><span style=\"color: #0019ff;\"><a style=\"color: #0019ff;\" href=\"http:\/\/ecomar.is\/\">ECOMAR<\/a><\/span><\/li>\n<li><span style=\"color: #0019ff;\"><a style=\"color: #0019ff;\" href=\"http:\/\/www.fishtech.is\/\">Fisheries Technologies<\/a><\/span><\/li>\n<li><span style=\"color: #0019ff;\"><a style=\"color: #0019ff;\" href=\"http:\/\/faj.is\/\">Fri\u00f0rik A. J\u00f3nsson<\/a><\/span><\/li>\n<li><span style=\"color: #0019ff;\"><a style=\"color: #0019ff;\" href=\"https:\/\/www.hefringmarine.com\/\">Hefringmarine<\/a><\/span><\/li>\n<li><span style=\"color: #0019ff; font-size: 14px;\"><a href=\"http:\/\/iskalk.is\/\" style=\"color: #0019ff;\">\u00cdskalk<\/a><\/span><\/li>\n<li><span style=\"font-size: 14px;\"><a href=\"https:\/\/www.hafsyn.is\/\"><span style=\"color: #0019ff;\">Hafs\u00fdn aflaskr\u00e1ning<\/span><\/a><\/span><\/li>\n<li><span style=\"color: #0019ff; font-size: 14px;\"><a href=\"http:\/\/www.ship.is\/\" style=\"color: #0019ff;\">Hvammur skipami\u00f0lun<\/a><\/span><\/li>\n<li><span style=\"color: #0019ff;\"><a style=\"color: #0019ff;\" href=\"http:\/\/kletturskip.is\/\">Klettur skipaafgrei\u00f0sla<\/a><\/span><\/li>\n<li><span style=\"color: #0019ff;\"><a style=\"color: #0019ff;\" href=\"http:\/\/www.kvotamarkadur.is\/\">Kv\u00f3tamarka\u00f0urinn<\/a><\/span><\/li>\n<li><span style=\"color: #0019ff;\"><a style=\"color: #0019ff;\" href=\"http:\/\/maras.is\/\">Mar\u00e1s<\/a><\/span><\/li>\n<li><a href=\"https:\/\/www.mareind.is\/\"><span style=\"color: #0019ff;\">Mareind<\/span><\/a><\/li>\n<li><span style=\"color: #0019ff;\"><a style=\"color: #0019ff;\" href=\"http:\/\/multitask.is\">Multitask<\/a><\/span><\/li>\n<li><span style=\"color: #0019ff;\"><a style=\"color: #0019ff;\" href=\"http:\/\/naust.is\/\">Naust marine<\/a><\/span><\/li>\n<li><span style=\"color: #0019ff; font-size: 14px;\"><a href=\"http:\/\/purenorth.is\/\" style=\"color: #0019ff;\">Pure North<\/a><\/span><\/li>\n<li><span style=\"color: #0019ff;\"><a href=\"https:\/\/www.trackwell.com\/\" style=\"color: #0019ff;\">Trackwell<\/a><\/span><\/li>\n<li><span style=\"color: #0019ff;\"><\/span><a href=\"https:\/\/www.tracio.is\/\" style=\"font-size: 14px;\"><span style=\"color: #0019ff;\">Tracio<\/span><\/a><\/li>\n<li><span style=\"color: #0019ff;\"><a href=\"https:\/\/www.tero.is\/\" style=\"color: #0019ff;\">Tero<\/a><\/span><\/li>\n<li><span style=\"color: #0019ff; font-size: 14px;\"><a href=\"http:\/\/www.ships.is\/\" style=\"color: #0019ff;\">Saga skipami\u00f0lun<\/a><\/span><\/li>\n<li><span style=\"font-size: 14px;\"><a href=\"http:\/\/skipa.is\/\"><span style=\"color: #0019ff;\">Skipa\u00fej\u00f3nusta \u00cdslands<\/span><\/a><\/span><\/li>\n<li><span style=\"color: #0019ff; font-size: 14px;\"><a href=\"http:\/\/simberg.is\/\" style=\"color: #0019ff;\">Simberg<\/a><\/span><\/li>\n<li><span style=\"color: #0019ff;\"><a href=\"http:\/\/sjorettur.is\/\" style=\"color: #0019ff;\">Sj\u00f3r\u00e9ttur<\/a><\/span><\/li>\n<li><a href=\"https:\/\/www.star-oddi.com\"><span style=\"color: #0019ff;\">Stj\u00f6rnuoddi<\/span><\/a><\/li>\n<li><span style=\"color: #0019ff;\"><a style=\"color: #0019ff;\" href=\"http:\/\/velasalan.is\/\">V\u00e9lasalan<\/a><\/span><\/li>\n<li><a href=\"https:\/\/www.valeska.is\/\"><span style=\"color: #0019ff;\">Velska<\/span><\/a><\/li>\n<li><span style=\"color: #0019ff;\"><a style=\"color: #0019ff;\" href=\"http:\/\/www.vov.is\">Varma og v\u00e9laverk\u00a0<\/a><\/span><\/li>\n<li><span style=\"color: #0019ff;\"><a style=\"color: #0019ff;\" href=\"http:\/\/www.beita.is\/\">Voot beita<\/a><\/span><\/li>\n<li><span style=\"color: #0019ff;\"><a style=\"color: #0019ff;\" href=\"http:\/\/vidskiptahusid.is\/\">Vi\u00f0skiptah\u00fasi\u00f0<\/a><\/span><\/li>\n<\/ul>\n<p>[\/et_pb_tab][\/et_pb_tabs][\/et_pb_column][\/et_pb_row][\/et_pb_section]<\/p>\n","protected":false},"excerpt":{"rendered":"<p>Sj\u00e1var\u00fatvegstenglar &#8211; Vei\u00f0ar Fiskvei\u00f0ar Augustson ehf. Brim hf. Brimberg hf. Dj\u00fapiklettur D\u00f6gun hf. Ektafiskur Eskja hf. Fish Seafood hf. Fiskafur\u00f0ir \u00datger\u00f0 hf. Fiskkaup Fiskvinnslan Drangur\u00a0 Fiski\u00f0jan Bylgjan hf. Gj\u00f6gur hf. Godthaab \u00ed N\u00f6f ehf. GPG Fiskverkun HB Grandi hf. Hamrafell ehf. Gu\u00f0mundur Run\u00f3lfsson H\u00f3lmadrangur ehf. Hra\u00f0frystih\u00fasi\u00f0-Gunnv\u00f6r hf. Icelandic Chinese Products \u00cdsf\u00e9lag Vestmanneyja hf. \u00cdslenskt sj\u00e1varfang [&hellip;]<\/p>\n","protected":false},"author":2,"featured_media":0,"parent":323,"menu_order":0,"comment_status":"closed","ping_status":"closed","template":"","meta":{"_et_pb_use_builder":"on","_et_pb_old_content":"","_et_gb_content_width":"","footnotes":""},"class_list":["post-1613","page","type-page","status-publish","hentry"],"_links":{"self":[{"href":"https:\/\/sjavarutvegur.is\/index.php?rest_route=\/wp\/v2\/pages\/1613","targetHints":{"allow":["GET"]}}],"collection":[{"href":"https:\/\/sjavarutvegur.is\/index.php?rest_route=\/wp\/v2\/pages"}],"about":[{"href":"https:\/\/sjavarutvegur.is\/index.php?rest_route=\/wp\/v2\/types\/page"}],"author":[{"embeddable":true,"href":"https:\/\/sjavarutvegur.is\/index.php?rest_route=\/wp\/v2\/users\/2"}],"replies":[{"embeddable":true,"href":"https:\/\/sjavarutvegur.is\/index.php?rest_route=%2Fwp%2Fv2%2Fcomments&post=1613"}],"version-history":[{"count":24,"href":"https:\/\/sjavarutvegur.is\/index.php?rest_route=\/wp\/v2\/pages\/1613\/revisions"}],"predecessor-version":[{"id":2508,"href":"https:\/\/sjavarutvegur.is\/index.php?rest_route=\/wp\/v2\/pages\/1613\/revisions\/2508"}],"up":[{"embeddable":true,"href":"https:\/\/sjavarutvegur.is\/index.php?rest_route=\/wp\/v2\/pages\/323"}],"wp:attachment":[{"href":"https:\/\/sjavarutvegur.is\/index.php?rest_route=%2Fwp%2Fv2%2Fmedia&parent=1613"}],"curies":[{"name":"wp","href":"https:\/\/api.w.org\/{rel}","templated":true}]}}