{"id":153,"date":"2016-12-18T23:14:54","date_gmt":"2016-12-18T23:14:54","guid":{"rendered":"http:\/\/dev.sjavarutvegur.is\/?page_id=153"},"modified":"2026-01-21T16:23:44","modified_gmt":"2026-01-21T16:23:44","slug":"forsida","status":"publish","type":"page","link":"https:\/\/sjavarutvegur.is\/","title":{"rendered":"Forsida"},"content":{"rendered":"<p>[et_pb_section fb_built=&#8221;1&#8243; fullwidth=&#8221;on&#8221; custom_padding_last_edited=&#8221;on|desktop&#8221; _builder_version=&#8221;4.16&#8243; custom_padding_tablet=&#8221;50px|0|50px|0&#8243; custom_padding_phone=&#8221;0px|0px|0px|0px&#8221; transparent_background=&#8221;off&#8221; padding_mobile=&#8221;off&#8221; global_colors_info=&#8221;{}&#8221;][et_pb_fullwidth_post_slider posts_number=&#8221;4&#8243; more_text=&#8221;Lesa meira&#8221; use_text_overlay=&#8221;off&#8221; show_content_on_mobile=&#8221;off&#8221; _builder_version=&#8221;4.16&#8243; header_font_size=&#8221;54px&#8221; body_font_size=&#8221;26px&#8221; background_color=&#8221;#2ea3f2&#8243; custom_button=&#8221;on&#8221; min_height=&#8221;1000px&#8221; min_height_tablet=&#8221;418px&#8221; min_height_phone=&#8221;&#8221; min_height_last_edited=&#8221;on|phone&#8221; height=&#8221;1000px&#8221; custom_padding=&#8221;||89px|||&#8221; custom_padding_tablet=&#8221;|||&#8221; custom_padding_phone=&#8221;|||&#8221; auto=&#8221;on&#8221; auto_speed=&#8221;4000&#8243; header_font_size_tablet=&#8221;&#8221; header_font_size_phone=&#8221;17px&#8221; header_font_size_last_edited=&#8221;on|phone&#8221; body_font_size_tablet=&#8221;&#8221; body_font_size_phone=&#8221;16&#8243; body_font_size_last_edited=&#8221;on|desktop&#8221; button_text_size_tablet=&#8221;&#8221; button_text_size_phone=&#8221;16px&#8221; button_text_size_last_edited=&#8221;on|phone&#8221; box_shadow_style=&#8221;preset6&#8243; box_shadow_blur=&#8221;10px&#8221; box_shadow_color=&#8221;rgba(0,0,0,0.1)&#8221; remove_inner_shadow=&#8221;off&#8221; hide_content_on_mobile=&#8221;on&#8221; hide_cta_on_mobile=&#8221;off&#8221; show_inner_shadow=&#8221;on&#8221; global_colors_info=&#8221;{}&#8221; button_text_size__hover_enabled=&#8221;off&#8221; button_one_text_size__hover_enabled=&#8221;off&#8221; button_two_text_size__hover_enabled=&#8221;off&#8221; button_text_color__hover_enabled=&#8221;off&#8221; button_one_text_color__hover_enabled=&#8221;off&#8221; button_two_text_color__hover_enabled=&#8221;off&#8221; button_border_width__hover_enabled=&#8221;off&#8221; button_one_border_width__hover_enabled=&#8221;off&#8221; button_two_border_width__hover_enabled=&#8221;off&#8221; button_border_color__hover_enabled=&#8221;off&#8221; button_one_border_color__hover_enabled=&#8221;off&#8221; button_two_border_color__hover_enabled=&#8221;off&#8221; button_border_radius__hover_enabled=&#8221;off&#8221; button_one_border_radius__hover_enabled=&#8221;off&#8221; button_two_border_radius__hover_enabled=&#8221;off&#8221; button_letter_spacing__hover_enabled=&#8221;off&#8221; button_one_letter_spacing__hover_enabled=&#8221;off&#8221; button_two_letter_spacing__hover_enabled=&#8221;off&#8221; button_bg_color__hover_enabled=&#8221;off&#8221; button_one_bg_color__hover_enabled=&#8221;off&#8221; button_two_bg_color__hover_enabled=&#8221;off&#8221;][\/et_pb_fullwidth_post_slider][\/et_pb_section][et_pb_section fb_built=&#8221;1&#8243; specialty=&#8221;on&#8221; custom_padding_last_edited=&#8221;on|desktop&#8221; _builder_version=&#8221;4.16&#8243; background_color=&#8221;rgba(4,0,255,0.02)&#8221; custom_padding=&#8221;17px|0px|0px|0px&#8221; custom_padding_tablet=&#8221;50px|0|50px|0&#8243; custom_padding_phone=&#8221;50px|0px|0px|0px&#8221; transparent_background=&#8221;off&#8221; padding_mobile=&#8221;off&#8221; global_colors_info=&#8221;{}&#8221;][et_pb_column type=&#8221;1_4&#8243; _builder_version=&#8221;4.16&#8243; custom_padding=&#8221;|||&#8221; global_colors_info=&#8221;{}&#8221; parallax__hover=&#8221;off&#8221; parallax_method__hover=&#8221;on&#8221; custom_padding__hover=&#8221;|||&#8221;][et_pb_text _builder_version=&#8221;4.16&#8243; background_size=&#8221;initial&#8221; background_position=&#8221;top_left&#8221; background_repeat=&#8221;repeat&#8221; custom_margin=&#8221;-10px|||&#8221; use_border_color=&#8221;off&#8221; border_style=&#8221;solid&#8221; global_colors_info=&#8221;{}&#8221;]<\/p>\n<h3><strong><span style=\"color: #0000ff;\">Fr\u00e9ttavefir<\/span><\/strong><\/h3>\n<hr \/>\n<p>[\/et_pb_text][\/et_pb_column][et_pb_column type=&#8221;3_4&#8243; specialty_columns=&#8221;3&#8243; _builder_version=&#8221;4.16&#8243; custom_padding=&#8221;|||&#8221; global_colors_info=&#8221;{}&#8221; parallax__hover=&#8221;off&#8221; parallax_method__hover=&#8221;on&#8221; custom_padding__hover=&#8221;|||&#8221;][\/et_pb_column][\/et_pb_section][et_pb_section fb_built=&#8221;1&#8243; specialty=&#8221;on&#8221; _builder_version=&#8221;4.16&#8243; background_color=&#8221;rgba(4,0,255,0.02)&#8221; custom_padding=&#8221;0px|0px|60px|0px&#8221; transparent_background=&#8221;off&#8221; global_colors_info=&#8221;{}&#8221;][et_pb_column type=&#8221;1_4&#8243; _builder_version=&#8221;4.16&#8243; custom_padding=&#8221;|||&#8221; global_colors_info=&#8221;{}&#8221; parallax__hover=&#8221;off&#8221; parallax_method__hover=&#8221;on&#8221; custom_padding__hover=&#8221;|||&#8221;][et_pb_image src=&#8221;https:\/\/sjavarutvegur.is\/wp-content\/uploads\/2016\/12\/200milur-haus-1.png&#8221; url=&#8221;http:\/\/www.mbl.is\/200milur\/&#8221; align_tablet=&#8221;center&#8221; align_phone=&#8221;&#8221; align_last_edited=&#8221;on|desktop&#8221; _builder_version=&#8221;4.16&#8243; custom_margin=&#8221;|30px|||false|false&#8221; animation_style=&#8221;slide&#8221; animation_direction=&#8221;left&#8221; animation_duration=&#8221;500ms&#8221; animation_intensity_slide=&#8221;10%&#8221; use_border_color=&#8221;off&#8221; border_color=&#8221;#ffffff&#8221; border_width=&#8221;1px&#8221; border_style=&#8221;solid&#8221; sticky=&#8221;off&#8221; global_colors_info=&#8221;{}&#8221;][\/et_pb_image][et_pb_image src=&#8221;https:\/\/sjavarutvegur.is\/wp-content\/uploads\/2016\/12\/Fiskifr\u00e9ttir.jpg&#8221; url=&#8221;http:\/\/www.fiskifrettir.is&#8221; align_tablet=&#8221;center&#8221; align_phone=&#8221;&#8221; align_last_edited=&#8221;on|desktop&#8221; _builder_version=&#8221;4.16&#8243; custom_margin=&#8221;|30px|||false|false&#8221; animation_style=&#8221;slide&#8221; animation_direction=&#8221;left&#8221; animation_duration=&#8221;500ms&#8221; animation_intensity_slide=&#8221;10%&#8221; use_border_color=&#8221;off&#8221; border_color=&#8221;#ffffff&#8221; border_width=&#8221;1px&#8221; border_style=&#8221;solid&#8221; sticky=&#8221;off&#8221; global_colors_info=&#8221;{}&#8221;][\/et_pb_image][et_pb_image src=&#8221;https:\/\/sjavarutvegur.is\/wp-content\/uploads\/2019\/11\/audlindin_logo.png&#8221; url=&#8221;https:\/\/audlindin.is\/&#8221; align_tablet=&#8221;center&#8221; align_phone=&#8221;&#8221; align_last_edited=&#8221;on|desktop&#8221; _builder_version=&#8221;4.16&#8243; max_width_tablet=&#8221;&#8221; max_width_phone=&#8221;&#8221; max_width_last_edited=&#8221;on|desktop&#8221; custom_margin=&#8221;|30px|||false|false&#8221; animation_style=&#8221;slide&#8221; animation_direction=&#8221;left&#8221; animation_duration=&#8221;500ms&#8221; animation_intensity_slide=&#8221;10%&#8221; use_border_color=&#8221;off&#8221; border_color=&#8221;#ffffff&#8221; border_width=&#8221;1px&#8221; border_style=&#8221;solid&#8221; sticky=&#8221;off&#8221; global_colors_info=&#8221;{}&#8221;][\/et_pb_image][et_pb_image src=&#8221;https:\/\/sjavarutvegur.is\/wp-content\/uploads\/2019\/11\/ilaksno-logo-ret.png&#8221; url=&#8221;http:\/\/ilaks.no\/&#8221; align_tablet=&#8221;center&#8221; align_phone=&#8221;&#8221; align_last_edited=&#8221;on|desktop&#8221; _builder_version=&#8221;4.16&#8243; custom_margin=&#8221;-20px|30px|||false|false&#8221; animation_style=&#8221;slide&#8221; animation_direction=&#8221;left&#8221; animation_duration=&#8221;500ms&#8221; animation_intensity_slide=&#8221;10%&#8221; use_border_color=&#8221;off&#8221; border_color=&#8221;#ffffff&#8221; border_width=&#8221;1px&#8221; border_style=&#8221;solid&#8221; sticky=&#8221;off&#8221; global_colors_info=&#8221;{}&#8221;][\/et_pb_image][et_pb_testimonial quote_icon_color=&#8221;#004ef7&#8243; admin_label=&#8221;Verkf\u00e6rakista&#8221; _builder_version=&#8221;4.19.5&#8243; body_font=&#8221;Times New Roman||||&#8221; body_font_size=&#8221;20&#8243; background_color=&#8221;#ffffff&#8221; background_size=&#8221;initial&#8221; background_position=&#8221;top_left&#8221; background_repeat=&#8221;repeat&#8221; custom_margin=&#8221;-10px|||&#8221; custom_padding=&#8221;|||&#8221; custom_padding_tablet=&#8221;&#8221; custom_padding_phone=&#8221;&#8221; custom_padding_last_edited=&#8221;on|desktop&#8221; border_width_all=&#8221;1px&#8221; border_color_all=&#8221;#0000ff&#8221; border_style_all=&#8221;solid&#8221; use_border_color=&#8221;on&#8221; border_color=&#8221;#0000ff&#8221; border_style=&#8221;solid&#8221; global_colors_info=&#8221;{}&#8221;]<\/p>\n<h4 style=\"text-align: center;\"><span style=\"color: #000000;\"><strong>Uppl\u00fdsingaveitur<\/strong><\/span><\/h4>\n<ul>\n<li><a href=\"https:\/\/radarinn.is\/\">M\u00e6labor\u00f0 sj\u00e1var\u00fatvegs<\/a><\/li>\n<li><a href=\"https:\/\/www.fiskistofa.is\/maelabord\">M\u00e6labor\u00f0 Fiskistofu<\/a><\/li>\n<li><a href=\"http:\/\/atlas.lmi.is\/mapview\/?application=haf\" target=\"_blank\" rel=\"noopener\">Hafsj\u00e1<\/a><\/li>\n<li><a href=\"https:\/\/www.hafogvatn.is\/is\/sjavardyr\">Sj\u00e1varl\u00edfverur<\/a><\/li>\n<li><a href=\"https:\/\/facts-of-seafood-26e43.web.app\/\"><span>Facts of Seafood<\/span><\/a><\/li>\n<li><a href=\"https:\/\/www.mast.is\/is\/maelabord-fiskeldis\">M\u00e6labor\u00f0 fiskeldis<\/a><\/li>\n<\/ul>\n<p>[\/et_pb_testimonial][\/et_pb_column][et_pb_column type=&#8221;1_2&#8243; specialty_columns=&#8221;2&#8243; _builder_version=&#8221;4.16&#8243; custom_padding=&#8221;|||&#8221; global_colors_info=&#8221;{}&#8221; parallax__hover=&#8221;off&#8221; parallax_method__hover=&#8221;on&#8221; custom_padding__hover=&#8221;|||&#8221;][et_pb_row_inner admin_label=&#8221;Row&#8221; _builder_version=&#8221;4.16&#8243; custom_padding=&#8221;15px|0px|30px|0px&#8221; global_colors_info=&#8221;{}&#8221;][et_pb_column_inner saved_specialty_column_type=&#8221;1_2&#8243; _builder_version=&#8221;4.16&#8243; custom_padding=&#8221;|||&#8221; global_colors_info=&#8221;{}&#8221; parallax__hover=&#8221;off&#8221; parallax_method__hover=&#8221;on&#8221; custom_padding__hover=&#8221;|||&#8221;][et_pb_text admin_label=&#8221;vi\u00f0bur\u00f0ir&#8221; _builder_version=&#8221;4.16&#8243; background_size=&#8221;initial&#8221; background_position=&#8221;top_left&#8221; background_repeat=&#8221;repeat&#8221; custom_margin=&#8221;|||&#8221; use_border_color=&#8221;off&#8221; border_style=&#8221;solid&#8221; global_colors_info=&#8221;{}&#8221;]<\/p>\n<h4><strong><span style=\"color: #000080;\">Vi\u00f0bur\u00f0ir \u00ed sj\u00e1var\u00fatvegi<\/span><\/strong><\/h4>\n<hr \/>\n<p>[\/et_pb_text][et_pb_accordion _builder_version=&#8221;4.24.0&#8243; use_border_color=&#8221;off&#8221; border_color=&#8221;#ffffff&#8221; border_style=&#8221;solid&#8221; global_colors_info=&#8221;{}&#8221;][et_pb_accordion_item title=&#8221;H\u00e1t\u00ed\u00f0 hafsins &#8221; icon_color=&#8221;#4f00fc&#8221; _builder_version=&#8221;4.16&#8243; background_size=&#8221;initial&#8221; background_position=&#8221;top_left&#8221; background_repeat=&#8221;repeat&#8221; global_colors_info=&#8221;{}&#8221; open=&#8221;off&#8221;] <a href=\"http:\/\/hatidhafsins.is\/\">H\u00e1t\u00ed\u00f0 hafsins.\u00a0<\/a> \u00deeir sem standa a\u00f0 baki h\u00e1t\u00ed\u00f0arinnar eru Faxafl\u00f3ahafnir og Sj\u00f3mannadagsr\u00e1\u00f0. H\u00e1t\u00ed\u00f0in samanstendur af tveimur h\u00e1t\u00ed\u00f0ard\u00f6gum, Hafnardeginum sem haldinn er \u00e1 laugardeginum og Sj\u00f3mannadeginum, sem haldinn er \u00e1 sunnudeginum. [\/et_pb_accordion_item][et_pb_accordion_item title=&#8221;Franskir dagar&#8221; icon_color=&#8221;#4600f9&#8243; _builder_version=&#8221;4.16&#8243; background_size=&#8221;initial&#8221; background_position=&#8221;top_left&#8221; background_repeat=&#8221;repeat&#8221; global_colors_info=&#8221;{}&#8221; open=&#8221;off&#8221;] <a href=\"http:\/\/www.franskirdagar.com\/\">Franskir dagar<\/a> \u00e1 F\u00e1skr\u00fa\u00f0sfir\u00f0i. [\/et_pb_accordion_item][et_pb_accordion_item title=&#8221;Sj\u00e1var\u00fatvegsr\u00e1\u00f0stefnan\u00a0&#8221; open=&#8221;on&#8221; open_toggle_background_color=&#8221;rgba(252,252,252,0.58)&#8221; icon_color=&#8221;#283aff&#8221; _builder_version=&#8221;4.16&#8243; background_size=&#8221;initial&#8221; background_position=&#8221;top_left&#8221; background_repeat=&#8221;repeat&#8221; use_border_color=&#8221;off&#8221; border_color=&#8221;#ffffff&#8221; border_width=&#8221;1px&#8221; border_style=&#8221;solid&#8221; global_colors_info=&#8221;{}&#8221;]<\/p>\n<p>N\u00e1nari uppl\u00fdsingar er a\u00f0 finna \u00e1 <a href=\"http:\/\/sjavarutvegsradstefnan.is\/\">vef r\u00e1\u00f0stefnunnar<\/a>.<\/p>\n<p>[\/et_pb_accordion_item][\/et_pb_accordion][\/et_pb_column_inner][\/et_pb_row_inner][et_pb_row_inner _builder_version=&#8221;4.24.0&#8243; _module_preset=&#8221;default&#8221; global_colors_info=&#8221;{}&#8221;][et_pb_column_inner saved_specialty_column_type=&#8221;1_2&#8243; _builder_version=&#8221;4.24.0&#8243; _module_preset=&#8221;default&#8221; global_colors_info=&#8221;{}&#8221;][et_pb_button button_url=&#8221;https:\/\/sjavarutvegur.is\/?page_id=1017&#8243; button_text=&#8221;H\u00e9r er h\u00e6gt a\u00f0 s\u00e6kja greinar\/sk\u00fdrslur &#8221; _builder_version=&#8221;4.24.0&#8243; _module_preset=&#8221;default&#8221; global_colors_info=&#8221;{}&#8221;][\/et_pb_button][\/et_pb_column_inner][\/et_pb_row_inner][\/et_pb_column][et_pb_column type=&#8221;1_4&#8243; _builder_version=&#8221;4.16&#8243; custom_padding=&#8221;|||&#8221; global_colors_info=&#8221;{}&#8221; parallax__hover=&#8221;off&#8221; parallax_method__hover=&#8221;on&#8221; custom_padding__hover=&#8221;|||&#8221;][et_pb_image src=&#8221;https:\/\/sjavarutvegur.is\/wp-content\/uploads\/2019\/01\/S\u00daR-2018-profil-mynd.jpg&#8221; url=&#8221;http:\/\/sjavarutvegsradstefnan.is\/&#8221; align_tablet=&#8221;center&#8221; align_phone=&#8221;&#8221; align_last_edited=&#8221;on|desktop&#8221; disabled_on=&#8221;on||off&#8221; admin_label=&#8221;Sj\u00e1var\u00fatvegsr\u00e1\u00f0stefnan&#8221; _builder_version=&#8221;4.16&#8243; custom_margin=&#8221;|||&#8221; animation_style=&#8221;slide&#8221; animation_direction=&#8221;left&#8221; animation_duration=&#8221;500ms&#8221; animation_intensity_slide=&#8221;10%&#8221; use_border_color=&#8221;off&#8221; border_color=&#8221;#2100ff&#8221; border_width=&#8221;1px&#8221; border_style=&#8221;solid&#8221; sticky=&#8221;off&#8221; global_colors_info=&#8221;{}&#8221;][\/et_pb_image][et_pb_text disabled_on=&#8221;on||&#8221; admin_label=&#8221;Lagareldi.is&#8221; _builder_version=&#8221;4.16&#8243; background_size=&#8221;initial&#8221; background_position=&#8221;top_left&#8221; background_repeat=&#8221;repeat&#8221; custom_margin=&#8221;||-40px|-40px&#8221; use_border_color=&#8221;off&#8221; border_style=&#8221;solid&#8221; global_colors_info=&#8221;{}&#8221;]<\/p>\n<h1><a href=\"http:\/\/www.lagareldi.is\"><img loading=\"lazy\" decoding=\"async\" class=\"wp-image-477 alignnone size-medium\" src=\"wp-content\/uploads\/2016\/12\/400dpiLogo-300x181.png\" alt=\"\" width=\"300\" height=\"181\" srcset=\"https:\/\/sjavarutvegur.is\/wp-content\/uploads\/2016\/12\/400dpiLogo-300x181.png 300w, https:\/\/sjavarutvegur.is\/wp-content\/uploads\/2016\/12\/400dpiLogo-768x464.png 768w, https:\/\/sjavarutvegur.is\/wp-content\/uploads\/2016\/12\/400dpiLogo-1024x619.png 1024w, https:\/\/sjavarutvegur.is\/wp-content\/uploads\/2016\/12\/400dpiLogo-1080x652.png 1080w\" sizes=\"(max-width: 300px) 100vw, 300px\" \/><\/a><\/h1>\n<p>[\/et_pb_text][et_pb_text _builder_version=&#8221;4.24.0&#8243; _module_preset=&#8221;default&#8221; custom_padding=&#8221;||0px|||&#8221; global_colors_info=&#8221;{}&#8221;][\/et_pb_text][et_pb_image src=&#8221;https:\/\/sjavarutvegur.is\/wp-content\/uploads\/2020\/04\/IMG_1241.jpg&#8221; url=&#8221;https:\/\/www.facebook.com\/www.lagareldi.is\/&#8221; _builder_version=&#8221;4.16&#8243; global_colors_info=&#8221;{}&#8221;][\/et_pb_image][\/et_pb_column][\/et_pb_section]<\/p>\n","protected":false},"excerpt":{"rendered":"<p>Fr\u00e9ttavefir Uppl\u00fdsingaveitur M\u00e6labor\u00f0 sj\u00e1var\u00fatvegs M\u00e6labor\u00f0 Fiskistofu Hafsj\u00e1 Sj\u00e1varl\u00edfverur Facts of Seafood M\u00e6labor\u00f0 fiskeldis Vi\u00f0bur\u00f0ir \u00ed sj\u00e1var\u00fatvegi H\u00e1t\u00ed\u00f0 hafsins.\u00a0 \u00deeir sem standa a\u00f0 baki h\u00e1t\u00ed\u00f0arinnar eru Faxafl\u00f3ahafnir og Sj\u00f3mannadagsr\u00e1\u00f0. H\u00e1t\u00ed\u00f0in samanstendur af tveimur h\u00e1t\u00ed\u00f0ard\u00f6gum, Hafnardeginum sem haldinn er \u00e1 laugardeginum og Sj\u00f3mannadeginum, sem haldinn er \u00e1 sunnudeginum. Franskir dagar \u00e1 F\u00e1skr\u00fa\u00f0sfir\u00f0i. N\u00e1nari uppl\u00fdsingar er a\u00f0 finna [&hellip;]<\/p>\n","protected":false},"author":2,"featured_media":0,"parent":0,"menu_order":0,"comment_status":"closed","ping_status":"closed","template":"","meta":{"_et_pb_use_builder":"on","_et_pb_old_content":"","_et_gb_content_width":"","footnotes":""},"class_list":["post-153","page","type-page","status-publish","hentry"],"_links":{"self":[{"href":"https:\/\/sjavarutvegur.is\/index.php?rest_route=\/wp\/v2\/pages\/153","targetHints":{"allow":["GET"]}}],"collection":[{"href":"https:\/\/sjavarutvegur.is\/index.php?rest_route=\/wp\/v2\/pages"}],"about":[{"href":"https:\/\/sjavarutvegur.is\/index.php?rest_route=\/wp\/v2\/types\/page"}],"author":[{"embeddable":true,"href":"https:\/\/sjavarutvegur.is\/index.php?rest_route=\/wp\/v2\/users\/2"}],"replies":[{"embeddable":true,"href":"https:\/\/sjavarutvegur.is\/index.php?rest_route=%2Fwp%2Fv2%2Fcomments&post=153"}],"version-history":[{"count":320,"href":"https:\/\/sjavarutvegur.is\/index.php?rest_route=\/wp\/v2\/pages\/153\/revisions"}],"predecessor-version":[{"id":3100,"href":"https:\/\/sjavarutvegur.is\/index.php?rest_route=\/wp\/v2\/pages\/153\/revisions\/3100"}],"wp:attachment":[{"href":"https:\/\/sjavarutvegur.is\/index.php?rest_route=%2Fwp%2Fv2%2Fmedia&parent=153"}],"curies":[{"name":"wp","href":"https:\/\/api.w.org\/{rel}","templated":true}]}}