{"id":1399,"date":"2017-01-14T13:27:57","date_gmt":"2017-01-14T13:27:57","guid":{"rendered":"https:\/\/sjavarutvegur.is\/?page_id=1399"},"modified":"2018-10-16T20:37:49","modified_gmt":"2018-10-16T20:37:49","slug":"aflamedhondlun","status":"publish","type":"page","link":"https:\/\/sjavarutvegur.is\/?page_id=1399","title":{"rendered":"Aflame\u00f0h\u00f6ndlun"},"content":{"rendered":"<p>[et_pb_section fb_built=&#8221;1&#8243; admin_label=&#8221;section&#8221; _builder_version=&#8221;3.0.74&#8243; background_color=&#8221;rgba(4,0,255,0.02)&#8221; custom_padding=&#8221;27px|0px|2px|0px&#8221; transparent_background=&#8221;off&#8221;][et_pb_row custom_padding=&#8221;30px|0px|0px|0px&#8221; admin_label=&#8221;row&#8221; _builder_version=&#8221;3.0.47&#8243; background_size=&#8221;initial&#8221; background_position=&#8221;top_left&#8221; background_repeat=&#8221;repeat&#8221;][et_pb_column type=&#8221;4_4&#8243; _builder_version=&#8221;3.0.47&#8243; parallax=&#8221;off&#8221; parallax_method=&#8221;on&#8221;][et_pb_text admin_label=&#8221;Text&#8221; _builder_version=&#8221;3.0.87&#8243; background_size=&#8221;initial&#8221; background_position=&#8221;top_left&#8221; background_repeat=&#8221;repeat&#8221; use_border_color=&#8221;off&#8221; border_style=&#8221;solid&#8221;]<\/p>\n<h2><span style=\"color: #0000ff;\"><strong>Aflame\u00f0h\u00f6ndlun<\/strong><\/span><\/h2>\n<hr \/>\n<p>&nbsp;<br \/>\n[\/et_pb_text][\/et_pb_column][\/et_pb_row][\/et_pb_section][et_pb_section fb_built=&#8221;1&#8243; specialty=&#8221;on&#8221; admin_label=&#8221;Section&#8221; _builder_version=&#8221;3.0.74&#8243; background_color=&#8221;rgba(4,0,255,0.02)&#8221; custom_padding=&#8221;0px|0px|60px|0px&#8221; transparent_background=&#8221;off&#8221;][et_pb_column type=&#8221;1_4&#8243; _builder_version=&#8221;3.0.47&#8243; parallax=&#8221;off&#8221; parallax_method=&#8221;on&#8221;][et_pb_gallery gallery_ids=&#8221;1421,1422,1423,1424,1425,1443,1442,1441,1440,1439,1438,1437,1436&#8243; fullwidth=&#8221;on&#8221; admin_label=&#8221;Gallery&#8221; _builder_version=&#8221;3.0.87&#8243; auto=&#8221;on&#8221; auto_speed=&#8221;3000&#8243; use_border_color=&#8221;off&#8221; border_color=&#8221;#ffffff&#8221; border_style=&#8221;solid&#8221;] [\/et_pb_gallery][\/et_pb_column][et_pb_column type=&#8221;1_2&#8243; specialty_columns=&#8221;2&#8243; _builder_version=&#8221;3.0.47&#8243; parallax=&#8221;off&#8221; parallax_method=&#8221;on&#8221;][et_pb_row_inner custom_padding=&#8221;3px|0px|15px|0px&#8221; admin_label=&#8221;Row&#8221; _builder_version=&#8221;3.0.47&#8243;][et_pb_column_inner type=&#8221;1_2&#8243; saved_specialty_column_type=&#8221;1_2&#8243; _builder_version=&#8221;3.0.47&#8243; parallax=&#8221;off&#8221; parallax_method=&#8221;on&#8221;][et_pb_image src=&#8221;https:\/\/sjavarutvegur.is\/wp-content\/uploads\/2016\/12\/handbok.png&#8221; show_in_lightbox=&#8221;on&#8221; admin_label=&#8221;aflab\u00f3k&#8221; _builder_version=&#8221;3.0.87&#8243; border_width_all=&#8221;2px&#8221; border_color_all=&#8221;#2400f4&#8243; border_style_all=&#8221;solid&#8221; animation_style=&#8221;slide&#8221; animation_direction=&#8221;left&#8221; animation_duration=&#8221;500ms&#8221; animation_intensity_slide=&#8221;10%&#8221; use_border_color=&#8221;on&#8221; border_color=&#8221;#2400f4&#8243; border_width=&#8221;2px&#8221; border_style=&#8221;solid&#8221; sticky=&#8221;off&#8221;] [\/et_pb_image][\/et_pb_column_inner][et_pb_column_inner type=&#8221;1_2&#8243; saved_specialty_column_type=&#8221;1_2&#8243; _builder_version=&#8221;3.0.47&#8243; parallax=&#8221;off&#8221; parallax_method=&#8221;on&#8221;][et_pb_text admin_label=&#8221;Text&#8221; _builder_version=&#8221;3.0.87&#8243; background_size=&#8221;initial&#8221; background_position=&#8221;top_left&#8221; background_repeat=&#8221;repeat&#8221; use_border_color=&#8221;off&#8221; border_style=&#8221;solid&#8221;]<a href=\"https:\/\/sjavarutvegur.is\/wp-content\/uploads\/2016\/12\/VIG2001-medhondlunafiski.pdf\">Me\u00f0h\u00f6ndlun \u00e1 fiski um bor\u00f0 \u00ed fiskiskipum<\/a> gefur gott yfirlit yfir hvernig best er a\u00f0 me\u00f0h\u00f6ndla afla vi\u00f0 mismunandi vei\u00f0ar. H\u00e6gt er a\u00f0 n\u00e1 \u00ed b\u00f3kina \u00ed heild sinni me\u00f0 \u00fev\u00ed a\u00f0 \u00edta \u00e1 myndina til vinstri og einstaka kafla h\u00e9r a\u00f0 ne\u00f0an.<br \/>\n[\/et_pb_text][\/et_pb_column_inner][\/et_pb_row_inner][et_pb_row_inner custom_padding=&#8221;4px|0px|30px|0px&#8221; admin_label=&#8221;Row&#8221; _builder_version=&#8221;3.0.47&#8243;][et_pb_column_inner type=&#8221;4_4&#8243; saved_specialty_column_type=&#8221;1_2&#8243; _builder_version=&#8221;3.0.47&#8243; parallax=&#8221;off&#8221; parallax_method=&#8221;on&#8221;][et_pb_text admin_label=&#8221;Text&#8221; _builder_version=&#8221;3.0.87&#8243; background_color=&#8221;rgba(232,232,232,0.17)&#8221; background_size=&#8221;initial&#8221; background_position=&#8221;top_left&#8221; background_repeat=&#8221;repeat&#8221; border_width_all=&#8221;2px&#8221; border_color_all=&#8221;#0c00f9&#8243; border_style_all=&#8221;solid&#8221; custom_padding=&#8221;20px|20px|20px|20px&#8221; use_border_color=&#8221;on&#8221; border_color=&#8221;#0c00f9&#8243; border_width=&#8221;2px&#8221; border_style=&#8221;solid&#8221;]<\/p>\n<h4 style=\"text-align: center;\"><span style=\"color: #006ac1;\"><strong>Me\u00f0h\u00f6ndlun \u00e1 fiski um bor\u00f0 \u00ed fiskiskipum<\/strong><\/span><\/h4>\n<h6 style=\"text-align: center;\"><span style=\"color: #006ac1; font-size: small;\"><b><span lang=\"EN-GB\">Kaflar \u00ed b\u00f3kinni til \u00fatprentunar<\/span><\/b><\/span><\/h6>\n<p><a href=\"http:\/\/old.sjavarutvegur.is\/pdf\/fordsida.pdf\"><span style=\"font-size: small;\">Fors\u00ed\u00f0a <\/span><\/a><span style=\"font-size: small;\">(146 kb) (pdf skjal)<\/span><\/p>\n<p><a href=\"http:\/\/old.sjavarutvegur.is\/pdf\/formali%20og%20efnisyfirlit.pdf\"><span style=\"font-size: small;\">Form\u00e1li og efnisyfirlit<\/span><\/a><span style=\"font-size: small;\"> (29 kb) (pdf skjal)<\/span><\/p>\n<p><a href=\"http:\/\/old.sjavarutvegur.is\/pdf\/kafli1.pdf\"><span style=\"font-size: small;\">1. kafli\u00a0\u00a0\u00a0 Inngangur<\/span><\/a><span style=\"font-size: small;\"> (186 kb) (pdf skjal)<\/span><\/p>\n<p><a href=\"http:\/\/old.sjavarutvegur.is\/pdf\/kafli2.pdf\"><span style=\"font-size: small;\">2. kafli\u00a0\u00a0 Hr\u00e1efni<\/span><\/a><span style=\"font-size: small;\"> (444 kb) (pdf skjal)<\/span><\/p>\n<p><a href=\"http:\/\/old.sjavarutvegur.is\/pdf\/kafli3.pdf\"><span style=\"font-size: small;\">3. kafli\u00a0\u00a0 Vei\u00f0i og hr\u00e1efnisg\u00e6\u00f0i <\/span><\/a><span style=\"font-size: small;\">(559 kb)\u00a0 (pdf skjal)<\/span><\/p>\n<p><a href=\"http:\/\/old.sjavarutvegur.is\/pdf\/kafli4.pdf\"><span style=\"font-size: small;\">4. kafli\u00a0\u00a0 Me\u00f0h\u00f6ndlun hr\u00e1efnis \u00e1 vinnsludekki<\/span><\/a><span style=\"font-size: small;\"> (1 mb) (pdf skjal)<\/span><\/p>\n<p><a href=\"http:\/\/old.sjavarutvegur.is\/pdf\/kafli5v.pdf\"><span style=\"font-size: small;\">5. kafli\u00a0\u00a0 Framlei\u00f0sla og geymsla \u00e1 \u00eds <\/span><\/a><span style=\"font-size: small;\">(760 kb)\u00a0\u00a0 (pdf skjal)<\/span><\/p>\n<p><a href=\"http:\/\/old.sjavarutvegur.is\/pdf\/kafli6.pdf\"><span style=\"font-size: small;\">6. kafli\u00a0\u00a0 K\u00e6ling<\/span><\/a><span style=\"font-size: small;\"> (665 kb)\u00a0 (pdf skjal)<\/span><\/p>\n<p><a href=\"http:\/\/old.sjavarutvegur.is\/pdf\/kafli7x.pdf\"><span style=\"font-size: small;\">7. kafli\u00a0\u00a0 Fr\u00e1gangur og geymsla \u00e1 fiski <\/span><\/a><span style=\"font-size: small;\">(750 kb)\u00a0 (pdf skjal)<\/span><\/p>\n<p><a href=\"http:\/\/old.sjavarutvegur.is\/pdf\/kafli8.pdf\"><span style=\"font-size: small;\">8. kafli\u00a0\u00a0 G\u00e6\u00f0am\u00e1l<\/span><\/a><span style=\"font-size: small;\"> (151 kb) (pdf skjal)<\/span><\/p>\n<p><a href=\"http:\/\/old.sjavarutvegur.is\/pdf\/kafli9-of%20stor.pdf\"><span style=\"font-size: small;\">9. kafli\u00a0\u00a0 Hreinl\u00e6tism\u00e1l<\/span><\/a><span style=\"font-size: small;\"> (1.4 mb) (pdf skjal)<\/span><\/p>\n<p><a href=\"http:\/\/old.sjavarutvegur.is\/pdf\/kafli10.pdf\"><span style=\"font-size: small;\">10. kafli L\u00f6ndun og mat<\/span><\/a><span style=\"font-size: small;\"> (57 kb) (pdf skjal)<\/span><\/p>\n<p><a href=\"http:\/\/old.sjavarutvegur.is\/pdf\/kafli11x.pdf\"><span style=\"font-size: small;\">11. kafli Vei\u00f0ar og me\u00f0h\u00f6ndlun uppsj\u00e1varfiska\u00a0<\/span><\/a><span style=\"font-size: small;\"> (303 kb)\u00a0 (pdf skjal)<\/span><\/p>\n<p><a href=\"http:\/\/old.sjavarutvegur.is\/pdf\/kafli12.pdf\"><span style=\"font-size: small;\">12. kafli Vei\u00f0ar og me\u00f0h\u00f6ndlun \u00e1 r\u00e6kju<\/span><\/a><span style=\"font-size: small;\"> (623 kb) (pdf skjal)<\/span><\/p>\n<p><a href=\"http:\/\/old.sjavarutvegur.is\/pdf\/kafli13.pdf\"><span style=\"font-size: small;\">13. kafli Vei\u00f0ar og me\u00f0h\u00f6ndlun \u00e1 humri<\/span><\/a><span style=\"font-size: small;\"> (187 kb) (pdf skjal)<\/span><\/p>\n<p><a href=\"http:\/\/old.sjavarutvegur.is\/pdf\/kafli14.pdf\"><span style=\"font-size: small;\">14. kafli Vei\u00f0ar og me\u00f0h\u00f6ndlun samloka<\/span><\/a><span style=\"font-size: small;\"> (470 kb) (pdf skjal)<\/span><\/p>\n<p><a href=\"http:\/\/old.sjavarutvegur.is\/pdf\/kafli15a.pdf\"><span style=\"font-size: small;\">15 kafli Heimildir og \u00edtarefni<\/span><\/a><span style=\"font-size: small;\"> (39 kb) (pdf skjal)<\/span><\/p>\n<p><a href=\"http:\/\/old.sjavarutvegur.is\/pdf\/vidauki1.pdf\"><span style=\"font-size: small;\">Vi\u00f0auki 1.\u00a0 Vei\u00f0ar og eldi \u00e1 villtum fiski<\/span><\/a><span style=\"font-size: small;\"> (90 kb) (pdf skjal)<\/span><\/p>\n<p><a href=\"http:\/\/old.sjavarutvegur.is\/pdf\/vidauki2.pdf\"><span style=\"font-size: small;\">Vi\u00f0auki 2.\u00a0 Sl\u00e1trun \u00e1 eldisfiski<\/span><\/a><span style=\"font-size: small;\"> (177 kb) (pdf skjal)<\/span><\/p>\n<p><a href=\"http:\/\/old.sjavarutvegur.is\/pdf\/Vidauki3.pdf\"><span style=\"font-size: small;\">Vi\u00f0auki 3.\u00a0 P\u00f6kkun \u00e1 heilum fiski<\/span><\/a><span style=\"font-size: small;\"> (335 kb) (pdf skjal)<\/span><\/p>\n<p><a href=\"http:\/\/old.sjavarutvegur.is\/pdf\/vidauki4.pdf\"><span style=\"font-size: small;\">Vi\u00f0auki 4.\u00a0 Bolfiskhrogn og lifur<\/span><\/a><span style=\"font-size: small;\"> (202 kb) (pdf skjal)<\/span><\/p>\n<p><a href=\"http:\/\/old.sjavarutvegur.is\/pdf\/vidauki5.pdf\"><span style=\"font-size: small;\">Vi\u00f0auki 5.\u00a0 B\u00fana\u00f0ur og skipulag \u00ed st\u00e6rri skipum<\/span><\/a><span style=\"font-size: small;\"> (454 kb) (pdf skjal)<\/span><\/p>\n<p><a href=\"http:\/\/old.sjavarutvegur.is\/pdf\/vidauki6.pdf\"><span style=\"font-size: small;\">Vi\u00f0auki 6.\u00a0 B\u00fana\u00f0ur og skipulag \u00ed b\u00e1tum<\/span><\/a><span style=\"font-size: small;\"> (258 kb) (pdf skjal)<\/span><\/p>\n<p><a href=\"http:\/\/old.sjavarutvegur.is\/pdf\/vidauki7.pdf\"><span style=\"font-size: small;\">Vi\u00f0auki 7.\u00a0 \u00cdl\u00e1t<\/span><\/a><span style=\"font-size: small;\"> (438 kb) (pdf skjal)<\/span><\/p>\n<p><a href=\"http:\/\/old.sjavarutvegur.is\/pdf\/vidauki8.pdf\"><span style=\"font-size: small;\">Vi\u00f0auki 8.\u00a0 K\u00e6ling &#8211; fr\u00e6\u00f0i<\/span><\/a><span style=\"font-size: small;\"> (24 kb) (pdf skjal)<\/span><\/p>\n<p><a href=\"http:\/\/old.sjavarutvegur.is\/pdf\/vidauki9.pdf\"><span style=\"font-size: small;\">Vi\u00f0auki 9.\u00a0 Hreinl\u00e6tisey\u00f0ubla\u00f0<\/span><\/a><span style=\"font-size: small;\"> (11 kb) (pdf skjal)<\/span><\/p>\n<p><a href=\"http:\/\/old.sjavarutvegur.is\/pdf\/vidauki10.pdf\"><span style=\"font-size: small;\">Vi\u00f0auki 10. Lestarkort<\/span><\/a><span style=\"font-size: small;\"> (11 kb) (pdf skjal)<\/span><\/p>\n<p><a href=\"http:\/\/old.sjavarutvegur.is\/pdf\/vidauki11.pdf\"><span style=\"font-size: small;\">Vi\u00f0auki 11. Vinnureglur fyrir togvei\u00f0iskip<\/span><\/a><span style=\"font-size: small;\"> (11 kb) (pdf skjal)<\/span><\/p>\n<p><a href=\"http:\/\/old.sjavarutvegur.is\/pdf\/vidauki12.pdf\"><span style=\"font-size: small;\">Vi\u00f0auki 12. Mat \u00e1 fr\u00e1gangi hr\u00e1efnis<\/span><\/a><span style=\"font-size: small;\"> (357 kb) (pdf skjal)<\/span><\/p>\n<p>[\/et_pb_text][\/et_pb_column_inner][et_pb_column_inner type=&#8221;4_4&#8243; saved_specialty_column_type=&#8221;1_2&#8243; _builder_version=&#8221;3.0.47&#8243; parallax=&#8221;off&#8221; parallax_method=&#8221;on&#8221;][\/et_pb_column_inner][\/et_pb_row_inner][\/et_pb_column][et_pb_column type=&#8221;1_4&#8243; _builder_version=&#8221;3.0.47&#8243; parallax=&#8221;off&#8221; parallax_method=&#8221;on&#8221;][et_pb_testimonial quote_icon_color=&#8221;#000cff&#8221; admin_label=&#8221;Testimonial&#8221; _builder_version=&#8221;3.2&#8243; background_color=&#8221;#ffffff&#8221; background_size=&#8221;initial&#8221; background_position=&#8221;top_left&#8221; background_repeat=&#8221;repeat&#8221; border_width_all=&#8221;1px&#8221; border_color_all=&#8221;#001cf7&#8243; border_style_all=&#8221;solid&#8221; use_border_color=&#8221;on&#8221; border_color=&#8221;#001cf7&#8243; border_style=&#8221;solid&#8221;]<\/p>\n<p><strong>Aflame\u00f0h\u00f6ndlun<\/strong><\/p>\n<ul>\n<li><a href=\"http:\/\/www.kaeligatt.is\/\">K\u00e6lig\u00e1tt<\/a><\/li>\n<\/ul>\n<p>[\/et_pb_testimonial][\/et_pb_column][\/et_pb_section]<\/p>\n","protected":false},"excerpt":{"rendered":"<p>Aflame\u00f0h\u00f6ndlun &nbsp; Me\u00f0h\u00f6ndlun \u00e1 fiski um bor\u00f0 \u00ed fiskiskipum gefur gott yfirlit yfir hvernig best er a\u00f0 me\u00f0h\u00f6ndla afla vi\u00f0 mismunandi vei\u00f0ar. H\u00e6gt er a\u00f0 n\u00e1 \u00ed b\u00f3kina \u00ed heild sinni me\u00f0 \u00fev\u00ed a\u00f0 \u00edta \u00e1 myndina til vinstri og einstaka kafla h\u00e9r a\u00f0 ne\u00f0an. Me\u00f0h\u00f6ndlun \u00e1 fiski um bor\u00f0 \u00ed fiskiskipum Kaflar \u00ed b\u00f3kinni [&hellip;]<\/p>\n","protected":false},"author":2,"featured_media":0,"parent":457,"menu_order":0,"comment_status":"closed","ping_status":"closed","template":"","meta":{"_et_pb_use_builder":"on","_et_pb_old_content":"","_et_gb_content_width":"","footnotes":""},"class_list":["post-1399","page","type-page","status-publish","hentry"],"_links":{"self":[{"href":"https:\/\/sjavarutvegur.is\/index.php?rest_route=\/wp\/v2\/pages\/1399","targetHints":{"allow":["GET"]}}],"collection":[{"href":"https:\/\/sjavarutvegur.is\/index.php?rest_route=\/wp\/v2\/pages"}],"about":[{"href":"https:\/\/sjavarutvegur.is\/index.php?rest_route=\/wp\/v2\/types\/page"}],"author":[{"embeddable":true,"href":"https:\/\/sjavarutvegur.is\/index.php?rest_route=\/wp\/v2\/users\/2"}],"replies":[{"embeddable":true,"href":"https:\/\/sjavarutvegur.is\/index.php?rest_route=%2Fwp%2Fv2%2Fcomments&post=1399"}],"version-history":[{"count":22,"href":"https:\/\/sjavarutvegur.is\/index.php?rest_route=\/wp\/v2\/pages\/1399\/revisions"}],"predecessor-version":[{"id":1980,"href":"https:\/\/sjavarutvegur.is\/index.php?rest_route=\/wp\/v2\/pages\/1399\/revisions\/1980"}],"up":[{"embeddable":true,"href":"https:\/\/sjavarutvegur.is\/index.php?rest_route=\/wp\/v2\/pages\/457"}],"wp:attachment":[{"href":"https:\/\/sjavarutvegur.is\/index.php?rest_route=%2Fwp%2Fv2%2Fmedia&parent=1399"}],"curies":[{"name":"wp","href":"https:\/\/api.w.org\/{rel}","templated":true}]}}